{"id":31261,"date":"2024-03-24T19:57:23","date_gmt":"2024-03-24T19:57:23","guid":{"rendered":"https:\/\/chilimag.hu\/webshop\/?post_type=product&#038;p=31261"},"modified":"2026-03-21T20:23:37","modified_gmt":"2026-03-21T20:23:37","slug":"goji-bogyo-florian-bg","status":"publish","type":"product","link":"https:\/\/chilimag.hu\/webshop\/termek\/goji-bogyo-florian-bg\/","title":{"rendered":"Goji bogy\u00f3 Florian Bg"},"content":{"rendered":"","protected":false},"excerpt":{"rendered":"<p><img decoding=\"async\" class=\"img-inline\" src=\"https:\/\/brcci.eu\/cache\/thumbnails\/12ecd0e6e419f1b9b1484ef02ad361979dd8e054\/1a6c5e1406ad462ca86d17b2800862d7f837862c-829875ad0a268b741b7edd818ffce098.png\" alt=\"FLORIAN OOD\" \/><\/p>\n<p>Le\u00edr\u00e1s<\/p>\n<p>\u00c9vel\u0151 cserj\u00e9k, sz\u00e1razs\u00e1gnak ellen\u00e1ll\u00f3. A teny\u00e9szetet pal\u00e1nt\u00e1k alapozz\u00e1k meg, amelyeket 6-8 leveln\u00e9l cser\u00e9pbe \u00fcltetnek \u00e1t. \u0150sszel az eg\u00e9szs\u00e9ges, 25-30 cm magas pal\u00e1nt\u00e1kat \u00e1lland\u00f3 hely\u00fckre \u00fcltetj\u00fck. 2-3 \u00e9v m\u00falva ker\u00fcl gy\u00e1rt\u00e1sba. Felhaszn\u00e1l\u00e1s: gy\u00f3gyszer, immunrendszer er\u0151s\u00edt\u00e9s\u00e9re, vitaminokat \u00e9s antioxid\u00e1nsokat tartalmaz.<\/p>\n<p>Magok sz\u00e1ma csomagonk\u00e9nt: 50 mag (0,2 gr)<\/p>\n<p>A magvak cs\u00edr\u00e1z\u00e1sa<\/p>\n<p>Az el\u00fcltetend\u0151 magvakat sz\u00e1razon k\u00f6zvetlen\u00fcl el lehet \u00fcltetni, vagy egy napra\/\u00e9jszak\u00e1ra v\u00edzbe \u00e1ztathatjuk. A magvakat homokkal elkeverve faiskol\u00e1ba vagy t\u0151zeges zs\u00e1kba helyezz\u00fck, a homok n\u00e9lk\u00fclieket alveol\u00e1ris t\u00e1lc\u00e1kba, egy-k\u00e9t magvakba, cser\u00e9pbe, zs\u00e1kba helyezz\u00fck. \u00c1ztassa a magokat egy ed\u00e9ny ionmentes\u00edtett v\u00edzbe (sem meleg, sem hideg). Miut\u00e1n megpuhultak, megduzzadtak, csipesszel vagy k\u00e9zzel foglalj\u00e1k, cser\u00e9pbe, pal\u00e1nt\u00e1kba vetik&#8230;stb. A vet\u00e9shez haszn\u00e1lt talaj lehet\u0151leg 5 mm-es t\u0151zeg \u00e9s min\u00e9l magasabb PH-val. A pal\u00e1nt\u00e1knak sz\u00e1nt talajkever\u00e9ket is elk\u00e9sz\u00edtheti, p\u00e9ld\u00e1ul: vir\u00e1gf\u00f6ldb\u0151l (erd\u0151) homokkal \u00e9s szerves tr\u00e1gy\u00e1val (mranita) keverve.<\/p>\n<p>El\u0151k\u00e9sz\u00edtett\u00fck az aljzatot \u00e9s a magokat, ismerj\u00fck a vet\u00e9s m\u00f3dj\u00e1t&#8230;vet\u00fcnk (vet\u00e9s el\u0151tt j\u00f3 lenne, ha kicsit meglocsoln\u00e1nk az aljzatot)<\/p>\n<p>A magvakat az aljzatra helyez\u00e9s ut\u00e1n 2-4 mm, max 5 mm vastags\u00e1g\u00fa f\u00f6lddel bor\u00edtjuk be (a magokra annyi f\u00f6ldet sz\u00f3runk, hogy ellepje). Miut\u00e1n letakarta, alaposan \u00f6nt\u00f6zze meg, \u00e9s \u00fcgyeljen arra, hogy a magok ne maradjanak fedetlen\u00fcl (a vermorel ide\u00e1lis finom permetez\u00e9ssel t\u00f6rt\u00e9n\u0151 \u00f6nt\u00f6z\u00e9shez).<\/p>\n<p>Cs\u00edr\u00e1z\u00e1sukhoz lehet\u0151leg nedvess\u00e9gre, h\u0151re \u00e9s h\u0151m\u00e9rs\u00e9kletre van sz\u00fcks\u00e9g\u00fck, cs\u00edr\u00e1z\u00e1s ut\u00e1n pedig f\u00e9nyre (lehet\u0151leg nappal, minimum 12 \u00f3ra).<\/p>\n<p>A kihajt\u00e1sig a talajt folyamatosan nedvesen kell tartani (de a talajt le kell cs\u00f6p\u00f6gtetni, a v\u00edz nem csap\u00f3dhat), 80%-os kihajt\u00e1s ut\u00e1n 2 naponta egyszer \u00f6nt\u00f6z\u00e9s t\u00f6rt\u00e9nik (hogy a n\u00f6v\u00e9nyt \u00f6szt\u00f6n\u00f6zze a gy\u00f6k\u00e9rfejl\u0151d\u00e9sre. \u00e9tel ).<\/p>\n<p>A cs\u00edr\u00e1ztat\u00e1s ide\u00e1lis h\u0151m\u00e9rs\u00e9klete 18-20\u00b0C (6-10 nap alatt cs\u00edr\u00e1zik), de a cs\u00edr\u00e1ztat\u00e1s minim\u00e1lis h\u0151m\u00e9rs\u00e9klete 12-14\u00b0C (10-20 nap alatt cs\u00edr\u00e1zik).<\/p>\n<p>Ink\u00e1bb a nappali f\u00e9nyt r\u00e9szes\u00edtik el\u0151nyben, \u00e9s fel\u00fclr\u0151l, f\u00fcgg\u0151legesen esnek (hogy ne n\u0151jenek ferd\u00e9n, ny\u00fajt\u00f3zkodva a f\u00e9ny\u00e9rt). Ha nincs el\u00e9g f\u00e9ny\u00fck (min. 12 \u00f3ra), magasra \u00e9s v\u00e9konyra n\u0151nek, fenn\u00e1ll a vesztes\u00e9g vesz\u00e9lye.<\/p>\n<p>Az ide\u00e1lis vet\u00e9si id\u0151szak \u00e1prilist\u00f3l van azok sz\u00e1m\u00e1ra, akiknek nincsenek felt\u00e9telei (f\u0171t\u00f6tt \u00fcvegh\u00e1z).<\/p>\n<p>A pal\u00e1nt\u00e1kat \u00e9leter\u0151s, 6-10 leveles, eg\u00e9szs\u00e9ges sz\u00e1r\u00fa, gy\u00f6k\u00e9rrendszer\u00fck nagyon fejlett \u00e1llapota ut\u00e1n \u00fcltetj\u00fck \u00e1t.<\/p>\n<p>A paradicsomn\u00f6v\u00e9nyekhez hasonl\u00f3an a goji is n\u0151.<\/p>\n<p>8-10 nap m\u00falva kelnek ki az els\u0151 pal\u00e1nt\u00e1k, \u00e9s az els\u0151 2-3 h\u00f3napban nagyon lassan n\u0151nek.<\/p>\n<p>J\u00f3 talajjal, egy kis homokkal (perlit) \u00e9s term\u00e9szetes m\u0171tr\u00e1gy\u00e1val (bio) &#8211; nem t\u00fal sok, hogy ne \u00e9gesse meg a n\u00f6v\u00e9nyt &#8211; elk\u00e9sz\u00edtheti a kever\u00e9ket \u00e1t\u00fcltet\u00e9sre is (ezt, ha nem engedheti meg mag\u00e1nak, hogy 5-20 mm-es t\u0151zeget v\u00e1s\u00e1roljon) .<\/p>\n<p>Ne \u00f6nt\u00f6zze t\u00fal a n\u00f6v\u00e9nyt, nehogy v\u00edzben \u00e1lljon.<\/p>\n<p>3-5 cm magasra kell \u00e1t\u00fcltetni (amikor a n\u00f6v\u00e9nynek m\u00e1r 5-8 levele van, a sz\u00e1r vastag \u00e9s a pal\u00e1nta er\u0151teljesnek t\u0171nik) cserepekbe, nejlonzacsk\u00f3kba vagy k\u00f6zvetlen\u00fcl a szabadban a f\u00f6ldbe (ez k\u00f6r\u00fclbel\u00fcl a fele \u00e1prilis &#8211; m\u00e1jus eleje, ez a ter\u00fclett\u0151l \u00e9s az \u00e9ghajlati viszonyokt\u00f3l f\u00fcgg).<\/p>\n<p>Nem marad m\u00e1s h\u00e1tra, mint meglocsolni \u0151ket, \u00e9s t\u00fcrelmesnek lenni a n\u00f6veked\u00e9s\u00fckh\u00f6z, \u0151sszel pedig ki\u00fcltethetj\u00fck \u0151ket az \u00fcltetv\u00e9nybe vagy a kertbe, adott esetben.<\/p>\n<p>El\u0151zetesen el\u0151k\u00e9sz\u00edtik azt a ter\u00fcletet, ahol a cserj\u00e9ket \u00fcltetik. Ha cser\u00e9pbe vagy zs\u00e1kba teszik, az \u00e9v b\u00e1rmely szak\u00e1ban el\u00fcltethet\u0151k (kiv\u00e9ve a fagyos id\u0151szakot).<\/p>\n<p>&nbsp;<\/p>\n<p>A kertben a f\u00f6ldbe \u00fcltetettek \u0151sszel (lehet\u0151leg) vagy tavasszal elt\u00e1vol\u00edthat\u00f3k \u00e9s \u00e1thelyezhet\u0151k az \u00fcltetv\u00e9nyre. A minim\u00e1lis \u00fcltet\u00e9si magass\u00e1g 25-30 cm, ha a n\u00f6v\u00e9ny el\u00e9g er\u0151teljes \u00e9s er\u0151s, \u00fcltet\u00e9skor a talajt j\u00f3l kell \u00f6nt\u00f6zni, \u00e9s javasolt 2 h\u00e9tig \u00f6nt\u00f6zni, hogy elegend\u0151 v\u00edz legyen a talajban a cserje sz\u00e1m\u00e1ra. harmonikusan fejl\u0151dni.<\/p>\n<p>&nbsp;<\/p>\n<p>A csomag 0,2 gr magot tartalmaz<\/p>\n","protected":false},"featured_media":31271,"comment_status":"closed","ping_status":"closed","template":"","meta":[],"product_brand":[],"product_cat":[374,375],"product_tag":[],"class_list":{"0":"post-31261","1":"product","2":"type-product","3":"status-publish","4":"has-post-thumbnail","6":"product_cat-fuszer-es-gyogynoveny-vetomagok-bolgar-florian-vetomagok","7":"product_cat-gyumolcs-vetomagok-bolgar-florian-vetomagok","9":"first","10":"instock","11":"taxable","12":"shipping-taxable","13":"purchasable","14":"product-type-simple"},"_links":{"self":[{"href":"https:\/\/chilimag.hu\/webshop\/wp-json\/wp\/v2\/product\/31261","targetHints":{"allow":["GET"]}}],"collection":[{"href":"https:\/\/chilimag.hu\/webshop\/wp-json\/wp\/v2\/product"}],"about":[{"href":"https:\/\/chilimag.hu\/webshop\/wp-json\/wp\/v2\/types\/product"}],"replies":[{"embeddable":true,"href":"https:\/\/chilimag.hu\/webshop\/wp-json\/wp\/v2\/comments?post=31261"}],"wp:featuredmedia":[{"embeddable":true,"href":"https:\/\/chilimag.hu\/webshop\/wp-json\/wp\/v2\/media\/31271"}],"wp:attachment":[{"href":"https:\/\/chilimag.hu\/webshop\/wp-json\/wp\/v2\/media?parent=31261"}],"wp:term":[{"taxonomy":"product_brand","embeddable":true,"href":"https:\/\/chilimag.hu\/webshop\/wp-json\/wp\/v2\/product_brand?post=31261"},{"taxonomy":"product_cat","embeddable":true,"href":"https:\/\/chilimag.hu\/webshop\/wp-json\/wp\/v2\/product_cat?post=31261"},{"taxonomy":"product_tag","embeddable":true,"href":"https:\/\/chilimag.hu\/webshop\/wp-json\/wp\/v2\/product_tag?post=31261"}],"curies":[{"name":"wp","href":"https:\/\/api.w.org\/{rel}","templated":true}]}}