{"id":31239,"date":"2024-03-24T07:17:59","date_gmt":"2024-03-24T07:17:59","guid":{"rendered":"https:\/\/chilimag.hu\/webshop\/?post_type=product&#038;p=31239"},"modified":"2026-04-30T06:55:00","modified_gmt":"2026-04-30T06:55:00","slug":"mulcs-hajdina-hej-sl","status":"publish","type":"product","link":"https:\/\/chilimag.hu\/webshop\/termek\/mulcs-hajdina-hej-sl\/","title":{"rendered":"Mulcs hajdina h\u00e9j 60L SL"},"content":{"rendered":"","protected":false},"excerpt":{"rendered":"<p><img decoding=\"async\" class=\"active-logo\" src=\"https:\/\/b2b.seklos.lt\/themes\/warehouse\/img\/logo_en.png\" alt=\"Agrofirma S\u0117klos, UAB\" width=\"150\" height=\"75\" \/><\/p>\n<h3>Term\u00e9kle\u00edr\u00e1s<\/h3>\n<p>Hajdina h\u00e9jas mulcs<br \/>\nHajdina h\u00e9jtakar\u00f3 haszn\u00e1lata:<br \/>\nAlkalmas \u00e9vel\u0151 n\u00f6v\u00e9nyek, z\u00f6lds\u00e9gek, r\u00f3zs\u00e1k talajtakar\u00e1s\u00e1ra<br \/>\nVir\u00e1g\u00e1gy\u00e1soknak, s\u00edrk\u00f6vek d\u00edsz\u00edt\u00e9s\u00e9re<br \/>\nHagyma \u00e9s gy\u00f6k\u00e9r t\u00e1rol\u00e1s\u00e1ra t\u00e9len<br \/>\nA talaj nedvess\u00e9gtartalm\u00e1nak fenntart\u00e1s\u00e1hoz<br \/>\nA n\u00f6v\u00e9nyek gy\u00f6kereinek v\u00e9delme a h\u0151m\u00e9rs\u00e9klet-ingadoz\u00e1sokkal szemben<br \/>\nA talajtakar\u00f3 elrendez\u00e9se kedvez\u0151tlen felt\u00e9teleket teremt a gyomn\u00f6veked\u00e9shez<br \/>\nNem savany\u00edtja a talajt.<br \/>\nAz al\u00e1t\u00e9t nem sz\u00fcks\u00e9ges.<br \/>\n\u00d6sszet\u00e9tel: 100% hajdina h\u00e9j<\/p>\n<p>EKOFRISA m\u00e1rka<\/p>\n","protected":false},"featured_media":31240,"comment_status":"closed","ping_status":"closed","template":"","meta":[],"product_brand":[],"product_cat":[466],"product_tag":[],"class_list":{"0":"post-31239","1":"product","2":"type-product","3":"status-publish","4":"has-post-thumbnail","6":"product_cat-talaj-javitok-es-takarok","8":"first","9":"instock","10":"taxable","11":"shipping-taxable","12":"purchasable","13":"product-type-simple"},"_links":{"self":[{"href":"https:\/\/chilimag.hu\/webshop\/wp-json\/wp\/v2\/product\/31239","targetHints":{"allow":["GET"]}}],"collection":[{"href":"https:\/\/chilimag.hu\/webshop\/wp-json\/wp\/v2\/product"}],"about":[{"href":"https:\/\/chilimag.hu\/webshop\/wp-json\/wp\/v2\/types\/product"}],"replies":[{"embeddable":true,"href":"https:\/\/chilimag.hu\/webshop\/wp-json\/wp\/v2\/comments?post=31239"}],"wp:featuredmedia":[{"embeddable":true,"href":"https:\/\/chilimag.hu\/webshop\/wp-json\/wp\/v2\/media\/31240"}],"wp:attachment":[{"href":"https:\/\/chilimag.hu\/webshop\/wp-json\/wp\/v2\/media?parent=31239"}],"wp:term":[{"taxonomy":"product_brand","embeddable":true,"href":"https:\/\/chilimag.hu\/webshop\/wp-json\/wp\/v2\/product_brand?post=31239"},{"taxonomy":"product_cat","embeddable":true,"href":"https:\/\/chilimag.hu\/webshop\/wp-json\/wp\/v2\/product_cat?post=31239"},{"taxonomy":"product_tag","embeddable":true,"href":"https:\/\/chilimag.hu\/webshop\/wp-json\/wp\/v2\/product_tag?post=31239"}],"curies":[{"name":"wp","href":"https:\/\/api.w.org\/{rel}","templated":true}]}}