{"id":31235,"date":"2024-03-24T07:09:10","date_gmt":"2024-03-24T07:09:10","guid":{"rendered":"https:\/\/chilimag.hu\/webshop\/?post_type=product&#038;p=31235"},"modified":"2025-05-06T07:16:59","modified_gmt":"2025-05-06T07:16:59","slug":"oregano-cserepben-agr-sl","status":"publish","type":"product","link":"https:\/\/chilimag.hu\/webshop\/termek\/oregano-cserepben-agr-sl\/","title":{"rendered":".Oregano Cser\u00e9pben AGR SL"},"content":{"rendered":"","protected":false},"excerpt":{"rendered":"<p><img decoding=\"async\" class=\"logo\" src=\"https:\/\/b2b.seklos.lt\/themes\/warehouse\/img\/logo_en.png\" alt=\"Agrofirma S\u0117klos, UAB\" \/><\/p>\n<p>A cserepes termeszt\u0151k\u00e9szlet lehet\u0151v\u00e9 teszi, hogy eg\u00e9sz \u00e9vben \u00e9lvezze a friss oreg\u00e1n\u00f3t. Ezek gy\u00f3gy-, arom\u00e1s-, dekorat\u00edv- \u00e9s m\u00e9zn\u00f6v\u00e9nyek. A friss \u00e9s sz\u00e1r\u00edtott levelek kiemelik a h\u00fas, toj\u00e1s, hal\u00e9telek, sal\u00e1t\u00e1k \u00e9s levesek \u00edz\u00e9t. A k\u00e9szlet tartalma: egy \u00fajrafelhaszn\u00e1lhat\u00f3 \u00fajrahasznos\u00edtott m\u0171anyag ed\u00e9ny, 2 db k\u00f3kuszrost tabletta \u00e9s egy csomag mag.<\/p>\n<p>Magok sz\u00e1ma grammonk\u00e9nt 7000-7500<br \/>\nA pal\u00e1nt\u00e1k vet\u00e9si ideje IV-V, 0 cm<br \/>\nSz\u00fcret I-XII<br \/>\nAgronom m\u00e1rka<br \/>\nNapos hely Igen<\/p>\n","protected":false},"featured_media":31236,"comment_status":"closed","ping_status":"closed","template":"","meta":[],"product_brand":[],"product_cat":[343,396],"product_tag":[],"class_list":{"0":"post-31235","1":"product","2":"type-product","3":"status-publish","4":"has-post-thumbnail","6":"product_cat-akciok","7":"product_cat-fuszer-es-gyogynovenyek","9":"first","10":"instock","11":"sale","12":"taxable","13":"shipping-taxable","14":"purchasable","15":"product-type-simple"},"_links":{"self":[{"href":"https:\/\/chilimag.hu\/webshop\/wp-json\/wp\/v2\/product\/31235","targetHints":{"allow":["GET"]}}],"collection":[{"href":"https:\/\/chilimag.hu\/webshop\/wp-json\/wp\/v2\/product"}],"about":[{"href":"https:\/\/chilimag.hu\/webshop\/wp-json\/wp\/v2\/types\/product"}],"replies":[{"embeddable":true,"href":"https:\/\/chilimag.hu\/webshop\/wp-json\/wp\/v2\/comments?post=31235"}],"wp:featuredmedia":[{"embeddable":true,"href":"https:\/\/chilimag.hu\/webshop\/wp-json\/wp\/v2\/media\/31236"}],"wp:attachment":[{"href":"https:\/\/chilimag.hu\/webshop\/wp-json\/wp\/v2\/media?parent=31235"}],"wp:term":[{"taxonomy":"product_brand","embeddable":true,"href":"https:\/\/chilimag.hu\/webshop\/wp-json\/wp\/v2\/product_brand?post=31235"},{"taxonomy":"product_cat","embeddable":true,"href":"https:\/\/chilimag.hu\/webshop\/wp-json\/wp\/v2\/product_cat?post=31235"},{"taxonomy":"product_tag","embeddable":true,"href":"https:\/\/chilimag.hu\/webshop\/wp-json\/wp\/v2\/product_tag?post=31235"}],"curies":[{"name":"wp","href":"https:\/\/api.w.org\/{rel}","templated":true}]}}