{"id":31220,"date":"2024-03-24T06:50:32","date_gmt":"2024-03-24T06:50:32","guid":{"rendered":"https:\/\/chilimag.hu\/webshop\/?post_type=product&#038;p=31220"},"modified":"2026-02-18T11:39:47","modified_gmt":"2026-02-18T11:39:47","slug":"szarkalab-rose-queen-z-s-sl","status":"publish","type":"product","link":"https:\/\/chilimag.hu\/webshop\/termek\/szarkalab-rose-queen-z-s-sl\/","title":{"rendered":"Szarkal\u00e1b Rose Queen Z.S SL"},"content":{"rendered":"","protected":false},"excerpt":{"rendered":"<p><img decoding=\"async\" class=\"logo\" src=\"https:\/\/b2b.seklos.lt\/themes\/warehouse\/img\/logo_en.png\" alt=\"Agrofirma S\u0117klos, UAB\" \/><\/p>\n<p>Egyny\u00e1ri, 120 cm magas fajta, jellegzetes vir\u00e1gaival, amelyek gyakran el\u00e9rik a sz\u00e1r hossz\u00e1nak fel\u00e9t. V\u00e9dett, \u00e1rny\u00e9kos vir\u00e1g\u00e1gy\u00e1sokba \u00fcltess\u00fck. J\u00f3l n\u00f6vekszik a term\u00e9keny agyagos vagy homokos talajban, de nem szereti a savany\u00fa talajt. Hosszan tart\u00f3 asz\u00e1ly eset\u00e9n gondoskodjon megfelel\u0151 v\u00edzr\u0151l, mivel a n\u00f6v\u00e9nyek nem sz\u00e1razs\u00e1gt\u0171r\u0151k. Pal\u00e1nt\u00e1kat \u00fcltess\u00fcnk vir\u00e1g\u00e1gy\u00e1sokba. A sz\u00ednes vir\u00e1gokat ny\u00e1ri csokrokba szedik, \u00e9s v\u00edzben \u00e1ztatva sok\u00e1ig eltartanak.<\/p>\n<p>Egy csomagban l\u00e9v\u0151 mennyis\u00e9g 1 g<br \/>\nMagok sz\u00e1ma grammonk\u00e9nt 450<br \/>\nVet\u00e9sid\u0151 a talajban V, 1 cm<br \/>\nIII\u2013IV pal\u00e1nt\u00e1k vet\u00e9si ideje, 1 cm<br \/>\nT\u00e1vols\u00e1gok, cm V\u2013VI, 40 x 30 cm<br \/>\nVII\u2013VIII vir\u00e1gz\u00e1si id\u0151szak, 120 cm<br \/>\nN\u00f6v\u00e9ny magass\u00e1ga 120 cm<br \/>\nVir\u00e1gz\u00e1si id\u0151, magass\u00e1g VII\u2013VIII, 120 cm<br \/>\nTerm\u0151f\u00f6ld<br \/>\nM\u00e1rka \u017dalia stotel\u0117<br \/>\nNapos hely Igen<\/p>\n","protected":false},"featured_media":31221,"comment_status":"closed","ping_status":"closed","template":"","meta":[],"product_brand":[],"product_cat":[363],"product_tag":[],"class_list":{"0":"post-31220","1":"product","2":"type-product","3":"status-publish","4":"has-post-thumbnail","6":"product_cat-virag-vetomagok-zalia-stotele","8":"first","9":"instock","10":"taxable","11":"shipping-taxable","12":"purchasable","13":"product-type-simple"},"_links":{"self":[{"href":"https:\/\/chilimag.hu\/webshop\/wp-json\/wp\/v2\/product\/31220","targetHints":{"allow":["GET"]}}],"collection":[{"href":"https:\/\/chilimag.hu\/webshop\/wp-json\/wp\/v2\/product"}],"about":[{"href":"https:\/\/chilimag.hu\/webshop\/wp-json\/wp\/v2\/types\/product"}],"replies":[{"embeddable":true,"href":"https:\/\/chilimag.hu\/webshop\/wp-json\/wp\/v2\/comments?post=31220"}],"wp:featuredmedia":[{"embeddable":true,"href":"https:\/\/chilimag.hu\/webshop\/wp-json\/wp\/v2\/media\/31221"}],"wp:attachment":[{"href":"https:\/\/chilimag.hu\/webshop\/wp-json\/wp\/v2\/media?parent=31220"}],"wp:term":[{"taxonomy":"product_brand","embeddable":true,"href":"https:\/\/chilimag.hu\/webshop\/wp-json\/wp\/v2\/product_brand?post=31220"},{"taxonomy":"product_cat","embeddable":true,"href":"https:\/\/chilimag.hu\/webshop\/wp-json\/wp\/v2\/product_cat?post=31220"},{"taxonomy":"product_tag","embeddable":true,"href":"https:\/\/chilimag.hu\/webshop\/wp-json\/wp\/v2\/product_tag?post=31220"}],"curies":[{"name":"wp","href":"https:\/\/api.w.org\/{rel}","templated":true}]}}