{"id":31217,"date":"2024-03-24T06:45:44","date_gmt":"2024-03-24T06:45:44","guid":{"rendered":"https:\/\/chilimag.hu\/webshop\/?post_type=product&#038;p=31217"},"modified":"2026-03-23T20:08:53","modified_gmt":"2026-03-23T20:08:53","slug":"diszcickafark-pastel-f2-z-s-sl","status":"publish","type":"product","link":"https:\/\/chilimag.hu\/webshop\/termek\/diszcickafark-pastel-f2-z-s-sl\/","title":{"rendered":"D\u00edszcickafark Pastel F2 Z.S SL"},"content":{"rendered":"","protected":false},"excerpt":{"rendered":"<p><img decoding=\"async\" class=\"active-logo\" src=\"https:\/\/b2b.seklos.lt\/themes\/warehouse\/img\/logo_en.png\" alt=\"Agrofirma S\u0117klos, UAB\" width=\"280\" height=\"95\" \/><\/p>\n<p>\u00c9vel\u0151 vir\u00e1gok 5-6 \u00e9vig termeszthet\u0151k ugyanazon a helyen. K\u00f6nnyen termeszthet\u0151 \u00e9vel\u0151 vir\u00e1gos kertekben, k\u00fcl\u00f6n\u00f6sen a naturalista n\u00f6v\u00e9nyzet r\u00e9szek\u00e9nt. Vir\u00e1gzata f\u00e9nyes, szemet gy\u00f6ny\u00f6rk\u00f6dtet\u0151 eg\u00e9sz ny\u00e1ron. A cickafark kiv\u00e1l\u00f3an alkalmas sz\u00e1raz csokrok k\u00e9sz\u00edt\u00e9s\u00e9re, mivel a n\u00f6v\u00e9ny j\u00f3l megtartja a sz\u00edneket. V\u00e1g\u00e1sra is kiv\u00e1l\u00f3an alkalmas friss elrendez\u00e9shez. Illatos f\u00fcrd\u0151ben haszn\u00e1lhat\u00f3 f\u00fcrd\u0151sepr\u0171 k\u00e9sz\u00edt\u00e9s\u00e9re haszn\u00e1lhat\u00f3. Egyedileg vagy csoportosan \u00fcltetj\u00fck. A cickafark nem ig\u00e9nyel k\u00fcl\u00f6nleges termeszt\u00e9si felt\u00e9teleket vagy talajt, de az \u00e1t\u00e1zott talaj nem megfelel\u0151. \u00c1rny\u00e9kban termesztve j\u00f3l n\u00f6vekszik a napos helyen, a vir\u00e1gok vil\u00e1gosabbak.<\/p>\n<p>Hermetikus csomagol\u00e1s Igen<br \/>\nMennyis\u00e9g egy csomagban 0,2g<br \/>\nMagok sz\u00e1ma grammonk\u00e9nt 6000-6800<br \/>\nVet\u00e9sid\u0151 a talajban IV-VI, 1 cm<br \/>\nT\u00e1vols\u00e1gok, cm V-VI, 25&#215;25 cm<br \/>\nVir\u00e1gz\u00e1si id\u0151szak VI-VII, 70 cm<br \/>\nN\u00f6v\u00e9ny magass\u00e1ga 70 cm<br \/>\nVir\u00e1gz\u00e1si id\u0151, magass\u00e1g VI-VII, 70 cm<br \/>\nTerm\u0151f\u00f6ld<br \/>\nM\u00e1rka \u017dalia stotel\u0117<br \/>\nNapos hely Igen<br \/>\n\u00c9vel\u0151 Igen<\/p>\n","protected":false},"featured_media":31218,"comment_status":"closed","ping_status":"closed","template":"","meta":[],"product_brand":[],"product_cat":[363],"product_tag":[],"class_list":{"0":"post-31217","1":"product","2":"type-product","3":"status-publish","4":"has-post-thumbnail","6":"product_cat-virag-vetomagok-zalia-stotele","8":"first","9":"instock","10":"taxable","11":"shipping-taxable","12":"purchasable","13":"product-type-simple"},"_links":{"self":[{"href":"https:\/\/chilimag.hu\/webshop\/wp-json\/wp\/v2\/product\/31217","targetHints":{"allow":["GET"]}}],"collection":[{"href":"https:\/\/chilimag.hu\/webshop\/wp-json\/wp\/v2\/product"}],"about":[{"href":"https:\/\/chilimag.hu\/webshop\/wp-json\/wp\/v2\/types\/product"}],"replies":[{"embeddable":true,"href":"https:\/\/chilimag.hu\/webshop\/wp-json\/wp\/v2\/comments?post=31217"}],"wp:featuredmedia":[{"embeddable":true,"href":"https:\/\/chilimag.hu\/webshop\/wp-json\/wp\/v2\/media\/31218"}],"wp:attachment":[{"href":"https:\/\/chilimag.hu\/webshop\/wp-json\/wp\/v2\/media?parent=31217"}],"wp:term":[{"taxonomy":"product_brand","embeddable":true,"href":"https:\/\/chilimag.hu\/webshop\/wp-json\/wp\/v2\/product_brand?post=31217"},{"taxonomy":"product_cat","embeddable":true,"href":"https:\/\/chilimag.hu\/webshop\/wp-json\/wp\/v2\/product_cat?post=31217"},{"taxonomy":"product_tag","embeddable":true,"href":"https:\/\/chilimag.hu\/webshop\/wp-json\/wp\/v2\/product_tag?post=31217"}],"curies":[{"name":"wp","href":"https:\/\/api.w.org\/{rel}","templated":true}]}}