{"id":31214,"date":"2024-03-24T06:39:14","date_gmt":"2024-03-24T06:39:14","guid":{"rendered":"https:\/\/chilimag.hu\/webshop\/?post_type=product&#038;p=31214"},"modified":"2025-08-22T10:54:29","modified_gmt":"2025-08-22T10:54:29","slug":"sutotok-quintale-seme-giallo-z-s-sl","status":"publish","type":"product","link":"https:\/\/chilimag.hu\/webshop\/termek\/sutotok-quintale-seme-giallo-z-s-sl\/","title":{"rendered":"S\u00fct\u0151t\u00f6k Quintale Seme Giallo Z.S SL"},"content":{"rendered":"","protected":false},"excerpt":{"rendered":"<p><img decoding=\"async\" class=\"active-logo\" src=\"https:\/\/b2b.seklos.lt\/themes\/warehouse\/img\/logo_en.png\" alt=\"Agrofirma S\u0117klos, UAB\" width=\"280\" height=\"95\" \/><\/p>\n<p>Napok a lej\u00e1ratig &#8211; 100 nap. A gy\u00fcm\u00f6lcs\u00f6k narancsh\u00e9j\u00faak, s\u00falyuk 10-12 kg. K\u00fcl\u00f6n\u00f6sen kedvez\u0151 termeszt\u00e9si k\u00f6r\u00fclm\u00e9nyek k\u00f6z\u00f6tt a s\u00fct\u0151t\u00f6k s\u00falya is nagyobb lehet. Alkalmas Halloween-farag\u00e1shoz. A h\u00fas s\u00e1rga \u00e9s \u00e9des. Ezek a s\u00fct\u0151t\u00f6k frissen fogyaszthat\u00f3k, de p\u00e1rolhat\u00f3k, f\u0151zhet\u0151k vagy p\u00f6rk\u00f6ltek.<\/p>\n<p>Mennyis\u00e9g egy csomagban 2 g<br \/>\nMagok sz\u00e1ma grammonk\u00e9nt 8-m\u00e1rc<br \/>\nVet\u00e9sid\u0151 a talajban V-VI, 3-5 cm<br \/>\nA pal\u00e1nt\u00e1k vet\u00e9si ideje IV, 3-5 cm<br \/>\nT\u00e1vols\u00e1gok, cm V-VI,70&#215;60-70 cm<br \/>\nSz\u00fcret VII-VIII<br \/>\nTerm\u0151f\u00f6ld<br \/>\nM\u00e1rka \u017dalia stotel\u0117<br \/>\nNapos hely Igen<\/p>\n","protected":false},"featured_media":31215,"comment_status":"closed","ping_status":"closed","template":"","meta":[],"product_brand":[],"product_cat":[420],"product_tag":[],"class_list":{"0":"post-31214","1":"product","2":"type-product","3":"status-publish","4":"has-post-thumbnail","6":"product_cat-dinnye-es-tok-vetomagok-zalia-stotele","8":"first","9":"instock","10":"taxable","11":"shipping-taxable","12":"purchasable","13":"product-type-simple"},"_links":{"self":[{"href":"https:\/\/chilimag.hu\/webshop\/wp-json\/wp\/v2\/product\/31214","targetHints":{"allow":["GET"]}}],"collection":[{"href":"https:\/\/chilimag.hu\/webshop\/wp-json\/wp\/v2\/product"}],"about":[{"href":"https:\/\/chilimag.hu\/webshop\/wp-json\/wp\/v2\/types\/product"}],"replies":[{"embeddable":true,"href":"https:\/\/chilimag.hu\/webshop\/wp-json\/wp\/v2\/comments?post=31214"}],"wp:featuredmedia":[{"embeddable":true,"href":"https:\/\/chilimag.hu\/webshop\/wp-json\/wp\/v2\/media\/31215"}],"wp:attachment":[{"href":"https:\/\/chilimag.hu\/webshop\/wp-json\/wp\/v2\/media?parent=31214"}],"wp:term":[{"taxonomy":"product_brand","embeddable":true,"href":"https:\/\/chilimag.hu\/webshop\/wp-json\/wp\/v2\/product_brand?post=31214"},{"taxonomy":"product_cat","embeddable":true,"href":"https:\/\/chilimag.hu\/webshop\/wp-json\/wp\/v2\/product_cat?post=31214"},{"taxonomy":"product_tag","embeddable":true,"href":"https:\/\/chilimag.hu\/webshop\/wp-json\/wp\/v2\/product_tag?post=31214"}],"curies":[{"name":"wp","href":"https:\/\/api.w.org\/{rel}","templated":true}]}}