{"id":31211,"date":"2024-03-24T06:34:11","date_gmt":"2024-03-24T06:34:11","guid":{"rendered":"https:\/\/chilimag.hu\/webshop\/?post_type=product&#038;p=31211"},"modified":"2026-03-11T12:35:53","modified_gmt":"2026-03-11T12:35:53","slug":"rukkola-magszalagos-el-sl","status":"publish","type":"product","link":"https:\/\/chilimag.hu\/webshop\/termek\/rukkola-magszalagos-el-sl\/","title":{"rendered":"Rukkola magszalagos ELN SL"},"content":{"rendered":"","protected":false},"excerpt":{"rendered":"<p><img decoding=\"async\" class=\"active-logo\" src=\"https:\/\/b2b.seklos.lt\/themes\/warehouse\/img\/logo_en.png\" alt=\"Agrofirma S\u0117klos, UAB\" width=\"280\" height=\"95\" \/><\/p>\n<p>Sal\u00e1talev\u00e9lk\u00e9nt termesztett leveles z\u00f6lds\u00e9g. Gyorsan n\u00f6vekszik, nem ig\u00e9nyel k\u00fcl\u00f6nleges talajviszonyokat. Friss, arom\u00e1s, borsos leveleket haszn\u00e1lnak az \u00e9telek elk\u00e9sz\u00edt\u00e9s\u00e9hez. J\u00f3l illik a sajthoz, adhatjuk sal\u00e1t\u00e1khoz, vagy a leveleket d\u00edsz\u00edthetj\u00fck. Gyorsan n\u00f6vekszik, ez\u00e9rt t\u00f6bbsz\u00f6ri vet\u00e9s javasolt, hogy eg\u00e9sz ny\u00e1ron \u00e9lvezhess\u00fck ezeket az arom\u00e1s leveleket. Sal\u00e1ta mellett termeszthet\u0151. Ablakp\u00e1rk\u00e1nyon, cser\u00e9pben vagy k\u00fclt\u00e9ri \u00e1gy\u00e1sban termeszthet\u0151. A legjobb \u00edz \u00e9s t\u00e1panyag a fiatal levelekben tal\u00e1lhat\u00f3, amelyek k\u00f6r\u00fclbel\u00fcl 10\u201312 cm-esek \u00e9s k\u00f6r\u00fclbel\u00fcl 3\u20134 hetesek. Az egyenletes ut\u00e1np\u00f3tl\u00e1s \u00e9rdek\u00e9ben aj\u00e1nlatos t\u00f6bbsz\u00f6r elvetni a magokat a szezon sor\u00e1n.<br \/>\nA vet\u0151magszalag el\u0151nyei: nagyobb, jobb min\u0151s\u00e9g\u0171 betakar\u00edt\u00e1s. A magok megfelel\u0151 mennyis\u00e9g\u0171 v\u00edzzel gyorsabban \u00e9s egyenletesebben cs\u00edr\u00e1znak. A szalagok \u00fcltet\u00e9se el\u0151tt \u00f6nt\u00f6zze meg a talajt. Ezut\u00e1n fedje le a szalagot f\u00f6lddel \u00e9s b\u0151s\u00e9gesen v\u00edzzel.<\/p>\n<p>Vet\u00e9sid\u0151 a talajban III-VIII<br \/>\nT\u00e1vols\u00e1gok, cm 20&#215;20 cm<br \/>\nSz\u00fcret IV-IX<br \/>\nTerm\u0151f\u00f6ld<br \/>\nLucia Elite m\u00e1rka<br \/>\nMagszalag hossza 4 m<\/p>\n","protected":false},"featured_media":31212,"comment_status":"closed","ping_status":"closed","template":"","meta":[],"product_brand":[],"product_cat":[368],"product_tag":[],"class_list":{"0":"post-31211","1":"product","2":"type-product","3":"status-publish","4":"has-post-thumbnail","6":"product_cat-zoldseg-vetomagok","8":"first","9":"instock","10":"taxable","11":"shipping-taxable","12":"purchasable","13":"product-type-simple"},"_links":{"self":[{"href":"https:\/\/chilimag.hu\/webshop\/wp-json\/wp\/v2\/product\/31211","targetHints":{"allow":["GET"]}}],"collection":[{"href":"https:\/\/chilimag.hu\/webshop\/wp-json\/wp\/v2\/product"}],"about":[{"href":"https:\/\/chilimag.hu\/webshop\/wp-json\/wp\/v2\/types\/product"}],"replies":[{"embeddable":true,"href":"https:\/\/chilimag.hu\/webshop\/wp-json\/wp\/v2\/comments?post=31211"}],"wp:featuredmedia":[{"embeddable":true,"href":"https:\/\/chilimag.hu\/webshop\/wp-json\/wp\/v2\/media\/31212"}],"wp:attachment":[{"href":"https:\/\/chilimag.hu\/webshop\/wp-json\/wp\/v2\/media?parent=31211"}],"wp:term":[{"taxonomy":"product_brand","embeddable":true,"href":"https:\/\/chilimag.hu\/webshop\/wp-json\/wp\/v2\/product_brand?post=31211"},{"taxonomy":"product_cat","embeddable":true,"href":"https:\/\/chilimag.hu\/webshop\/wp-json\/wp\/v2\/product_cat?post=31211"},{"taxonomy":"product_tag","embeddable":true,"href":"https:\/\/chilimag.hu\/webshop\/wp-json\/wp\/v2\/product_tag?post=31211"}],"curies":[{"name":"wp","href":"https:\/\/api.w.org\/{rel}","templated":true}]}}