{"id":31197,"date":"2024-03-23T20:28:40","date_gmt":"2024-03-23T20:28:40","guid":{"rendered":"https:\/\/chilimag.hu\/webshop\/?post_type=product&#038;p=31197"},"modified":"2026-02-18T16:12:46","modified_gmt":"2026-02-18T16:12:46","slug":"sargarepa-cidera-magszalagos-el-sl","status":"publish","type":"product","link":"https:\/\/chilimag.hu\/webshop\/termek\/sargarepa-cidera-magszalagos-el-sl\/","title":{"rendered":"S\u00e1rgar\u00e9pa Cidera magszalagos  ELN SL"},"content":{"rendered":"","protected":false},"excerpt":{"rendered":"<p><img decoding=\"async\" class=\"active-logo\" src=\"https:\/\/b2b.seklos.lt\/themes\/warehouse\/img\/logo_en.png\" alt=\"Agrofirma S\u0117klos, UAB\" width=\"280\" height=\"95\" \/><\/p>\n<p>R\u00c9PA CIDERA<br \/>\nK\u00e9s\u0151i \u201eNanto\u201d fajta, amely nagy, finom, \u00e9l\u00e9nk narancsgy\u00f6kereket hoz. Alkalmas gy\u00fcm\u00f6lcspr\u00e9sel\u00e9sre, bef\u0151z\u00e9sre, friss fogyaszt\u00e1sra \u00e9s t\u00e9li t\u00e1rol\u00e1sra. Gy\u00f6kerei 21-23 cm hossz\u00faak, tompa v\u00e9g\u0171. A mag kicsi \u00e9s kerek, narancss\u00e1rga h\u00fas\u00fa. A gy\u00f6kerek nem hajlamosak a reped\u00e9sre. J\u00f3l m\u0171velt, humuszban gazdag, k\u00f6nny\u0171 v\u00e1lyog vagy homokos talajban fejl\u0151dik a legjobban. A s\u00e1rgar\u00e9p\u00e1t legkor\u00e1bban 4-5 \u00e9v m\u00falva vetik \u00fajra ugyanoda.<br \/>\nA vet\u0151magszalag el\u0151nyei: nagyobb, jobb min\u0151s\u00e9g\u0171 betakar\u00edt\u00e1s. Megfelel\u0151 nedvess\u00e9g eset\u00e9n a magvak gyorsabban \u00e9s egyenletesebben cs\u00edr\u00e1znak. A szalagok lerak\u00e1sa el\u0151tt \u00f6nt\u00f6zze meg a talajt. Ezut\u00e1n fedje le a szalagot f\u00f6lddel \u00e9s b\u0151s\u00e9gesen v\u00edzzel.<br \/>\nEgy 4 m hossz\u00fa szalag k\u00f6r\u00fclbel\u00fcl 350 kiv\u00e1l\u00f3 min\u0151s\u00e9g\u0171 gy\u00f6k\u00e9rn\u00f6v\u00e9nyt vagy 30-40 kg-os term\u00e9st adhat.<\/p>\n<p>A fajta korai megjelen\u00e9se K\u00e9s\u0151i<br \/>\nVet\u00e9sid\u0151 a talajban V-VI, X<br \/>\nT\u00e1vols\u00e1gok, cm 5&#215;20 cm<br \/>\nBetakar\u00edt\u00e1s VIII-X<br \/>\nTerm\u0151f\u00f6ld<br \/>\nLucia Elite m\u00e1rka<br \/>\nVet\u0151szalag hossza 4 m<\/p>\n","protected":false},"featured_media":31198,"comment_status":"closed","ping_status":"closed","template":"","meta":[],"product_brand":[],"product_cat":[368],"product_tag":[],"class_list":{"0":"post-31197","1":"product","2":"type-product","3":"status-publish","4":"has-post-thumbnail","6":"product_cat-zoldseg-vetomagok","8":"first","9":"instock","10":"taxable","11":"shipping-taxable","12":"purchasable","13":"product-type-simple"},"_links":{"self":[{"href":"https:\/\/chilimag.hu\/webshop\/wp-json\/wp\/v2\/product\/31197","targetHints":{"allow":["GET"]}}],"collection":[{"href":"https:\/\/chilimag.hu\/webshop\/wp-json\/wp\/v2\/product"}],"about":[{"href":"https:\/\/chilimag.hu\/webshop\/wp-json\/wp\/v2\/types\/product"}],"replies":[{"embeddable":true,"href":"https:\/\/chilimag.hu\/webshop\/wp-json\/wp\/v2\/comments?post=31197"}],"wp:featuredmedia":[{"embeddable":true,"href":"https:\/\/chilimag.hu\/webshop\/wp-json\/wp\/v2\/media\/31198"}],"wp:attachment":[{"href":"https:\/\/chilimag.hu\/webshop\/wp-json\/wp\/v2\/media?parent=31197"}],"wp:term":[{"taxonomy":"product_brand","embeddable":true,"href":"https:\/\/chilimag.hu\/webshop\/wp-json\/wp\/v2\/product_brand?post=31197"},{"taxonomy":"product_cat","embeddable":true,"href":"https:\/\/chilimag.hu\/webshop\/wp-json\/wp\/v2\/product_cat?post=31197"},{"taxonomy":"product_tag","embeddable":true,"href":"https:\/\/chilimag.hu\/webshop\/wp-json\/wp\/v2\/product_tag?post=31197"}],"curies":[{"name":"wp","href":"https:\/\/api.w.org\/{rel}","templated":true}]}}