{"id":31194,"date":"2024-03-23T20:24:37","date_gmt":"2024-03-23T20:24:37","guid":{"rendered":"https:\/\/chilimag.hu\/webshop\/?post_type=product&#038;p=31194"},"modified":"2026-02-26T06:40:47","modified_gmt":"2026-02-26T06:40:47","slug":"diszcsalan-colocha-scarlet-el-sl","status":"publish","type":"product","link":"https:\/\/chilimag.hu\/webshop\/termek\/diszcsalan-colocha-scarlet-el-sl\/","title":{"rendered":"D\u00edszcsal\u00e1n COLOCHA SCARLET EL SL"},"content":{"rendered":"","protected":false},"excerpt":{"rendered":"<p><img decoding=\"async\" class=\"logo\" src=\"https:\/\/b2b.seklos.lt\/themes\/warehouse\/img\/logo_en.png\" alt=\"Agrofirma S\u0117klos, UAB\" \/><\/p>\n<p>FESTETT CSAL\u00c1N COLOCHA SCARLET<br \/>\nEzek az egyny\u00e1ri vir\u00e1gk\u00e9nt termesztett \u00e9vel\u0151 vir\u00e1gok d\u00edszes \u00e9s sz\u00ednes leveleiknek k\u00f6sz\u00f6nhet\u0151en kiv\u00e9teles sz\u00e9ps\u00e9get mutatnak. Ide\u00e1lis h\u00e1tt\u00e9rk\u00e9nt szolg\u00e1lhatnak m\u00e1s n\u00f6v\u00e9nyek sz\u00e1m\u00e1ra, kit\u00f6lthetik a vir\u00e1g\u00e1gy\u00e1sok \u00fcres helyeit, vagy \u00e9l\u00e9nk\u00edthetik a sz\u00edntelen ter\u00fcleteket. 45-50 cm magas. Amikor a k\u00f6r\u00f6mvir\u00e1g el\u00e9ri a 10 cm-es magass\u00e1got, aj\u00e1nlatos lecs\u00edpni a tetej\u00e9t, hogy el\u0151seg\u00edtse az el\u00e1gaz\u00f3d\u00e1st. A n\u00f6v\u00e9nyek az utols\u00f3 fagy id\u0151pontja ut\u00e1n szabadba \u00fcltethet\u0151k vir\u00e1g\u00e1gy\u00e1sokba vagy cser\u00e9pbe. Ny\u00e1r v\u00e9ge fel\u00e9, a fagy bek\u00f6sz\u00f6nte el\u0151tt a n\u00f6v\u00e9nyeket be lehet vinni a lak\u00e1sba, \u00e9s napos ablakp\u00e1rk\u00e1nyon nevelni.<br \/>\nA magvak \u00e1ltal\u00e1ban 14-18 napig cs\u00edr\u00e1znak, az optim\u00e1lis h\u0151m\u00e9rs\u00e9klet +20-22 \u00b0C k\u00f6z\u00f6tt van. Nagyon fontos, hogy a magok cs\u00edr\u00e1z\u00e1s k\u00f6zben nedvesek legyenek.<br \/>\n25 mag elegend\u0151 egy 4-5 n\u00e9gyzetm\u00e9teres vir\u00e1g\u00e1gy\u00e1shoz.<\/p>\n<p>Hermetikus csomagol\u00e1s Igen<br \/>\nMagok sz\u00e1ma a csomagban, db. 25<br \/>\nVet\u00e9sid\u0151 \u00fcvegh\u00e1zban II &#8211; IV<br \/>\nT\u00e1vols\u00e1gok, cm 30 x 30 cm<br \/>\nVir\u00e1gz\u00e1s VI-IX<br \/>\nVir\u00e1gz\u00e1si id\u0151, magass\u00e1g VI-IX<br \/>\nTerm\u0151f\u00f6ld<br \/>\nLucia Elite m\u00e1rka<\/p>\n","protected":false},"featured_media":31195,"comment_status":"closed","ping_status":"closed","template":"","meta":[],"product_brand":[],"product_cat":[369],"product_tag":[],"class_list":{"0":"post-31194","1":"product","2":"type-product","3":"status-publish","4":"has-post-thumbnail","6":"product_cat-virag-vetomagok-lucia-elite","8":"first","9":"instock","10":"taxable","11":"shipping-taxable","12":"purchasable","13":"product-type-simple"},"_links":{"self":[{"href":"https:\/\/chilimag.hu\/webshop\/wp-json\/wp\/v2\/product\/31194","targetHints":{"allow":["GET"]}}],"collection":[{"href":"https:\/\/chilimag.hu\/webshop\/wp-json\/wp\/v2\/product"}],"about":[{"href":"https:\/\/chilimag.hu\/webshop\/wp-json\/wp\/v2\/types\/product"}],"replies":[{"embeddable":true,"href":"https:\/\/chilimag.hu\/webshop\/wp-json\/wp\/v2\/comments?post=31194"}],"wp:featuredmedia":[{"embeddable":true,"href":"https:\/\/chilimag.hu\/webshop\/wp-json\/wp\/v2\/media\/31195"}],"wp:attachment":[{"href":"https:\/\/chilimag.hu\/webshop\/wp-json\/wp\/v2\/media?parent=31194"}],"wp:term":[{"taxonomy":"product_brand","embeddable":true,"href":"https:\/\/chilimag.hu\/webshop\/wp-json\/wp\/v2\/product_brand?post=31194"},{"taxonomy":"product_cat","embeddable":true,"href":"https:\/\/chilimag.hu\/webshop\/wp-json\/wp\/v2\/product_cat?post=31194"},{"taxonomy":"product_tag","embeddable":true,"href":"https:\/\/chilimag.hu\/webshop\/wp-json\/wp\/v2\/product_tag?post=31194"}],"curies":[{"name":"wp","href":"https:\/\/api.w.org\/{rel}","templated":true}]}}