{"id":31191,"date":"2024-03-23T20:20:14","date_gmt":"2024-03-23T20:20:14","guid":{"rendered":"https:\/\/chilimag.hu\/webshop\/?post_type=product&#038;p=31191"},"modified":"2026-02-17T10:12:17","modified_gmt":"2026-02-17T10:12:17","slug":"bogonia-flowerball-red-f1-el-sl","status":"publish","type":"product","link":"https:\/\/chilimag.hu\/webshop\/termek\/bogonia-flowerball-red-f1-el-sl\/","title":{"rendered":"Begonia Flowerball Red F1 EL SL"},"content":{"rendered":"","protected":false},"excerpt":{"rendered":"<p><img decoding=\"async\" class=\"active-logo\" src=\"https:\/\/b2b.seklos.lt\/themes\/warehouse\/img\/logo_en.png\" alt=\"Agrofirma S\u0117klos, UAB\" width=\"280\" height=\"95\" \/><\/p>\n<p>BEGONIA FLOWERBOLL H RED<br \/>\nEgyny\u00e1ri vir\u00e1gok, hossz\u00fa \u00e9s b\u0151s\u00e9ges vir\u00e1gz\u00e1suk miatt kedveltek. A vir\u00e1gz\u00e1s telt, f\u00e9nyes, 4 cm \u00e1tm\u00e9r\u0151j\u0171, a n\u00f6v\u00e9nyek t\u00f6m\u00f6rek, 20-25 cm magasak.<br \/>\nAlkalmas vir\u00e1g\u00e1gy\u00e1sokhoz, d\u00edszszeg\u00e9lyekhez, ablakp\u00e1rk\u00e1nyokhoz \u00e9s k\u00fclt\u00e9ri cserepekhez. Ahhoz, hogy eg\u00e9sz ny\u00e1ron \u00e9lvezhess\u00fck ezeket a gy\u00f6ny\u00f6r\u0171 vir\u00e1gokat, rendszeresen \u00f6nt\u00f6zni \u00e9s tr\u00e1gy\u00e1zni kell \u0151ket. Az utols\u00f3 fagy id\u0151pontja ut\u00e1n \u00fcltess\u00fck a szabadba. A vir\u00e1gz\u00e1s el\u0151seg\u00edt\u00e9se \u00e9rdek\u00e9ben a deadheading aj\u00e1nlott. Sz\u00e1raz talajban j\u00f3l n\u00f6vekszik, a napos ter\u00fcleteket kedveli.<br \/>\nPellet\u00e1lt magok, bevonatos \u00e9s k\u00f6nnyen elvethet\u0151. A magok +22-24 \u00b0C h\u0151m\u00e9rs\u00e9kleten 18-22 nap alatt cs\u00edr\u00e1znak. Nagyon fontos, hogy a magok cs\u00edr\u00e1z\u00e1s k\u00f6zben nedvesek legyenek.<br \/>\nEgy 3-4 n\u00e9gyzetm\u00e9teres vir\u00e1g\u00e1gy\u00e1shoz 30 mag elegend\u0151.<\/p>\n<p>Hermetikus csomagol\u00e1s Igen<br \/>\nMagok sz\u00e1ma a csomagban, db. 30<br \/>\nVet\u00e9sid\u0151 \u00fcvegh\u00e1zban XII\u2013III<br \/>\nT\u00e1vols\u00e1gok, cm 15 x 20 cm<br \/>\nVir\u00e1gz\u00e1s VI\u2013IX<br \/>\nVir\u00e1gz\u00e1si id\u0151, magass\u00e1g VI\u2013IX<br \/>\nTerm\u0151f\u00f6ld<br \/>\nLucia Elite m\u00e1rka<\/p>\n","protected":false},"featured_media":31192,"comment_status":"closed","ping_status":"closed","template":"","meta":[],"product_brand":[],"product_cat":[369],"product_tag":[],"class_list":{"0":"post-31191","1":"product","2":"type-product","3":"status-publish","4":"has-post-thumbnail","6":"product_cat-virag-vetomagok-lucia-elite","8":"first","9":"instock","10":"taxable","11":"shipping-taxable","12":"purchasable","13":"product-type-simple"},"_links":{"self":[{"href":"https:\/\/chilimag.hu\/webshop\/wp-json\/wp\/v2\/product\/31191","targetHints":{"allow":["GET"]}}],"collection":[{"href":"https:\/\/chilimag.hu\/webshop\/wp-json\/wp\/v2\/product"}],"about":[{"href":"https:\/\/chilimag.hu\/webshop\/wp-json\/wp\/v2\/types\/product"}],"replies":[{"embeddable":true,"href":"https:\/\/chilimag.hu\/webshop\/wp-json\/wp\/v2\/comments?post=31191"}],"wp:featuredmedia":[{"embeddable":true,"href":"https:\/\/chilimag.hu\/webshop\/wp-json\/wp\/v2\/media\/31192"}],"wp:attachment":[{"href":"https:\/\/chilimag.hu\/webshop\/wp-json\/wp\/v2\/media?parent=31191"}],"wp:term":[{"taxonomy":"product_brand","embeddable":true,"href":"https:\/\/chilimag.hu\/webshop\/wp-json\/wp\/v2\/product_brand?post=31191"},{"taxonomy":"product_cat","embeddable":true,"href":"https:\/\/chilimag.hu\/webshop\/wp-json\/wp\/v2\/product_cat?post=31191"},{"taxonomy":"product_tag","embeddable":true,"href":"https:\/\/chilimag.hu\/webshop\/wp-json\/wp\/v2\/product_tag?post=31191"}],"curies":[{"name":"wp","href":"https:\/\/api.w.org\/{rel}","templated":true}]}}