{"id":31185,"date":"2024-03-23T20:05:46","date_gmt":"2024-03-23T20:05:46","guid":{"rendered":"https:\/\/chilimag.hu\/webshop\/?post_type=product&#038;p=31185"},"modified":"2026-03-19T09:38:21","modified_gmt":"2026-03-19T09:38:21","slug":"cukkini-paladin-f1-terminator-f1-eln-sl","status":"publish","type":"product","link":"https:\/\/chilimag.hu\/webshop\/termek\/cukkini-paladin-f1-terminator-f1-eln-sl\/","title":{"rendered":"Cukkini Paladin Hibrid Terminator Hibrid ELN SL"},"content":{"rendered":"","protected":false},"excerpt":{"rendered":"<p><img decoding=\"async\" class=\"active-logo\" src=\"https:\/\/b2b.seklos.lt\/themes\/warehouse\/img\/logo_en.png\" alt=\"Agrofirma S\u0117klos, UAB\" width=\"280\" height=\"95\" \/><\/p>\n<p>PALADIN H &amp; TERMINATOR H<br \/>\nKorai, magas hozam\u00fa \u00e9s betegs\u00e9grezisztens hibrid fajt\u00e1k kever\u00e9ke. Ezek a fajt\u00e1k vonz\u00f3 levelekkel \u00e9s gy\u00fcm\u00f6lcs\u00f6kkel rendelkeznek, \u00edgy kiv\u00e1l\u00f3 v\u00e1laszt\u00e1s az erk\u00e9lyekre \u00e9s a k\u00fclt\u00e9ri \u00e1gyakra. Friss fogyaszt\u00e1sra a cukkinit 2-4 naponta, m\u00edg bef\u0151z\u00e9sn\u00e9l 6 naponta \u00e9rdemes leszedni.<br \/>\nA korai betakar\u00edt\u00e1shoz a magokat cser\u00e9pbe vetik, majd az utols\u00f3 fagy id\u0151pontja ut\u00e1n a szabadba \u00fcltetik \u00e1t. A pal\u00e1nt\u00e1k 20-25 napon bel\u00fcl n\u0151nek. A magvakat k\u00f6zvetlen\u00fcl a talajba vetj\u00fck 10 cm m\u00e9lys\u00e9gben, amikor a talaj h\u0151m\u00e9rs\u00e9klete el\u00e9ri a minimum +12 \u00b0C-ot. Ez a n\u00f6v\u00e9ny vir\u00e1gzik napf\u00e9nyben, meleg \u00e9s sz\u00e1raz helyen, lehet\u0151leg term\u00e9keny talajban.<br \/>\n2 g k\u00f6r\u00fclbel\u00fcl 12-16 magot tartalmaz.<br \/>\n2 g elegend\u0151 egy 10 m\u00b2-es ter\u00fclet lefed\u00e9s\u00e9re. A hozamot befoly\u00e1solja a n\u00f6v\u00e9nyek \u00fcltet\u00e9si s\u0171r\u0171s\u00e9ge. A tervezett hozam 60-80 kg k\u00f6z\u00f6tt mozog.<br \/>\nMagok csomagonk\u00e9nt: 1 g PALADIN H, 1 g TERMINATOR H.<\/p>\n<p>A fajta korai ideje Korai<br \/>\nMennyis\u00e9g egy csomagban 2 g<br \/>\nMagok sz\u00e1ma grammonk\u00e9nt 12-szept<br \/>\nVet\u00e9sid\u0151 a talajban V-VI<br \/>\nVet\u00e9sid\u0151 \u00fcvegh\u00e1zban IV<br \/>\nT\u00e1vols\u00e1gok, cm 70&#215;80 cm<br \/>\nSz\u00fcret VII-VIII<br \/>\nTerm\u0151f\u00f6ld<br \/>\nLucia Elite m\u00e1rka<\/p>\n","protected":false},"featured_media":31186,"comment_status":"closed","ping_status":"closed","template":"","meta":[],"product_brand":[],"product_cat":[368],"product_tag":[],"class_list":{"0":"post-31185","1":"product","2":"type-product","3":"status-publish","4":"has-post-thumbnail","6":"product_cat-zoldseg-vetomagok","8":"first","9":"instock","10":"taxable","11":"shipping-taxable","12":"purchasable","13":"product-type-simple"},"_links":{"self":[{"href":"https:\/\/chilimag.hu\/webshop\/wp-json\/wp\/v2\/product\/31185","targetHints":{"allow":["GET"]}}],"collection":[{"href":"https:\/\/chilimag.hu\/webshop\/wp-json\/wp\/v2\/product"}],"about":[{"href":"https:\/\/chilimag.hu\/webshop\/wp-json\/wp\/v2\/types\/product"}],"replies":[{"embeddable":true,"href":"https:\/\/chilimag.hu\/webshop\/wp-json\/wp\/v2\/comments?post=31185"}],"wp:featuredmedia":[{"embeddable":true,"href":"https:\/\/chilimag.hu\/webshop\/wp-json\/wp\/v2\/media\/31186"}],"wp:attachment":[{"href":"https:\/\/chilimag.hu\/webshop\/wp-json\/wp\/v2\/media?parent=31185"}],"wp:term":[{"taxonomy":"product_brand","embeddable":true,"href":"https:\/\/chilimag.hu\/webshop\/wp-json\/wp\/v2\/product_brand?post=31185"},{"taxonomy":"product_cat","embeddable":true,"href":"https:\/\/chilimag.hu\/webshop\/wp-json\/wp\/v2\/product_cat?post=31185"},{"taxonomy":"product_tag","embeddable":true,"href":"https:\/\/chilimag.hu\/webshop\/wp-json\/wp\/v2\/product_tag?post=31185"}],"curies":[{"name":"wp","href":"https:\/\/api.w.org\/{rel}","templated":true}]}}