{"id":31166,"date":"2024-03-23T19:25:18","date_gmt":"2024-03-23T19:25:18","guid":{"rendered":"https:\/\/chilimag.hu\/webshop\/?post_type=product&#038;p=31166"},"modified":"2026-03-09T20:14:03","modified_gmt":"2026-03-09T20:14:03","slug":"paradicsom-gigantomo-f1-z-s-sl","status":"publish","type":"product","link":"https:\/\/chilimag.hu\/webshop\/termek\/paradicsom-gigantomo-f1-z-s-sl\/","title":{"rendered":"Paradicsom Gigantomo Hibrid Z.S SL"},"content":{"rendered":"","protected":false},"excerpt":{"rendered":"<p><img decoding=\"async\" class=\"active-logo\" src=\"https:\/\/b2b.seklos.lt\/themes\/warehouse\/img\/logo_en.png\" alt=\"Agrofirma S\u0117klos, UAB\" width=\"280\" height=\"95\" \/><\/p>\n<p>K\u00f6z\u00e9pkorai, magas, nagy hozam\u00fa, marhasteak paradicsom hibrid fajt\u00e1ja. Napok a lej\u00e1ratig &#8211; 75-80 nap. A v\u00f6r\u00f6s, h\u00fasos, f\u00e9nyes gy\u00fcm\u00f6lcs\u00f6k gigantikus rekordm\u00e9ret\u0171ek lehetnek, ak\u00e1r 1 kg-ot is el\u00e9rhetnek. Nemcsak m\u00e9ret\u00fckkel, hanem \u00edz\u00fckkel \u00e9s arom\u00e1jukkal is meglepnek. A rekordm\u00e9ret\u0171 paradicsom termeszt\u00e9s\u00e9hez korl\u00e1tozni kell a gy\u00fcm\u00f6lcs\u00f6k sz\u00e1m\u00e1t a n\u00f6v\u00e9nyen. \u00dcvegh\u00e1zakban termesztik. T\u00e1mogat\u00e1sok sz\u00fcks\u00e9gesek.<\/p>\n<p>A fajta korai ideje M\u00e9rs\u00e9kelten korai<br \/>\nHermetikus csomagol\u00e1s Igen<br \/>\nMagok sz\u00e1ma a csomagban, db. 10<br \/>\nA pal\u00e1nt\u00e1k vet\u00e9si ideje III-IV,0,5-1,5 cm<br \/>\nT\u00e1vols\u00e1gok, cm IV-V, 90&#215;40 cm<br \/>\nN\u00f6v\u00e9nymagass\u00e1g Magas<br \/>\nSz\u00fcret VII-IX<br \/>\nTermeszt\u00e9si hely \u00dcvegh\u00e1zban<br \/>\nM\u00e1rka \u017dalia stotel\u0117<br \/>\nNapos hely Igen<br \/>\nPiros sz\u00edn<br \/>\nGy\u00fcm\u00f6lcs m\u00e9rete Nagy<\/p>\n","protected":false},"featured_media":31167,"comment_status":"closed","ping_status":"closed","template":"","meta":[],"product_brand":[],"product_cat":[413],"product_tag":[],"class_list":{"0":"post-31166","1":"product","2":"type-product","3":"status-publish","4":"has-post-thumbnail","6":"product_cat-paradicsom-vetomagok-zalia-stotele","8":"first","9":"instock","10":"taxable","11":"shipping-taxable","12":"purchasable","13":"product-type-simple"},"_links":{"self":[{"href":"https:\/\/chilimag.hu\/webshop\/wp-json\/wp\/v2\/product\/31166","targetHints":{"allow":["GET"]}}],"collection":[{"href":"https:\/\/chilimag.hu\/webshop\/wp-json\/wp\/v2\/product"}],"about":[{"href":"https:\/\/chilimag.hu\/webshop\/wp-json\/wp\/v2\/types\/product"}],"replies":[{"embeddable":true,"href":"https:\/\/chilimag.hu\/webshop\/wp-json\/wp\/v2\/comments?post=31166"}],"wp:featuredmedia":[{"embeddable":true,"href":"https:\/\/chilimag.hu\/webshop\/wp-json\/wp\/v2\/media\/31167"}],"wp:attachment":[{"href":"https:\/\/chilimag.hu\/webshop\/wp-json\/wp\/v2\/media?parent=31166"}],"wp:term":[{"taxonomy":"product_brand","embeddable":true,"href":"https:\/\/chilimag.hu\/webshop\/wp-json\/wp\/v2\/product_brand?post=31166"},{"taxonomy":"product_cat","embeddable":true,"href":"https:\/\/chilimag.hu\/webshop\/wp-json\/wp\/v2\/product_cat?post=31166"},{"taxonomy":"product_tag","embeddable":true,"href":"https:\/\/chilimag.hu\/webshop\/wp-json\/wp\/v2\/product_tag?post=31166"}],"curies":[{"name":"wp","href":"https:\/\/api.w.org\/{rel}","templated":true}]}}