{"id":31162,"date":"2024-03-23T19:20:41","date_gmt":"2024-03-23T19:20:41","guid":{"rendered":"https:\/\/chilimag.hu\/webshop\/?post_type=product&#038;p=31162"},"modified":"2026-02-18T16:09:23","modified_gmt":"2026-02-18T16:09:23","slug":"paradicsom-crimson-crush-f1-z-s-sl","status":"publish","type":"product","link":"https:\/\/chilimag.hu\/webshop\/termek\/paradicsom-crimson-crush-f1-z-s-sl\/","title":{"rendered":"Paradicsom Crimson Crush Hibrid Z.S SL"},"content":{"rendered":"","protected":false},"excerpt":{"rendered":"<p><img decoding=\"async\" class=\"active-logo\" src=\"https:\/\/b2b.seklos.lt\/themes\/warehouse\/img\/logo_en.png\" alt=\"Agrofirma S\u0117klos, UAB\" width=\"280\" height=\"95\" \/><\/p>\n<p>Korai, magas hozam\u00fa, magas fajta, fert\u0151z\u00f6tts\u00e9ggel szemben rendk\u00edv\u00fcl ellen\u00e1ll\u00f3. Napok a lej\u00e1ratig &#8211; 55-60 nap. A gy\u00fcm\u00f6lcs\u00f6k pirosak, f\u00e9nyesek \u00e9s kerekek, a sz\u00e1r mellett nincs z\u00f6ld folt, s\u00falyuk kb. 125-150 g. Reped\u00e9sekkel szemben ellen\u00e1ll\u00f3ak. Ezek a paradicsomok nyersen fogyaszthat\u00f3k, sz\u00f3szok \u00e9s \u00edzek k\u00e9sz\u00edt\u00e9s\u00e9re haszn\u00e1lhat\u00f3k, illetve tart\u00f3s\u00edthat\u00f3k. A n\u00f6v\u00e9nyek \u00fcvegh\u00e1zakban vagy szabadban nevelhet\u0151k. Az ide\u00e1lis cs\u00edr\u00e1z\u00e1si h\u0151m\u00e9rs\u00e9klet 20-25 \u00b0C.<\/p>\n<p>A fajta korai ideje Korai<br \/>\nHermetikus csomagol\u00e1s Igen<br \/>\nMagok sz\u00e1ma a csomagban, db. 10<br \/>\nA pal\u00e1nt\u00e1k vet\u00e9si ideje III-IV,0,5-1,5 cm<br \/>\nT\u00e1vols\u00e1gok, cm IV-V, 90&#215;40 cm<br \/>\nN\u00f6v\u00e9nymagass\u00e1g Magas<br \/>\nSz\u00fcret VII-IX<br \/>\nTerm\u0151f\u00f6ld<br \/>\nM\u00e1rka \u017dalia stotel\u0117<br \/>\nNapos hely Igen<br \/>\nPiros sz\u00edn<br \/>\nGy\u00fcm\u00f6lcsm\u00e9ret \u00c1tlagos m\u00e9ret<\/p>\n","protected":false},"featured_media":31163,"comment_status":"closed","ping_status":"closed","template":"","meta":[],"product_brand":[],"product_cat":[413],"product_tag":[],"class_list":{"0":"post-31162","1":"product","2":"type-product","3":"status-publish","4":"has-post-thumbnail","6":"product_cat-paradicsom-vetomagok-zalia-stotele","8":"first","9":"instock","10":"taxable","11":"shipping-taxable","12":"purchasable","13":"product-type-simple"},"_links":{"self":[{"href":"https:\/\/chilimag.hu\/webshop\/wp-json\/wp\/v2\/product\/31162","targetHints":{"allow":["GET"]}}],"collection":[{"href":"https:\/\/chilimag.hu\/webshop\/wp-json\/wp\/v2\/product"}],"about":[{"href":"https:\/\/chilimag.hu\/webshop\/wp-json\/wp\/v2\/types\/product"}],"replies":[{"embeddable":true,"href":"https:\/\/chilimag.hu\/webshop\/wp-json\/wp\/v2\/comments?post=31162"}],"wp:featuredmedia":[{"embeddable":true,"href":"https:\/\/chilimag.hu\/webshop\/wp-json\/wp\/v2\/media\/31163"}],"wp:attachment":[{"href":"https:\/\/chilimag.hu\/webshop\/wp-json\/wp\/v2\/media?parent=31162"}],"wp:term":[{"taxonomy":"product_brand","embeddable":true,"href":"https:\/\/chilimag.hu\/webshop\/wp-json\/wp\/v2\/product_brand?post=31162"},{"taxonomy":"product_cat","embeddable":true,"href":"https:\/\/chilimag.hu\/webshop\/wp-json\/wp\/v2\/product_cat?post=31162"},{"taxonomy":"product_tag","embeddable":true,"href":"https:\/\/chilimag.hu\/webshop\/wp-json\/wp\/v2\/product_tag?post=31162"}],"curies":[{"name":"wp","href":"https:\/\/api.w.org\/{rel}","templated":true}]}}