{"id":31155,"date":"2024-03-23T19:11:05","date_gmt":"2024-03-23T19:11:05","guid":{"rendered":"https:\/\/chilimag.hu\/webshop\/?post_type=product&#038;p=31155"},"modified":"2025-08-26T11:37:09","modified_gmt":"2025-08-26T11:37:09","slug":"paradicsom-giano-f1-z-s-sl","status":"publish","type":"product","link":"https:\/\/chilimag.hu\/webshop\/termek\/paradicsom-giano-f1-z-s-sl\/","title":{"rendered":"Paradicsom Giano Hibrid Z.S SL"},"content":{"rendered":"","protected":false},"excerpt":{"rendered":"<p><img decoding=\"async\" class=\"active-logo\" src=\"https:\/\/b2b.seklos.lt\/themes\/warehouse\/img\/logo_en.png\" alt=\"Agrofirma S\u0117klos, UAB\" width=\"280\" height=\"95\" \/><\/p>\n<p>A San Marzano t\u00edpus\u00fa paradicsom k\u00f6z\u00e9pkorai, magas hozam\u00fa, magas hibrid fajt\u00e1ja. \u00dcvegh\u00e1zakban termesztik. Ez a fajta betegs\u00e9gellen\u00e1ll\u00f3, kedvez\u0151tlen termeszt\u00e9si k\u00f6r\u00fclm\u00e9nyek k\u00f6z\u00f6tt is magas hozam\u00fa. Gy\u00fcm\u00f6lcsei v\u00f6r\u00f6sek, legfeljebb 14 cm hossz\u00faak, 100-120 g t\u00f6meg\u0171ek, \u00edzletes, vastag h\u00fas\u00faak. Nyersen fogyaszthat\u00f3k, de sz\u00e1r\u00edt\u00e1sra, sz\u00f3szra vagy paradicsomp\u00fcr\u00e9re is alkalmasak.<\/p>\n<p>A fajta korai ideje M\u00e9rs\u00e9kelten korai<br \/>\nHermetikus csomagol\u00e1s Igen<br \/>\nMagok sz\u00e1ma a csomagban, db. 10<br \/>\nA pal\u00e1nt\u00e1k vet\u00e9si ideje III-IV,0,5-1,5 cm<br \/>\nT\u00e1vols\u00e1gok, cm IV-V, 90&#215;40 cm<br \/>\nN\u00f6v\u00e9nymagass\u00e1g Magas<br \/>\nSz\u00fcret VII-IX<br \/>\nTermeszt\u00e9si hely \u00dcvegh\u00e1zban<br \/>\nM\u00e1rka \u017dalia stotel\u0117<br \/>\nNapos hely Igen<br \/>\nPiros sz\u00edn<br \/>\nGy\u00fcm\u00f6lcsm\u00e9ret \u00c1tlagos m\u00e9ret<\/p>\n","protected":false},"featured_media":31156,"comment_status":"closed","ping_status":"closed","template":"","meta":[],"product_brand":[],"product_cat":[413],"product_tag":[],"class_list":{"0":"post-31155","1":"product","2":"type-product","3":"status-publish","4":"has-post-thumbnail","6":"product_cat-paradicsom-vetomagok-zalia-stotele","8":"first","9":"instock","10":"taxable","11":"shipping-taxable","12":"purchasable","13":"product-type-simple"},"_links":{"self":[{"href":"https:\/\/chilimag.hu\/webshop\/wp-json\/wp\/v2\/product\/31155","targetHints":{"allow":["GET"]}}],"collection":[{"href":"https:\/\/chilimag.hu\/webshop\/wp-json\/wp\/v2\/product"}],"about":[{"href":"https:\/\/chilimag.hu\/webshop\/wp-json\/wp\/v2\/types\/product"}],"replies":[{"embeddable":true,"href":"https:\/\/chilimag.hu\/webshop\/wp-json\/wp\/v2\/comments?post=31155"}],"wp:featuredmedia":[{"embeddable":true,"href":"https:\/\/chilimag.hu\/webshop\/wp-json\/wp\/v2\/media\/31156"}],"wp:attachment":[{"href":"https:\/\/chilimag.hu\/webshop\/wp-json\/wp\/v2\/media?parent=31155"}],"wp:term":[{"taxonomy":"product_brand","embeddable":true,"href":"https:\/\/chilimag.hu\/webshop\/wp-json\/wp\/v2\/product_brand?post=31155"},{"taxonomy":"product_cat","embeddable":true,"href":"https:\/\/chilimag.hu\/webshop\/wp-json\/wp\/v2\/product_cat?post=31155"},{"taxonomy":"product_tag","embeddable":true,"href":"https:\/\/chilimag.hu\/webshop\/wp-json\/wp\/v2\/product_tag?post=31155"}],"curies":[{"name":"wp","href":"https:\/\/api.w.org\/{rel}","templated":true}]}}