{"id":31142,"date":"2024-03-23T18:48:53","date_gmt":"2024-03-23T18:48:53","guid":{"rendered":"https:\/\/chilimag.hu\/webshop\/?post_type=product&#038;p=31142"},"modified":"2026-02-17T20:23:05","modified_gmt":"2026-02-17T20:23:05","slug":"tok-apetit-olajtok-z-s-sl","status":"publish","type":"product","link":"https:\/\/chilimag.hu\/webshop\/termek\/tok-apetit-olajtok-z-s-sl\/","title":{"rendered":"T\u00f6k Apetit olajt\u00f6k Z.S SL"},"content":{"rendered":"","protected":false},"excerpt":{"rendered":"<p><img decoding=\"async\" class=\"logo\" src=\"https:\/\/b2b.seklos.lt\/themes\/warehouse\/img\/logo_en.png\" alt=\"Agrofirma S\u0117klos, UAB\" \/><\/p>\n<p>Magas hozam\u00fa olajos t\u00f6k fajta. Ezt a fajt\u00e1t mag c\u00e9lj\u00e1b\u00f3l termesztik. A magvak nagyok, s\u00f6t\u00e9tbarn\u00e1k, h\u00e9j n\u00e9lk\u00fcliek, \u00edzletesek \u00e9s magas cinktartalmuk miatt \u00e9rt\u00e9kelik \u0151ket. Az \u00e9rett gy\u00fcm\u00f6lcs\u00f6k kerekek \u00e9s narancss\u00e1rg\u00e1k, z\u00f6ld cs\u00edkokkal. Legjobb napos, v\u00e9dett helyen termeszteni, term\u00e9keny, laza, gyorsan felmeleged\u0151 talajban. Kor\u00e1bbi betakar\u00edt\u00e1shoz pal\u00e1nt\u00e1kb\u00f3l termesztj\u00fck.<\/p>\n<p>Mennyis\u00e9g egy csomagban 2 g<br \/>\nMagok sz\u00e1ma grammonk\u00e9nt 8-m\u00e1rc<br \/>\nVet\u00e9sid\u0151 a talajban V-VI, 3-5 cm<br \/>\nA pal\u00e1nt\u00e1k vet\u00e9sideje IV-V, 3-5 cm<br \/>\nT\u00e1vols\u00e1gok, cm V-VI,100&#215;100 cm<br \/>\nSz\u00fcret VIII-IX<br \/>\nTerm\u0151f\u00f6ld<br \/>\nM\u00e1rka \u017dalia stotel\u0117<br \/>\nNapos hely Igen<\/p>\n","protected":false},"featured_media":31143,"comment_status":"closed","ping_status":"closed","template":"","meta":[],"product_brand":[],"product_cat":[420],"product_tag":[],"class_list":{"0":"post-31142","1":"product","2":"type-product","3":"status-publish","4":"has-post-thumbnail","6":"product_cat-dinnye-es-tok-vetomagok-zalia-stotele","8":"first","9":"instock","10":"taxable","11":"shipping-taxable","12":"purchasable","13":"product-type-simple"},"_links":{"self":[{"href":"https:\/\/chilimag.hu\/webshop\/wp-json\/wp\/v2\/product\/31142","targetHints":{"allow":["GET"]}}],"collection":[{"href":"https:\/\/chilimag.hu\/webshop\/wp-json\/wp\/v2\/product"}],"about":[{"href":"https:\/\/chilimag.hu\/webshop\/wp-json\/wp\/v2\/types\/product"}],"replies":[{"embeddable":true,"href":"https:\/\/chilimag.hu\/webshop\/wp-json\/wp\/v2\/comments?post=31142"}],"wp:featuredmedia":[{"embeddable":true,"href":"https:\/\/chilimag.hu\/webshop\/wp-json\/wp\/v2\/media\/31143"}],"wp:attachment":[{"href":"https:\/\/chilimag.hu\/webshop\/wp-json\/wp\/v2\/media?parent=31142"}],"wp:term":[{"taxonomy":"product_brand","embeddable":true,"href":"https:\/\/chilimag.hu\/webshop\/wp-json\/wp\/v2\/product_brand?post=31142"},{"taxonomy":"product_cat","embeddable":true,"href":"https:\/\/chilimag.hu\/webshop\/wp-json\/wp\/v2\/product_cat?post=31142"},{"taxonomy":"product_tag","embeddable":true,"href":"https:\/\/chilimag.hu\/webshop\/wp-json\/wp\/v2\/product_tag?post=31142"}],"curies":[{"name":"wp","href":"https:\/\/api.w.org\/{rel}","templated":true}]}}