{"id":31138,"date":"2024-03-23T18:42:40","date_gmt":"2024-03-23T18:42:40","guid":{"rendered":"https:\/\/chilimag.hu\/webshop\/?post_type=product&#038;p=31138"},"modified":"2026-02-03T21:49:13","modified_gmt":"2026-02-03T21:49:13","slug":"sargadinnye-amarillo-canario-z-s-sl","status":"publish","type":"product","link":"https:\/\/chilimag.hu\/webshop\/termek\/sargadinnye-amarillo-canario-z-s-sl\/","title":{"rendered":"S\u00e1rgadinnye Amarillo Canario Z.S SL"},"content":{"rendered":"","protected":false},"excerpt":{"rendered":"<p><img decoding=\"async\" class=\"logo\" src=\"https:\/\/b2b.seklos.lt\/themes\/warehouse\/img\/logo_en.png\" alt=\"Agrofirma S\u0117klos, UAB\" \/><\/p>\n<p>K\u00f6z\u00e9pkorai, magas hozam\u00fa fajta. A gy\u00fcm\u00f6lcs\u00f6k ov\u00e1lisak, sima, \u00e9l\u00e9nks\u00e1rga h\u00e9j\u00faak, s\u00falyuk el\u00e9rheti a 2,8 kg-ot. A h\u00fas halv\u00e1nys\u00e1rga \u00e9s l\u00e9d\u00fas. A s\u00e1rgadinnye termeszthet\u0151 \u00fcvegh\u00e1zban vagy szabadban. A n\u00f6v\u00e9nyek er\u0151sek \u00e9s d\u00fasak. A korai betakar\u00edt\u00e1shoz a legjobb, ha pal\u00e1nt\u00e1b\u00f3l termesztj\u00fck.<\/p>\n<p>A fajta korai ideje M\u00e9rs\u00e9kelten korai<br \/>\nEgy csomagban l\u00e9v\u0151 mennyis\u00e9g 1 g<br \/>\nMagok sz\u00e1ma grammonk\u00e9nt 25-40<br \/>\nVet\u00e9sid\u0151 a talajban V-VI, 2,5-4cm<br \/>\nA pal\u00e1nt\u00e1k vet\u00e9si ideje IV-V, 2,5-4cm<br \/>\nVet\u00e9sid\u0151 \u00fcvegh\u00e1zban IV-V, 2,5-4cm<br \/>\nT\u00e1vols\u00e1gok, cm V\u2013VI, 80&#215;40 cm<br \/>\nSz\u00fcret VIII-IX<br \/>\nTerm\u0151f\u00f6ld<br \/>\nM\u00e1rka \u017dalia stotel\u0117<br \/>\nNapos hely Igen<\/p>\n","protected":false},"featured_media":31139,"comment_status":"closed","ping_status":"closed","template":"","meta":[],"product_brand":[],"product_cat":[420],"product_tag":[],"class_list":{"0":"post-31138","1":"product","2":"type-product","3":"status-publish","4":"has-post-thumbnail","6":"product_cat-dinnye-es-tok-vetomagok-zalia-stotele","8":"first","9":"instock","10":"taxable","11":"shipping-taxable","12":"purchasable","13":"product-type-simple"},"_links":{"self":[{"href":"https:\/\/chilimag.hu\/webshop\/wp-json\/wp\/v2\/product\/31138","targetHints":{"allow":["GET"]}}],"collection":[{"href":"https:\/\/chilimag.hu\/webshop\/wp-json\/wp\/v2\/product"}],"about":[{"href":"https:\/\/chilimag.hu\/webshop\/wp-json\/wp\/v2\/types\/product"}],"replies":[{"embeddable":true,"href":"https:\/\/chilimag.hu\/webshop\/wp-json\/wp\/v2\/comments?post=31138"}],"wp:featuredmedia":[{"embeddable":true,"href":"https:\/\/chilimag.hu\/webshop\/wp-json\/wp\/v2\/media\/31139"}],"wp:attachment":[{"href":"https:\/\/chilimag.hu\/webshop\/wp-json\/wp\/v2\/media?parent=31138"}],"wp:term":[{"taxonomy":"product_brand","embeddable":true,"href":"https:\/\/chilimag.hu\/webshop\/wp-json\/wp\/v2\/product_brand?post=31138"},{"taxonomy":"product_cat","embeddable":true,"href":"https:\/\/chilimag.hu\/webshop\/wp-json\/wp\/v2\/product_cat?post=31138"},{"taxonomy":"product_tag","embeddable":true,"href":"https:\/\/chilimag.hu\/webshop\/wp-json\/wp\/v2\/product_tag?post=31138"}],"curies":[{"name":"wp","href":"https:\/\/api.w.org\/{rel}","templated":true}]}}