{"id":31136,"date":"2024-03-23T18:38:43","date_gmt":"2024-03-23T18:38:43","guid":{"rendered":"https:\/\/chilimag.hu\/webshop\/?post_type=product&#038;p=31136"},"modified":"2026-01-26T21:48:10","modified_gmt":"2026-01-26T21:48:10","slug":"mangold-blonde-a-carde-blanche-2-z-s-sl","status":"publish","type":"product","link":"https:\/\/chilimag.hu\/webshop\/termek\/mangold-blonde-a-carde-blanche-2-z-s-sl\/","title":{"rendered":"M\u00e1ngold BLONDE A CARDE BLANCHE 2 Z.S SL"},"content":{"rendered":"","protected":false},"excerpt":{"rendered":"<p><img decoding=\"async\" class=\"active-logo\" src=\"https:\/\/b2b.seklos.lt\/themes\/warehouse\/img\/logo_en.png\" alt=\"Agrofirma S\u0117klos, UAB\" width=\"280\" height=\"95\" \/><\/p>\n<p>A termeszt\u00e9si id\u0151 a vet\u00e9s ut\u00e1n 50-60 nap. A n\u00f6v\u00e9nyek d\u00fasak \u00e9s kb. 30-50 cm magas. A fajta h\u0151\u00e1ll\u00f3s\u00e1g\u00e1val jellemezhet\u0151. A levelek \u00e9s a sz\u00e1rak is ehet\u0151ek. A betakar\u00edt\u00e1s k\u00e9s\u0151 \u0151szig v\u00e9gezhet\u0151. A legjobban nem savas, humuszos, agyagos talajban fejl\u0151dik. Forral\u00e1sra, p\u00e1rol\u00e1sra, s\u00fct\u00e9sre, tart\u00f3s\u00edt\u00e1sra alkalmas.<\/p>\n<p>A fajta korai ideje M\u00e9rs\u00e9kelten korai<br \/>\nMennyis\u00e9g egy csomagban 5 g<br \/>\nMagok sz\u00e1ma grammonk\u00e9nt 40-55<br \/>\nVet\u00e9sid\u0151 a talajban IV-VI,3-4 cm<br \/>\nT\u00e1vols\u00e1gok, cm V-VI, 30-40x10cm<br \/>\nSz\u00fcret VI-IX<br \/>\nTerm\u0151f\u00f6ld<br \/>\nM\u00e1rka \u017dalia stotel\u0117<br \/>\nNapos hely Igen<\/p>\n","protected":false},"featured_media":31137,"comment_status":"closed","ping_status":"closed","template":"","meta":[],"product_brand":[],"product_cat":[357],"product_tag":[],"class_list":{"0":"post-31136","1":"product","2":"type-product","3":"status-publish","4":"has-post-thumbnail","6":"product_cat-retek-salata-es-levelzoldseg-vetomagok","8":"first","9":"instock","10":"taxable","11":"shipping-taxable","12":"purchasable","13":"product-type-simple"},"_links":{"self":[{"href":"https:\/\/chilimag.hu\/webshop\/wp-json\/wp\/v2\/product\/31136","targetHints":{"allow":["GET"]}}],"collection":[{"href":"https:\/\/chilimag.hu\/webshop\/wp-json\/wp\/v2\/product"}],"about":[{"href":"https:\/\/chilimag.hu\/webshop\/wp-json\/wp\/v2\/types\/product"}],"replies":[{"embeddable":true,"href":"https:\/\/chilimag.hu\/webshop\/wp-json\/wp\/v2\/comments?post=31136"}],"wp:featuredmedia":[{"embeddable":true,"href":"https:\/\/chilimag.hu\/webshop\/wp-json\/wp\/v2\/media\/31137"}],"wp:attachment":[{"href":"https:\/\/chilimag.hu\/webshop\/wp-json\/wp\/v2\/media?parent=31136"}],"wp:term":[{"taxonomy":"product_brand","embeddable":true,"href":"https:\/\/chilimag.hu\/webshop\/wp-json\/wp\/v2\/product_brand?post=31136"},{"taxonomy":"product_cat","embeddable":true,"href":"https:\/\/chilimag.hu\/webshop\/wp-json\/wp\/v2\/product_cat?post=31136"},{"taxonomy":"product_tag","embeddable":true,"href":"https:\/\/chilimag.hu\/webshop\/wp-json\/wp\/v2\/product_tag?post=31136"}],"curies":[{"name":"wp","href":"https:\/\/api.w.org\/{rel}","templated":true}]}}