{"id":31132,"date":"2024-03-23T18:34:32","date_gmt":"2024-03-23T18:34:32","guid":{"rendered":"https:\/\/chilimag.hu\/webshop\/?post_type=product&#038;p=31132"},"modified":"2026-01-14T18:02:16","modified_gmt":"2026-01-14T18:02:16","slug":"fodros-kel-oldenbor-f1-z-s-sl","status":"publish","type":"product","link":"https:\/\/chilimag.hu\/webshop\/termek\/fodros-kel-oldenbor-f1-z-s-sl\/","title":{"rendered":"Fodros kel Oldenbor Hibrid Z.S SL"},"content":{"rendered":"","protected":false},"excerpt":{"rendered":"<p><img decoding=\"async\" class=\"active-logo\" src=\"https:\/\/b2b.seklos.lt\/themes\/warehouse\/img\/logo_en.png\" alt=\"Agrofirma S\u0117klos, UAB\" width=\"280\" height=\"95\" \/><\/p>\n<p>Korai hibrid. A veget\u00e1ci\u00f3s id\u0151 60-70 nap. A n\u00f6v\u00e9ny magass\u00e1ga k\u00f6r\u00fclbel\u00fcl 60 cm. A lev\u00e9l z\u00f6ld, r\u00e1ncos, nem s\u00e1rga. Azoknak levest f\u0151z, sal\u00e1t\u00e1kat k\u00e9sz\u00edt. A n\u00f6v\u00e9ny a -15 \u00b0C-os fagyokat is j\u00f3l b\u00edrja, \u00edgy ha t\u00e9lre a szabadban hagyod, m\u00e9g decemberben is arathatsz friss leveleket. A vet\u0151mag k\u00f3dolhat\u00f3. A magok k\u00f3dolva vannak vele, a k\u00f3dol\u00f3 eszk\u00f6z neve a csomag alj\u00e1n tal\u00e1lhat\u00f3. A magvak kezelhet\u0151k. Ha a magvakat kezelik, a kezel\u00e9s neve a csomagol\u00e1s alj\u00e1n tal\u00e1lhat\u00f3A fajta korai ideje M\u00e9rs\u00e9kelten korai<br \/>\nHermetikus csomagol\u00e1s Igen<br \/>\nMagok sz\u00e1ma a csomagban, db. 20<br \/>\nA pal\u00e1nt\u00e1k vet\u00e9si ideje III-IV, 1,5 cm<br \/>\nT\u00e1vols\u00e1gok, cm IV-V, 60&#215;80 cm<br \/>\nSz\u00fcret VI-XII<br \/>\nTerm\u0151f\u00f6ld<br \/>\nM\u00e1rka \u017dalia stotel\u0117<br \/>\nNapos hely Igen<\/p>\n<p>&nbsp;<\/p>\n","protected":false},"featured_media":31133,"comment_status":"closed","ping_status":"closed","template":"","meta":[],"product_brand":[],"product_cat":[415],"product_tag":[],"class_list":{"0":"post-31132","1":"product","2":"type-product","3":"status-publish","4":"has-post-thumbnail","6":"product_cat-kaposzta-es-karfiol-vetomagok-zalia-stotele","8":"first","9":"instock","10":"taxable","11":"shipping-taxable","12":"purchasable","13":"product-type-simple"},"_links":{"self":[{"href":"https:\/\/chilimag.hu\/webshop\/wp-json\/wp\/v2\/product\/31132","targetHints":{"allow":["GET"]}}],"collection":[{"href":"https:\/\/chilimag.hu\/webshop\/wp-json\/wp\/v2\/product"}],"about":[{"href":"https:\/\/chilimag.hu\/webshop\/wp-json\/wp\/v2\/types\/product"}],"replies":[{"embeddable":true,"href":"https:\/\/chilimag.hu\/webshop\/wp-json\/wp\/v2\/comments?post=31132"}],"wp:featuredmedia":[{"embeddable":true,"href":"https:\/\/chilimag.hu\/webshop\/wp-json\/wp\/v2\/media\/31133"}],"wp:attachment":[{"href":"https:\/\/chilimag.hu\/webshop\/wp-json\/wp\/v2\/media?parent=31132"}],"wp:term":[{"taxonomy":"product_brand","embeddable":true,"href":"https:\/\/chilimag.hu\/webshop\/wp-json\/wp\/v2\/product_brand?post=31132"},{"taxonomy":"product_cat","embeddable":true,"href":"https:\/\/chilimag.hu\/webshop\/wp-json\/wp\/v2\/product_cat?post=31132"},{"taxonomy":"product_tag","embeddable":true,"href":"https:\/\/chilimag.hu\/webshop\/wp-json\/wp\/v2\/product_tag?post=31132"}],"curies":[{"name":"wp","href":"https:\/\/api.w.org\/{rel}","templated":true}]}}