{"id":31129,"date":"2024-03-23T18:27:31","date_gmt":"2024-03-23T18:27:31","guid":{"rendered":"https:\/\/chilimag.hu\/webshop\/?post_type=product&#038;p=31129"},"modified":"2026-03-13T06:30:25","modified_gmt":"2026-03-13T06:30:25","slug":"cukino-impero-f1-z-s-sl","status":"publish","type":"product","link":"https:\/\/chilimag.hu\/webshop\/termek\/cukino-impero-f1-z-s-sl\/","title":{"rendered":"Cukkini Impero Hibrid Z.S SL"},"content":{"rendered":"","protected":false},"excerpt":{"rendered":"<p><img decoding=\"async\" class=\"active-logo\" src=\"https:\/\/b2b.seklos.lt\/themes\/warehouse\/img\/logo_en.png\" alt=\"Agrofirma S\u0117klos, UAB\" width=\"280\" height=\"95\" \/><\/p>\n<p>K\u00f6z\u00e9pkorai, magas hozam\u00fa hibrid fajta, mely betegs\u00e9gekkel szembeni ellen\u00e1ll\u00f3 k\u00e9pess\u00e9g\u00e9vel jellemezhet\u0151. A cukkini szabadban vagy fed\u00e9l alatt nevelhet\u0151. Gy\u00fcm\u00f6lcsei henger alak\u00faak, 20\u201324 cm hossz\u00faak, f\u00e9nyesek \u00e9s z\u00f6ldek, vil\u00e1gosabb cs\u00edkokkal. Hossz\u00fa betakar\u00edt\u00e1si id\u0151 \u2013 a b\u0151r puha marad \u00e9s a magvak lassan fejl\u0151dnek. K\u00f6nnyen betakar\u00edthat\u00f3. Alkalmas p\u00e1col\u00e1sra, s\u00fct\u00e9sre, p\u00e1rol\u00e1sra \u00e9s t\u00f6ltel\u00e9kre.<\/p>\n<p>A fajta korai ideje M\u00e9rs\u00e9kelten korai<br \/>\nMennyis\u00e9g egy csomagban 1,5g<br \/>\nMagok sz\u00e1ma grammonk\u00e9nt 8-j\u00fan<br \/>\nVet\u00e9sid\u0151 a talajban V-VI, 3-4cm<br \/>\nA pal\u00e1nt\u00e1k vet\u00e9si ideje IV, 3-4 cm<br \/>\nT\u00e1vols\u00e1gok, cm V-VI,70&#215;60-70 cm<br \/>\nSz\u00fcret VI-VIII<br \/>\nTerm\u0151f\u00f6ld<br \/>\nM\u00e1rka \u017dalia stotel\u0117<br \/>\nNapos hely Igen<\/p>\n","protected":false},"featured_media":31130,"comment_status":"closed","ping_status":"closed","template":"","meta":[],"product_brand":[],"product_cat":[420],"product_tag":[],"class_list":{"0":"post-31129","1":"product","2":"type-product","3":"status-publish","4":"has-post-thumbnail","6":"product_cat-dinnye-es-tok-vetomagok-zalia-stotele","8":"first","9":"instock","10":"taxable","11":"shipping-taxable","12":"purchasable","13":"product-type-simple"},"_links":{"self":[{"href":"https:\/\/chilimag.hu\/webshop\/wp-json\/wp\/v2\/product\/31129","targetHints":{"allow":["GET"]}}],"collection":[{"href":"https:\/\/chilimag.hu\/webshop\/wp-json\/wp\/v2\/product"}],"about":[{"href":"https:\/\/chilimag.hu\/webshop\/wp-json\/wp\/v2\/types\/product"}],"replies":[{"embeddable":true,"href":"https:\/\/chilimag.hu\/webshop\/wp-json\/wp\/v2\/comments?post=31129"}],"wp:featuredmedia":[{"embeddable":true,"href":"https:\/\/chilimag.hu\/webshop\/wp-json\/wp\/v2\/media\/31130"}],"wp:attachment":[{"href":"https:\/\/chilimag.hu\/webshop\/wp-json\/wp\/v2\/media?parent=31129"}],"wp:term":[{"taxonomy":"product_brand","embeddable":true,"href":"https:\/\/chilimag.hu\/webshop\/wp-json\/wp\/v2\/product_brand?post=31129"},{"taxonomy":"product_cat","embeddable":true,"href":"https:\/\/chilimag.hu\/webshop\/wp-json\/wp\/v2\/product_cat?post=31129"},{"taxonomy":"product_tag","embeddable":true,"href":"https:\/\/chilimag.hu\/webshop\/wp-json\/wp\/v2\/product_tag?post=31129"}],"curies":[{"name":"wp","href":"https:\/\/api.w.org\/{rel}","templated":true}]}}