{"id":31124,"date":"2024-03-23T18:17:46","date_gmt":"2024-03-23T18:17:46","guid":{"rendered":"https:\/\/chilimag.hu\/webshop\/?post_type=product&#038;p=31124"},"modified":"2026-02-28T06:11:33","modified_gmt":"2026-02-28T06:11:33","slug":"brokkoli-sebastian-z-s-sl","status":"publish","type":"product","link":"https:\/\/chilimag.hu\/webshop\/termek\/brokkoli-sebastian-z-s-sl\/","title":{"rendered":"Brokkoli Sebastian Z.S SL"},"content":{"rendered":"","protected":false},"excerpt":{"rendered":"<p><img decoding=\"async\" class=\"active-logo\" src=\"https:\/\/b2b.seklos.lt\/themes\/warehouse\/img\/logo_en.png\" alt=\"Agrofirma S\u0117klos, UAB\" width=\"280\" height=\"95\" \/><\/p>\n<p>Tavaszi \u00e9s \u0151szi betakar\u00edt\u00e1sra termesztett korai fajta. A vir\u00e1gokat tavasszal a pal\u00e1nta\u00fcltet\u00e9s ut\u00e1n 30-40 nappal, \u0151sszel 40-50 nappal lehet betakar\u00edtani. A vir\u00e1gok s\u0171r\u0171ek \u00e9s s\u00f6t\u00e9tz\u00f6ldek. A betakar\u00edt\u00e1st addig v\u00e9gezz\u00fck, am\u00edg a fejeknek m\u00e9g szoros a r\u00fcgyei. A legjobb hozamot term\u00e9keny, humuszban gazdag, k\u00f6zepesen neh\u00e9z, v\u00edz\u00e1tereszt\u0151 talajban termesztj\u00fck.<\/p>\n<p>A fajta korai ideje Korai<br \/>\nHermetikus csomagol\u00e1s Igen<br \/>\nMennyis\u00e9g egy csomagban 0,2g<br \/>\nMagok sz\u00e1ma grammonk\u00e9nt 300-340<br \/>\nVet\u00e9sid\u0151 a talajban V-VI,1-1,5cm<br \/>\nA pal\u00e1nt\u00e1k vet\u00e9si ideje III-V, 1-1,5 cm<br \/>\nT\u00e1vols\u00e1gok, cm IV-VII, 50-60&#215;20-40 cm<br \/>\nSz\u00fcret V-VI, IX-X<br \/>\nTerm\u0151f\u00f6ld<br \/>\nM\u00e1rka \u017dalia stotel\u0117<br \/>\nNapos hely Igen<\/p>\n","protected":false},"featured_media":31126,"comment_status":"closed","ping_status":"closed","template":"","meta":[],"product_brand":[],"product_cat":[415],"product_tag":[],"class_list":{"0":"post-31124","1":"product","2":"type-product","3":"status-publish","4":"has-post-thumbnail","6":"product_cat-kaposzta-es-karfiol-vetomagok-zalia-stotele","8":"first","9":"instock","10":"taxable","11":"shipping-taxable","12":"purchasable","13":"product-type-simple"},"_links":{"self":[{"href":"https:\/\/chilimag.hu\/webshop\/wp-json\/wp\/v2\/product\/31124","targetHints":{"allow":["GET"]}}],"collection":[{"href":"https:\/\/chilimag.hu\/webshop\/wp-json\/wp\/v2\/product"}],"about":[{"href":"https:\/\/chilimag.hu\/webshop\/wp-json\/wp\/v2\/types\/product"}],"replies":[{"embeddable":true,"href":"https:\/\/chilimag.hu\/webshop\/wp-json\/wp\/v2\/comments?post=31124"}],"wp:featuredmedia":[{"embeddable":true,"href":"https:\/\/chilimag.hu\/webshop\/wp-json\/wp\/v2\/media\/31126"}],"wp:attachment":[{"href":"https:\/\/chilimag.hu\/webshop\/wp-json\/wp\/v2\/media?parent=31124"}],"wp:term":[{"taxonomy":"product_brand","embeddable":true,"href":"https:\/\/chilimag.hu\/webshop\/wp-json\/wp\/v2\/product_brand?post=31124"},{"taxonomy":"product_cat","embeddable":true,"href":"https:\/\/chilimag.hu\/webshop\/wp-json\/wp\/v2\/product_cat?post=31124"},{"taxonomy":"product_tag","embeddable":true,"href":"https:\/\/chilimag.hu\/webshop\/wp-json\/wp\/v2\/product_tag?post=31124"}],"curies":[{"name":"wp","href":"https:\/\/api.w.org\/{rel}","templated":true}]}}