{"id":31122,"date":"2024-03-23T18:12:22","date_gmt":"2024-03-23T18:12:22","guid":{"rendered":"https:\/\/chilimag.hu\/webshop\/?post_type=product&#038;p=31122"},"modified":"2026-03-16T12:16:12","modified_gmt":"2026-03-16T12:16:12","slug":"brokoli-belstar-f1-z-s-sl","status":"publish","type":"product","link":"https:\/\/chilimag.hu\/webshop\/termek\/brokoli-belstar-f1-z-s-sl\/","title":{"rendered":"Brokkoli Belstar Hibrid Z.S SL"},"content":{"rendered":"","protected":false},"excerpt":{"rendered":"<div class=\"page\" title=\"Page 42\">\n<div class=\"layoutArea\">\n<div class=\"column\">\n<p><img decoding=\"async\" class=\"active-logo\" src=\"https:\/\/b2b.seklos.lt\/themes\/warehouse\/img\/logo_en.png\" alt=\"Agrofirma S\u0117klos, UAB\" width=\"280\" height=\"95\" \/><\/p>\n<p>Korai, betegs\u00e9geknek ellen\u00e1ll\u00f3 hibrid fajta ny\u00e1ri \u00e9s \u0151szi betakar\u00edt\u00e1sra. Napok a lej\u00e1ratig &#8211; 73 nap. A gy\u00f6ngy\u00f6k nagyok, nehezek \u00e9s ellen\u00e1llnak a csavaroz\u00e1snak. A betakar\u00edt\u00e1st addig v\u00e9gezz\u00fck, am\u00edg a fejeknek m\u00e9g szoros a r\u00fcgyei. A legjobb hozamot term\u00e9keny, humuszban gazdag, k\u00f6zepesen neh\u00e9z, v\u00edz\u00e1tereszt\u0151 talajban termesztj\u00fck. A magvak kezelhet\u0151k. Ha a magvakat kezelik, a kezel\u00e9s neve a csomagol\u00e1s alj\u00e1n tal\u00e1lhat\u00f3.<\/p>\n<p>A fajta korai ideje Korai<br \/>\nHermetikus csomagol\u00e1s Igen<br \/>\nMennyis\u00e9g egy csomagban 0,2g<br \/>\nMagok sz\u00e1ma grammonk\u00e9nt 300-340<br \/>\nVet\u00e9sid\u0151 a talajban V,1-1,5cm<br \/>\nA pal\u00e1nt\u00e1k vet\u00e9si ideje IV, 1-1,5 cm<br \/>\nVet\u00e9sid\u0151 \u00fcvegh\u00e1zban IV, 1-1,5 cm<br \/>\nT\u00e1vols\u00e1gok, cm V, 60&#215;30-40 cm<br \/>\nSz\u00fcret VI-IX<br \/>\nTerm\u0151f\u00f6ld<br \/>\nM\u00e1rka \u017dalia stotel\u0117<br \/>\nNapos hely Igen<\/p>\n<\/div>\n<\/div>\n<\/div>\n","protected":false},"featured_media":31123,"comment_status":"closed","ping_status":"closed","template":"","meta":[],"product_brand":[],"product_cat":[415],"product_tag":[],"class_list":{"0":"post-31122","1":"product","2":"type-product","3":"status-publish","4":"has-post-thumbnail","6":"product_cat-kaposzta-es-karfiol-vetomagok-zalia-stotele","8":"first","9":"instock","10":"taxable","11":"shipping-taxable","12":"purchasable","13":"product-type-simple"},"_links":{"self":[{"href":"https:\/\/chilimag.hu\/webshop\/wp-json\/wp\/v2\/product\/31122","targetHints":{"allow":["GET"]}}],"collection":[{"href":"https:\/\/chilimag.hu\/webshop\/wp-json\/wp\/v2\/product"}],"about":[{"href":"https:\/\/chilimag.hu\/webshop\/wp-json\/wp\/v2\/types\/product"}],"replies":[{"embeddable":true,"href":"https:\/\/chilimag.hu\/webshop\/wp-json\/wp\/v2\/comments?post=31122"}],"wp:featuredmedia":[{"embeddable":true,"href":"https:\/\/chilimag.hu\/webshop\/wp-json\/wp\/v2\/media\/31123"}],"wp:attachment":[{"href":"https:\/\/chilimag.hu\/webshop\/wp-json\/wp\/v2\/media?parent=31122"}],"wp:term":[{"taxonomy":"product_brand","embeddable":true,"href":"https:\/\/chilimag.hu\/webshop\/wp-json\/wp\/v2\/product_brand?post=31122"},{"taxonomy":"product_cat","embeddable":true,"href":"https:\/\/chilimag.hu\/webshop\/wp-json\/wp\/v2\/product_cat?post=31122"},{"taxonomy":"product_tag","embeddable":true,"href":"https:\/\/chilimag.hu\/webshop\/wp-json\/wp\/v2\/product_tag?post=31122"}],"curies":[{"name":"wp","href":"https:\/\/api.w.org\/{rel}","templated":true}]}}