{"id":31113,"date":"2024-03-23T13:22:22","date_gmt":"2024-03-23T13:22:22","guid":{"rendered":"https:\/\/chilimag.hu\/webshop\/?post_type=product&#038;p=31113"},"modified":"2026-02-13T14:07:47","modified_gmt":"2026-02-13T14:07:47","slug":"uborka-avion-f1-z-s-sl","status":"publish","type":"product","link":"https:\/\/chilimag.hu\/webshop\/termek\/uborka-avion-f1-z-s-sl\/","title":{"rendered":"Uborka Avion Hibrid Z.S SL"},"content":{"rendered":"","protected":false},"excerpt":{"rendered":"<p><img decoding=\"async\" class=\"logo\" src=\"https:\/\/b2b.seklos.lt\/themes\/warehouse\/img\/logo_en.png\" alt=\"Agrofirma S\u0117klos, UAB\" \/><\/p>\n<p>Korai, \u00f6nbeporz\u00f3, betegs\u00e9geknek ellen\u00e1ll\u00f3 \u00e9s gyorsan n\u00f6v\u0151 hibrid fajta. Az uborka termeszthet\u0151 szabadban, fed\u00e9s alatt vagy \u00fcvegh\u00e1zban. A gy\u00fcm\u00f6lcs\u00f6k \u00e9l\u00e9nkz\u00f6ldek, h\u00e9ja dudoros, f\u00e9nyes, \u00e9s nem hajlamos a t\u00faln\u00f6veked\u00e9sre. A n\u00f6v\u00e9ny egyik csom\u00f3pontja 3-4 gy\u00fcm\u00f6lcs\u00f6t terem. Ezek az ubork\u00e1k ellen\u00e1llnak a magas h\u0151m\u00e9rs\u00e9kletnek \u00e9s a stresszes termeszt\u00e9si k\u00f6r\u00fclm\u00e9nyeknek. Fogyaszthatjuk nyersen, p\u00e1colva vagy savany\u00edtva.<\/p>\n<p>A fajta korai ideje Korai<br \/>\nHermetikus csomagol\u00e1s Igen<br \/>\nMennyis\u00e9g kiszerel\u00e9sben 0,4g<br \/>\nMagok sz\u00e1ma grammonk\u00e9nt 35-50<br \/>\nVet\u00e9sid\u0151 a talajban V-VI, 2-3 cm<br \/>\nA pal\u00e1nt\u00e1k vet\u00e9si ideje III-IV, 2-3 cm<br \/>\nVet\u00e9sid\u0151 \u00fcvegh\u00e1zban III-IV, 2-3 cm<br \/>\nT\u00e1vols\u00e1gok, cm V-VI, 80&#215;20 cm<br \/>\nSz\u00fcret V-IX<br \/>\nTerm\u0151f\u00f6ld<br \/>\n\u00d6nbeporz\u00f3 Igen<br \/>\nM\u00e1rka \u017dalia stotel\u0117<br \/>\nNapos hely Igen<\/p>\n","protected":false},"featured_media":31114,"comment_status":"closed","ping_status":"closed","template":"","meta":[],"product_brand":[],"product_cat":[411],"product_tag":[],"class_list":{"0":"post-31113","1":"product","2":"type-product","3":"status-publish","4":"has-post-thumbnail","6":"product_cat-uborka-es-padlizsan-vetomagok-zalia-stotele","8":"first","9":"instock","10":"taxable","11":"shipping-taxable","12":"purchasable","13":"product-type-simple"},"_links":{"self":[{"href":"https:\/\/chilimag.hu\/webshop\/wp-json\/wp\/v2\/product\/31113","targetHints":{"allow":["GET"]}}],"collection":[{"href":"https:\/\/chilimag.hu\/webshop\/wp-json\/wp\/v2\/product"}],"about":[{"href":"https:\/\/chilimag.hu\/webshop\/wp-json\/wp\/v2\/types\/product"}],"replies":[{"embeddable":true,"href":"https:\/\/chilimag.hu\/webshop\/wp-json\/wp\/v2\/comments?post=31113"}],"wp:featuredmedia":[{"embeddable":true,"href":"https:\/\/chilimag.hu\/webshop\/wp-json\/wp\/v2\/media\/31114"}],"wp:attachment":[{"href":"https:\/\/chilimag.hu\/webshop\/wp-json\/wp\/v2\/media?parent=31113"}],"wp:term":[{"taxonomy":"product_brand","embeddable":true,"href":"https:\/\/chilimag.hu\/webshop\/wp-json\/wp\/v2\/product_brand?post=31113"},{"taxonomy":"product_cat","embeddable":true,"href":"https:\/\/chilimag.hu\/webshop\/wp-json\/wp\/v2\/product_cat?post=31113"},{"taxonomy":"product_tag","embeddable":true,"href":"https:\/\/chilimag.hu\/webshop\/wp-json\/wp\/v2\/product_tag?post=31113"}],"curies":[{"name":"wp","href":"https:\/\/api.w.org\/{rel}","templated":true}]}}