{"id":31109,"date":"2024-03-23T13:18:25","date_gmt":"2024-03-23T13:18:25","guid":{"rendered":"https:\/\/chilimag.hu\/webshop\/?post_type=product&#038;p=31109"},"modified":"2026-05-05T14:15:42","modified_gmt":"2026-05-05T14:15:42","slug":"bazsalikom-large-sweet-agr-sl","status":"publish","type":"product","link":"https:\/\/chilimag.hu\/webshop\/termek\/bazsalikom-large-sweet-agr-sl\/","title":{"rendered":"Bazsalikom Large Sweet AGR SL"},"content":{"rendered":"","protected":false},"excerpt":{"rendered":"<p><img decoding=\"async\" class=\"active-logo\" src=\"https:\/\/b2b.seklos.lt\/themes\/warehouse\/img\/logo_en.png\" alt=\"Agrofirma S\u0117klos, UAB\" width=\"280\" height=\"95\" \/><\/p>\n<p>NAGY \u00c9DES Bazsalikom<br \/>\nEgyny\u00e1ri, illatos, kulin\u00e1ris, m\u00e9zes n\u00f6v\u00e9nyek. A kellemes illat\u00fa, keser\u0171 \u00edz\u0171 friss \u00e9s sz\u00e1r\u00edtott leveleket, vir\u00e1gokat h\u00fas-, hal\u00e9telek \u00edzes\u00edt\u00e9s\u00e9re haszn\u00e1lj\u00e1k. Vir\u00e1g\u00e1gy\u00e1sban, erk\u00e9lyen vagy ablakp\u00e1rk\u00e1nyon termeszthet\u0151.<\/p>\n<p>Egy csomagban l\u00e9v\u0151 mennyis\u00e9g 1 g<br \/>\nMagok sz\u00e1ma grammonk\u00e9nt 600-700<br \/>\nVet\u00e9sid\u0151 a talajban V, VIII, 1 \u0441m<br \/>\nIII-IV pal\u00e1nt\u00e1k vet\u00e9si ideje, 1 cm<br \/>\nVet\u00e9sid\u0151 \u00fcvegh\u00e1zban IV &#8211; V<br \/>\nT\u00e1vols\u00e1gok, cm VI, 40 x 20 cm<br \/>\nSz\u00fcret VI\u2013IX<br \/>\nAgronom m\u00e1rka<br \/>\nNapos hely Igen<\/p>\n<p>A csomag 1 gr magot tartalmaz<\/p>\n","protected":false},"featured_media":31110,"comment_status":"closed","ping_status":"closed","template":"","meta":[],"product_brand":[],"product_cat":[396],"product_tag":[],"class_list":{"0":"post-31109","1":"product","2":"type-product","3":"status-publish","4":"has-post-thumbnail","6":"product_cat-fuszer-es-gyogynovenyek","8":"first","9":"instock","10":"taxable","11":"shipping-taxable","12":"purchasable","13":"product-type-simple"},"_links":{"self":[{"href":"https:\/\/chilimag.hu\/webshop\/wp-json\/wp\/v2\/product\/31109","targetHints":{"allow":["GET"]}}],"collection":[{"href":"https:\/\/chilimag.hu\/webshop\/wp-json\/wp\/v2\/product"}],"about":[{"href":"https:\/\/chilimag.hu\/webshop\/wp-json\/wp\/v2\/types\/product"}],"replies":[{"embeddable":true,"href":"https:\/\/chilimag.hu\/webshop\/wp-json\/wp\/v2\/comments?post=31109"}],"wp:featuredmedia":[{"embeddable":true,"href":"https:\/\/chilimag.hu\/webshop\/wp-json\/wp\/v2\/media\/31110"}],"wp:attachment":[{"href":"https:\/\/chilimag.hu\/webshop\/wp-json\/wp\/v2\/media?parent=31109"}],"wp:term":[{"taxonomy":"product_brand","embeddable":true,"href":"https:\/\/chilimag.hu\/webshop\/wp-json\/wp\/v2\/product_brand?post=31109"},{"taxonomy":"product_cat","embeddable":true,"href":"https:\/\/chilimag.hu\/webshop\/wp-json\/wp\/v2\/product_cat?post=31109"},{"taxonomy":"product_tag","embeddable":true,"href":"https:\/\/chilimag.hu\/webshop\/wp-json\/wp\/v2\/product_tag?post=31109"}],"curies":[{"name":"wp","href":"https:\/\/api.w.org\/{rel}","templated":true}]}}