{"id":31097,"date":"2024-03-22T18:14:30","date_gmt":"2024-03-22T18:14:30","guid":{"rendered":"https:\/\/chilimag.hu\/webshop\/?post_type=product&#038;p=31097"},"modified":"2026-05-08T09:43:52","modified_gmt":"2026-05-08T09:43:52","slug":"viragfold-afrikaiibolya-begonia-es-gloxinianak-4l-sl","status":"publish","type":"product","link":"https:\/\/chilimag.hu\/webshop\/termek\/viragfold-afrikaiibolya-begonia-es-gloxinianak-4l-sl\/","title":{"rendered":"Vir\u00e1gf\u00f6ld Afrikaiibolya, Begonia \u00e9s Gloxini\u00e1nak 4L SL"},"content":{"rendered":"","protected":false},"excerpt":{"rendered":"<p><img decoding=\"async\" class=\"active-logo\" src=\"https:\/\/b2b.seklos.lt\/themes\/warehouse\/img\/logo_en.png\" alt=\"Agrofirma S\u0117klos, UAB\" width=\"280\" height=\"95\" \/><\/p>\n<p>TALAJ SZENTPAULIAKHOZ, BEG\u00d3NI\u00c1KHOZ, GLOXINI\u00c1KHOZ<br \/>\nSpeci\u00e1lis, szerves \u00e9s \u00e1sv\u00e1nyi anyagokb\u00f3l professzion\u00e1lisan el\u0151k\u00e9sz\u00edtett, speci\u00e1lis formul\u00e1t k\u00f6vet\u0151 talaj, amely alkalmas szentpauli\u00e1k, beg\u00f3ni\u00e1k, gloxini\u00e1k, medinilla, primula \u00e9s streptocarpus termeszt\u00e9s\u00e9re \u00e9s \u00fajratelep\u00edt\u00e9s\u00e9re, valamint az \u00fcltet\u0151talaj felt\u00f6lt\u00e9s\u00e9re, jav\u00edt\u00e1s\u00e1ra.<br \/>\n\u00d6sszet\u00e9tel: 25% t\u0151zeg H4-H6, 75% t\u0151zeg H10, m\u0171tr\u00e1gya NPK 14-16-18 1kg\/m\u00b3, szerves tr\u00e1gya 2kg\/m\u00b3, perlit 50l\/m\u00b3, gy\u00f6keres\u00edt\u0151 aktiv\u00e1tor 1kg\/m\u00b3, m\u00e9szk\u0151 2,4kg\/m\u00b3<\/p>\n<p>Agronom m\u00e1rka<br \/>\nT\u00e9rfogat t\u00f6lt\u00e9skor 4 l<br \/>\nC\u00e9l Szoban\u00f6v\u00e9nyekhez<br \/>\nKiszerel\u00e9s 4 l<\/p>\n","protected":false},"featured_media":31098,"comment_status":"closed","ping_status":"closed","template":"","meta":[],"product_brand":[],"product_cat":[347,371],"product_tag":[],"class_list":{"0":"post-31097","1":"product","2":"type-product","3":"status-publish","4":"has-post-thumbnail","6":"product_cat-347","7":"product_cat-seklos-lt-tozegek","9":"first","10":"instock","11":"taxable","12":"shipping-taxable","13":"purchasable","14":"product-type-simple"},"_links":{"self":[{"href":"https:\/\/chilimag.hu\/webshop\/wp-json\/wp\/v2\/product\/31097","targetHints":{"allow":["GET"]}}],"collection":[{"href":"https:\/\/chilimag.hu\/webshop\/wp-json\/wp\/v2\/product"}],"about":[{"href":"https:\/\/chilimag.hu\/webshop\/wp-json\/wp\/v2\/types\/product"}],"replies":[{"embeddable":true,"href":"https:\/\/chilimag.hu\/webshop\/wp-json\/wp\/v2\/comments?post=31097"}],"wp:featuredmedia":[{"embeddable":true,"href":"https:\/\/chilimag.hu\/webshop\/wp-json\/wp\/v2\/media\/31098"}],"wp:attachment":[{"href":"https:\/\/chilimag.hu\/webshop\/wp-json\/wp\/v2\/media?parent=31097"}],"wp:term":[{"taxonomy":"product_brand","embeddable":true,"href":"https:\/\/chilimag.hu\/webshop\/wp-json\/wp\/v2\/product_brand?post=31097"},{"taxonomy":"product_cat","embeddable":true,"href":"https:\/\/chilimag.hu\/webshop\/wp-json\/wp\/v2\/product_cat?post=31097"},{"taxonomy":"product_tag","embeddable":true,"href":"https:\/\/chilimag.hu\/webshop\/wp-json\/wp\/v2\/product_tag?post=31097"}],"curies":[{"name":"wp","href":"https:\/\/api.w.org\/{rel}","templated":true}]}}