{"id":31090,"date":"2024-03-22T17:18:17","date_gmt":"2024-03-22T17:18:17","guid":{"rendered":"https:\/\/chilimag.hu\/webshop\/?post_type=product&#038;p=31090"},"modified":"2026-03-08T18:50:25","modified_gmt":"2026-03-08T18:50:25","slug":"bugatolcser-z-s-sl","status":"publish","type":"product","link":"https:\/\/chilimag.hu\/webshop\/termek\/bugatolcser-z-s-sl\/","title":{"rendered":"Bugat\u00f6lcs\u00e9r Sensation Z.S SL"},"content":{"rendered":"","protected":false},"excerpt":{"rendered":"<p><img decoding=\"async\" class=\"logo\" src=\"https:\/\/b2b.seklos.lt\/themes\/warehouse\/img\/logo_en.png\" alt=\"Agrofirma S\u0117klos, UAB\" \/><\/p>\n<p>K\u00e9t\u00e9ves vir\u00e1gok. F\u00e9nyes vir\u00e1gai\u00e9rt szerett\u00e9k. Az \u00fcltet\u00e9s ut\u00e1ni els\u0151 \u00e9vben vir\u00e1gzik, \u00e9s az els\u0151 fagyig folytat\u00f3dik. A vir\u00e1gok szedhet\u0151k. F\u00fcrtben termeszthet\u0151, cserepes termeszt\u00e9sre alkalmas. T\u00f6k\u00e9letes vir\u00e1g\u00e1gy\u00e1sokba m\u00e1s ny\u00e1ri vir\u00e1gokkal, az \u00e9l\u00e9nk sz\u00edn\u0171 vir\u00e1gok j\u00f3l kontrasztot alkotnak az egysz\u00edn\u0171 n\u00f6v\u00e9nyekkel. Napos helyeket kedvel, vagy f\u00e9l\u00e1rny\u00e9kban is megterem. Deadhead a vir\u00e1gz\u00e1si id\u0151szak meghosszabb\u00edt\u00e1s\u00e1ra.<\/p>\n<p>D \u00e1rcsoport<br \/>\nMennyis\u00e9g egy csomagban 0,2g<br \/>\nMagok sz\u00e1ma grammonk\u00e9nt 3000<br \/>\nVet\u00e9sid\u0151 a talajban V, 0,5 cm<br \/>\nA pal\u00e1nt\u00e1k vet\u00e9si ideje III-IV, 0,5 cm<br \/>\nT\u00e1vols\u00e1gok, cm VI, 30&#215;40 cm<br \/>\n\u00dcltet\u00e9si t\u00e1vols\u00e1gok 30 x 40 cm<br \/>\nVII-IX vir\u00e1gz\u00e1si id\u0151szak, 60 &#8211; 80 cm<br \/>\nN\u00f6v\u00e9nymagass\u00e1g 60-80 cm<br \/>\nVir\u00e1gz\u00e1si id\u0151, magass\u00e1g VII-IX, 60 &#8211; 80 cm<br \/>\nTerm\u0151f\u00f6ld<br \/>\nM\u00e1rka \u017dalia stotel\u0117<br \/>\nTranszplant\u00e1ci\u00f3 VI<br \/>\nNapos hely Igen<br \/>\nF\u00e9l\u00e1rny\u00e9k Igen<br \/>\nBienn\u00e1l\u00e9 Igen<br \/>\nSz\u00edn Sz\u00ednek kever\u00e9ke<br \/>\nVeget\u00e1ci\u00f3 \u00e9vel\u0151<br \/>\nVir\u00e1goskertekben termeszthet\u0151<br \/>\n\u00c9ghajlat Napos, R\u00e9szleges \u00e1rny\u00e9k<\/p>\n","protected":false},"featured_media":31091,"comment_status":"closed","ping_status":"closed","template":"","meta":[],"product_brand":[],"product_cat":[363],"product_tag":[],"class_list":{"0":"post-31090","1":"product","2":"type-product","3":"status-publish","4":"has-post-thumbnail","6":"product_cat-virag-vetomagok-zalia-stotele","8":"first","9":"instock","10":"taxable","11":"shipping-taxable","12":"purchasable","13":"product-type-simple"},"_links":{"self":[{"href":"https:\/\/chilimag.hu\/webshop\/wp-json\/wp\/v2\/product\/31090","targetHints":{"allow":["GET"]}}],"collection":[{"href":"https:\/\/chilimag.hu\/webshop\/wp-json\/wp\/v2\/product"}],"about":[{"href":"https:\/\/chilimag.hu\/webshop\/wp-json\/wp\/v2\/types\/product"}],"replies":[{"embeddable":true,"href":"https:\/\/chilimag.hu\/webshop\/wp-json\/wp\/v2\/comments?post=31090"}],"wp:featuredmedia":[{"embeddable":true,"href":"https:\/\/chilimag.hu\/webshop\/wp-json\/wp\/v2\/media\/31091"}],"wp:attachment":[{"href":"https:\/\/chilimag.hu\/webshop\/wp-json\/wp\/v2\/media?parent=31090"}],"wp:term":[{"taxonomy":"product_brand","embeddable":true,"href":"https:\/\/chilimag.hu\/webshop\/wp-json\/wp\/v2\/product_brand?post=31090"},{"taxonomy":"product_cat","embeddable":true,"href":"https:\/\/chilimag.hu\/webshop\/wp-json\/wp\/v2\/product_cat?post=31090"},{"taxonomy":"product_tag","embeddable":true,"href":"https:\/\/chilimag.hu\/webshop\/wp-json\/wp\/v2\/product_tag?post=31090"}],"curies":[{"name":"wp","href":"https:\/\/api.w.org\/{rel}","templated":true}]}}