{"id":31081,"date":"2024-03-22T16:55:47","date_gmt":"2024-03-22T16:55:47","guid":{"rendered":"https:\/\/chilimag.hu\/webshop\/?post_type=product&#038;p=31081"},"modified":"2026-03-08T20:56:41","modified_gmt":"2026-03-08T20:56:41","slug":"medvekorom-z-s-sl","status":"publish","type":"product","link":"https:\/\/chilimag.hu\/webshop\/termek\/medvekorom-z-s-sl\/","title":{"rendered":"Medvek\u00f6r\u00f6m Z.S SL"},"content":{"rendered":"","protected":false},"excerpt":{"rendered":"<p><img decoding=\"async\" class=\"active-logo\" src=\"https:\/\/b2b.seklos.lt\/themes\/warehouse\/img\/logo_en.png\" alt=\"Agrofirma S\u0117klos, UAB\" width=\"280\" height=\"95\" \/><\/p>\n<p>\u00c9vel\u0151, 80 cm magas, eredeti vir\u00e1gok. Kerti akcentusk\u00e9nt termesztve a vir\u00e1gzat vir\u00e1gz\u00e1s ut\u00e1n is d\u00edszes marad. A magok nagyok, vet\u00e9s el\u0151tt a magokat 24 \u00f3r\u00e1n \u00e1t v\u00edzben kell \u00e1ztatni, hogy gyorsabban cs\u00edr\u00e1zzanak. A magokat a nedves talajba vetik. A magok cs\u00edr\u00e1z\u00e1sa sor\u00e1n fontos az \u00f6nt\u00f6z\u00e9s, hogy a talaj ne sz\u00e1radjon ki. Legjobban napos helyen fejl\u0151dik, f\u00e9l\u00e1rny\u00e9kban is fejl\u0151dhet. Fagy\u00e1ll\u00f3, ugyanazon a helyen 3-4 \u00e9vig is n\u0151het.<\/p>\n<p>Magok sz\u00e1ma a csomagban, db. 5<br \/>\nT\u00e1vols\u00e1gok, cm 75 x 75 cm<br \/>\n\u00dcltet\u00e9si t\u00e1vols\u00e1gok 75 x 75 cm<br \/>\nVir\u00e1gz\u00e1si id\u0151, magass\u00e1g VII \u2013 IX, 80 cm<br \/>\nM\u00e1rka \u017dalia stotel\u0117<br \/>\nTranszplant\u00e1ci\u00f3 V-VI<br \/>\nNapos hely Igen<br \/>\n\u00c9vel\u0151 Igen<br \/>\nSz\u00edn K\u00e9k<br \/>\nVeget\u00e1ci\u00f3 \u00e9vel\u0151<br \/>\nVir\u00e1goskertekben termeszthet\u0151<br \/>\nNapos \u00e9ghajlat<\/p>\n","protected":false},"featured_media":31082,"comment_status":"closed","ping_status":"closed","template":"","meta":[],"product_brand":[],"product_cat":[363],"product_tag":[],"class_list":{"0":"post-31081","1":"product","2":"type-product","3":"status-publish","4":"has-post-thumbnail","6":"product_cat-virag-vetomagok-zalia-stotele","8":"first","9":"instock","10":"taxable","11":"shipping-taxable","12":"purchasable","13":"product-type-simple"},"_links":{"self":[{"href":"https:\/\/chilimag.hu\/webshop\/wp-json\/wp\/v2\/product\/31081","targetHints":{"allow":["GET"]}}],"collection":[{"href":"https:\/\/chilimag.hu\/webshop\/wp-json\/wp\/v2\/product"}],"about":[{"href":"https:\/\/chilimag.hu\/webshop\/wp-json\/wp\/v2\/types\/product"}],"replies":[{"embeddable":true,"href":"https:\/\/chilimag.hu\/webshop\/wp-json\/wp\/v2\/comments?post=31081"}],"wp:featuredmedia":[{"embeddable":true,"href":"https:\/\/chilimag.hu\/webshop\/wp-json\/wp\/v2\/media\/31082"}],"wp:attachment":[{"href":"https:\/\/chilimag.hu\/webshop\/wp-json\/wp\/v2\/media?parent=31081"}],"wp:term":[{"taxonomy":"product_brand","embeddable":true,"href":"https:\/\/chilimag.hu\/webshop\/wp-json\/wp\/v2\/product_brand?post=31081"},{"taxonomy":"product_cat","embeddable":true,"href":"https:\/\/chilimag.hu\/webshop\/wp-json\/wp\/v2\/product_cat?post=31081"},{"taxonomy":"product_tag","embeddable":true,"href":"https:\/\/chilimag.hu\/webshop\/wp-json\/wp\/v2\/product_tag?post=31081"}],"curies":[{"name":"wp","href":"https:\/\/api.w.org\/{rel}","templated":true}]}}