{"id":31076,"date":"2024-03-22T16:43:30","date_gmt":"2024-03-22T16:43:30","guid":{"rendered":"https:\/\/chilimag.hu\/webshop\/?post_type=product&#038;p=31076"},"modified":"2026-02-16T16:57:14","modified_gmt":"2026-02-16T16:57:14","slug":"salata-bowl-ow-sl","status":"publish","type":"product","link":"https:\/\/chilimag.hu\/webshop\/termek\/salata-bowl-ow-sl\/","title":{"rendered":"Sal\u00e1ta Bowl OW SL"},"content":{"rendered":"","protected":false},"excerpt":{"rendered":"<p><img decoding=\"async\" class=\"active-logo\" src=\"https:\/\/b2b.seklos.lt\/themes\/warehouse\/img\/logo_en.png\" alt=\"Agrofirma S\u0117klos, UAB\" width=\"280\" height=\"95\" \/><\/p>\n<p>Korai, term\u00e9keny level\u0171 sal\u00e1tafajta. 50-63 napon bel\u00fcl n\u0151, tavaszt\u00f3l \u0151szig vetve. A sal\u00e1ta levelei lev\u00e1gottak, l\u00e9d\u00fasak, v\u00e1g\u00e1s ut\u00e1n visszan\u0151nek. \u00dcvegh\u00e1zban \u00e9s sz\u00e1nt\u00f3f\u00f6ld\u00f6n termeszthet\u0151. Laza, term\u00e9keny talajban fejl\u0151dik a legjobban.<\/p>\n<p>\u00d6kol\u00f3giai term\u00e9k \u00d6kol\u00f3giai<br \/>\nA fajta korai ideje Korai<br \/>\nHermetikus csomagol\u00e1s Igen<br \/>\nEgy csomagban l\u00e9v\u0151 mennyis\u00e9g 1 g<br \/>\nMagok sz\u00e1ma grammonk\u00e9nt 800-1100<br \/>\nVet\u00e9sid\u0151 a talajban IV\u2013VII, X, 0,5 cm<br \/>\nVet\u00e9sid\u0151 \u00fcvegh\u00e1zban III-IV, 0,5 cm<br \/>\nT\u00e1vols\u00e1gok, cm 20 x 15 cm<br \/>\nSz\u00fcret V\u2013IX<br \/>\nTerm\u0151f\u00f6ld<br \/>\nBrand Organic Way<br \/>\nNapos hely Igen<\/p>\n","protected":false},"featured_media":31077,"comment_status":"closed","ping_status":"closed","template":"","meta":[],"product_brand":[],"product_cat":[354],"product_tag":[],"class_list":{"0":"post-31076","1":"product","2":"type-product","3":"status-publish","4":"has-post-thumbnail","6":"product_cat-organic-way","8":"first","9":"instock","10":"taxable","11":"shipping-taxable","12":"purchasable","13":"product-type-simple"},"_links":{"self":[{"href":"https:\/\/chilimag.hu\/webshop\/wp-json\/wp\/v2\/product\/31076","targetHints":{"allow":["GET"]}}],"collection":[{"href":"https:\/\/chilimag.hu\/webshop\/wp-json\/wp\/v2\/product"}],"about":[{"href":"https:\/\/chilimag.hu\/webshop\/wp-json\/wp\/v2\/types\/product"}],"replies":[{"embeddable":true,"href":"https:\/\/chilimag.hu\/webshop\/wp-json\/wp\/v2\/comments?post=31076"}],"wp:featuredmedia":[{"embeddable":true,"href":"https:\/\/chilimag.hu\/webshop\/wp-json\/wp\/v2\/media\/31077"}],"wp:attachment":[{"href":"https:\/\/chilimag.hu\/webshop\/wp-json\/wp\/v2\/media?parent=31076"}],"wp:term":[{"taxonomy":"product_brand","embeddable":true,"href":"https:\/\/chilimag.hu\/webshop\/wp-json\/wp\/v2\/product_brand?post=31076"},{"taxonomy":"product_cat","embeddable":true,"href":"https:\/\/chilimag.hu\/webshop\/wp-json\/wp\/v2\/product_cat?post=31076"},{"taxonomy":"product_tag","embeddable":true,"href":"https:\/\/chilimag.hu\/webshop\/wp-json\/wp\/v2\/product_tag?post=31076"}],"curies":[{"name":"wp","href":"https:\/\/api.w.org\/{rel}","templated":true}]}}