{"id":31065,"date":"2024-03-21T19:25:46","date_gmt":"2024-03-21T19:25:46","guid":{"rendered":"https:\/\/chilimag.hu\/webshop\/?post_type=product&#038;p=31065"},"modified":"2025-11-02T23:14:49","modified_gmt":"2025-11-02T23:14:49","slug":"sargarepa-nantese-2-ow-sl","status":"publish","type":"product","link":"https:\/\/chilimag.hu\/webshop\/termek\/sargarepa-nantese-2-ow-sl\/","title":{"rendered":"S\u00e1rgar\u00e9pa Nantese 2 OW SL"},"content":{"rendered":"","protected":false},"excerpt":{"rendered":"<p><img decoding=\"async\" class=\"active-logo\" src=\"https:\/\/b2b.seklos.lt\/themes\/warehouse\/img\/logo_en.png\" alt=\"Agrofirma S\u0117klos, UAB\" width=\"280\" height=\"95\" \/><\/p>\n<p>K\u00f6z\u00e9pkorai fajta. Gy\u00f6kerei 16-20 cm hossz\u00faak, sima fel\u00fclet\u0171ek, tompa v\u00e9g\u0171ek, v\u00e9kony mag. A betakar\u00edt\u00e1s 110-115 napon bel\u00fcl. Frissen haszn\u00e1lt, t\u00e9len tartott. A legjobban humuszban gazdag, nem \u00e1t\u00e1zott agyagos vagy homokos v\u00e1lyogtalajban n\u0151.<br \/>\n\u00d6kol\u00f3giai term\u00e9k \u00d6kol\u00f3giai<br \/>\nA fajta korai ideje M\u00e9rs\u00e9kelten korai<br \/>\nHermetikus csomagol\u00e1s Igen<br \/>\nMennyis\u00e9g egy csomagban 2 g<br \/>\nMagok sz\u00e1ma grammonk\u00e9nt 800-1000<br \/>\nVet\u00e9sid\u0151 a talajban V\u2013VI, X, 2-3 cm<br \/>\nT\u00e1vols\u00e1gok, cm 20 x 5 cm<br \/>\nSz\u00fcret IX\u2013X<br \/>\nTerm\u0151f\u00f6ld<br \/>\nBrand Organic Way<br \/>\nNapos hely Igen<\/p>\n","protected":false},"featured_media":31066,"comment_status":"closed","ping_status":"closed","template":"","meta":[],"product_brand":[],"product_cat":[354],"product_tag":[],"class_list":{"0":"post-31065","1":"product","2":"type-product","3":"status-publish","4":"has-post-thumbnail","6":"product_cat-organic-way","8":"first","9":"instock","10":"taxable","11":"shipping-taxable","12":"purchasable","13":"product-type-simple"},"_links":{"self":[{"href":"https:\/\/chilimag.hu\/webshop\/wp-json\/wp\/v2\/product\/31065","targetHints":{"allow":["GET"]}}],"collection":[{"href":"https:\/\/chilimag.hu\/webshop\/wp-json\/wp\/v2\/product"}],"about":[{"href":"https:\/\/chilimag.hu\/webshop\/wp-json\/wp\/v2\/types\/product"}],"replies":[{"embeddable":true,"href":"https:\/\/chilimag.hu\/webshop\/wp-json\/wp\/v2\/comments?post=31065"}],"wp:featuredmedia":[{"embeddable":true,"href":"https:\/\/chilimag.hu\/webshop\/wp-json\/wp\/v2\/media\/31066"}],"wp:attachment":[{"href":"https:\/\/chilimag.hu\/webshop\/wp-json\/wp\/v2\/media?parent=31065"}],"wp:term":[{"taxonomy":"product_brand","embeddable":true,"href":"https:\/\/chilimag.hu\/webshop\/wp-json\/wp\/v2\/product_brand?post=31065"},{"taxonomy":"product_cat","embeddable":true,"href":"https:\/\/chilimag.hu\/webshop\/wp-json\/wp\/v2\/product_cat?post=31065"},{"taxonomy":"product_tag","embeddable":true,"href":"https:\/\/chilimag.hu\/webshop\/wp-json\/wp\/v2\/product_tag?post=31065"}],"curies":[{"name":"wp","href":"https:\/\/api.w.org\/{rel}","templated":true}]}}