{"id":31057,"date":"2024-03-21T18:17:28","date_gmt":"2024-03-21T18:17:28","guid":{"rendered":"https:\/\/chilimag.hu\/webshop\/?post_type=product&#038;p=31057"},"modified":"2025-03-02T22:54:19","modified_gmt":"2025-03-02T22:54:19","slug":"borso-cetris-z-s-sl","status":"publish","type":"product","link":"https:\/\/chilimag.hu\/webshop\/termek\/borso-cetris-z-s-sl\/","title":{"rendered":"Bors\u00f3 Cetris Z.S SL"},"content":{"rendered":"","protected":false},"excerpt":{"rendered":"<p><img decoding=\"async\" class=\"active-logo\" src=\"https:\/\/b2b.seklos.lt\/themes\/warehouse\/img\/logo_en.png\" alt=\"Agrofirma S\u0117klos, UAB\" width=\"280\" height=\"95\" \/><\/p>\n<p>K\u00f6zepesen k\u00e9s\u0151i, er\u0151s hozam\u00fa bors\u00f3fajta, amely ellen\u00e1ll a fusaric Leaves Wilt-nek. A n\u00f6v\u00e9nyek 65\u201375 cm magasra n\u0151nek, \u00e9s h\u00e1rom h\u00fcvely\u00fck van egy csom\u00f3pontban. A h\u00fcvelyek s\u00f6t\u00e9tz\u00f6ldek, k\u00f6r\u00fclbel\u00fcl 7 cm hossz\u00faak. A h\u00fcvelyben 6-8 bors\u00f3 tal\u00e1lhat\u00f3. Frissen fogyasztva, de k\u00fcl\u00f6n\u00f6sen alkalmasak fagyaszt\u00e1sra \u00e9s bef\u0151z\u00e9sre. A legjobban n\u0151 a nedvess\u00e9gmegtart\u00f3 v\u00e1lyog- \u00e9s agyagos talajokon. Nem j\u00f3 \u00f6tlet a bors\u00f3t savany\u00fa talajban termeszteni, mert ez megakad\u00e1lyozza a h\u00fcvelyes bakt\u00e9riumok fejl\u0151d\u00e9s\u00e9t, \u00e9s ez az oka a kev\u00e9s h\u00fcvelynek.<br \/>\nD \u00e1rcsoport<br \/>\nA fajta korai \u00e9r\u00e9se M\u00e9rs\u00e9kelten k\u00e9s\u0151i<br \/>\nMennyis\u00e9g egy csomagban 30gr<br \/>\nMagok sz\u00e1ma grammonk\u00e9nt 1 g &#8211; 3-6 szem<br \/>\nVet\u00e9sid\u0151 a talajban III-IV, 3-5 cm<br \/>\nT\u00e1vols\u00e1gok, cm 40&#215;5-8 cm<br \/>\n\u00dcltet\u00e9si t\u00e1vols\u00e1gok 40&#215;5-8 cm<br \/>\nSz\u00fcret VI-VII<br \/>\nTerm\u0151f\u00f6ld<br \/>\nM\u00e1rka \u017dalia stotel\u0117<br \/>\nNapos hely Igen<br \/>\nT\u00edpus h\u00fcvelyesek<br \/>\nElk\u00e9sz\u00edt\u00e9si m\u00f3dszerek H\u0171t\u00e9s, Konzerv\u00e1l\u00e1s<\/p>\n<p>&nbsp;<\/p>\n","protected":false},"featured_media":31058,"comment_status":"closed","ping_status":"closed","template":"","meta":[],"product_brand":[],"product_cat":[416],"product_tag":[],"class_list":{"0":"post-31057","1":"product","2":"type-product","3":"status-publish","4":"has-post-thumbnail","6":"product_cat-huvelyesek-vetomagok-zalia-stotele","8":"first","9":"instock","10":"taxable","11":"shipping-taxable","12":"purchasable","13":"product-type-simple"},"_links":{"self":[{"href":"https:\/\/chilimag.hu\/webshop\/wp-json\/wp\/v2\/product\/31057","targetHints":{"allow":["GET"]}}],"collection":[{"href":"https:\/\/chilimag.hu\/webshop\/wp-json\/wp\/v2\/product"}],"about":[{"href":"https:\/\/chilimag.hu\/webshop\/wp-json\/wp\/v2\/types\/product"}],"replies":[{"embeddable":true,"href":"https:\/\/chilimag.hu\/webshop\/wp-json\/wp\/v2\/comments?post=31057"}],"wp:featuredmedia":[{"embeddable":true,"href":"https:\/\/chilimag.hu\/webshop\/wp-json\/wp\/v2\/media\/31058"}],"wp:attachment":[{"href":"https:\/\/chilimag.hu\/webshop\/wp-json\/wp\/v2\/media?parent=31057"}],"wp:term":[{"taxonomy":"product_brand","embeddable":true,"href":"https:\/\/chilimag.hu\/webshop\/wp-json\/wp\/v2\/product_brand?post=31057"},{"taxonomy":"product_cat","embeddable":true,"href":"https:\/\/chilimag.hu\/webshop\/wp-json\/wp\/v2\/product_cat?post=31057"},{"taxonomy":"product_tag","embeddable":true,"href":"https:\/\/chilimag.hu\/webshop\/wp-json\/wp\/v2\/product_tag?post=31057"}],"curies":[{"name":"wp","href":"https:\/\/api.w.org\/{rel}","templated":true}]}}