{"id":31042,"date":"2024-03-21T05:44:50","date_gmt":"2024-03-21T05:44:50","guid":{"rendered":"https:\/\/chilimag.hu\/webshop\/?post_type=product&#038;p=31042"},"modified":"2026-01-28T12:25:54","modified_gmt":"2026-01-28T12:25:54","slug":"bab-karmazyn-z-s-sl","status":"publish","type":"product","link":"https:\/\/chilimag.hu\/webshop\/termek\/bab-karmazyn-z-s-sl\/","title":{"rendered":"Bab Karmazyn Z.S SL"},"content":{"rendered":"","protected":false},"excerpt":{"rendered":"<p><img decoding=\"async\" class=\"active-logo\" src=\"https:\/\/b2b.seklos.lt\/themes\/warehouse\/img\/logo_en.png\" alt=\"Agrofirma S\u0117klos, UAB\" width=\"280\" height=\"95\" \/><\/p>\n<p>K\u00f6zepesen korai sz\u00e9les babfajta, amely neh\u00e9z term\u00e9st hoz. A veget\u00e1ci\u00f3s id\u0151szak 80-90 nap. H\u00fcvelyei nagyok, egyidej\u0171leg 3-5 enyh\u00e9n barn\u00e1s bab \u00e9rlel\u0151dik, amelyek k\u00f6nnyen h\u00e9jasak. A pal\u00e1nt\u00e1k -4 \u00b0C-ig fagy\u00e1ll\u00f3ak. J\u00f3l n\u00f6vekszik term\u00e9keny, nem savas, nedves v\u00e1lyog talajban. Sz\u00e1r\u00edt\u00e1sra, forr\u00e1z\u00e1sra alkalmas. A babot sal\u00e1t\u00e1khoz, p\u00f6rk\u00f6ltekhez adj\u00e1k.<br \/>\nD \u00e1rcsoport<br \/>\nA fajta korai ideje M\u00e9rs\u00e9kelten korai<br \/>\nMennyis\u00e9g egy csomagban 30gr<br \/>\nMagok sz\u00e1ma grammonk\u00e9nt 1 g &#8211; k\u00f6r\u00fclbel\u00fcl 0,5-1 mag<br \/>\nVet\u00e9sid\u0151 a talajban IV-V, 4-6 cm<br \/>\nT\u00e1vols\u00e1gok, cm 60&#215;10 cm<br \/>\n\u00dcltet\u00e9si t\u00e1vols\u00e1gok 60&#215;10 cm<br \/>\nSz\u00fcret VII-VIII<br \/>\nTerm\u0151f\u00f6ld<br \/>\nM\u00e1rka \u017dalia stotel\u0117<br \/>\nNapos hely Igen<br \/>\nGy\u00fcm\u00f6lcs sz\u00edne Z\u00f6ld<\/p>\n","protected":false},"featured_media":31043,"comment_status":"closed","ping_status":"closed","template":"","meta":[],"product_brand":[],"product_cat":[416],"product_tag":[],"class_list":{"0":"post-31042","1":"product","2":"type-product","3":"status-publish","4":"has-post-thumbnail","6":"product_cat-huvelyesek-vetomagok-zalia-stotele","8":"first","9":"instock","10":"taxable","11":"shipping-taxable","12":"purchasable","13":"product-type-simple"},"_links":{"self":[{"href":"https:\/\/chilimag.hu\/webshop\/wp-json\/wp\/v2\/product\/31042","targetHints":{"allow":["GET"]}}],"collection":[{"href":"https:\/\/chilimag.hu\/webshop\/wp-json\/wp\/v2\/product"}],"about":[{"href":"https:\/\/chilimag.hu\/webshop\/wp-json\/wp\/v2\/types\/product"}],"replies":[{"embeddable":true,"href":"https:\/\/chilimag.hu\/webshop\/wp-json\/wp\/v2\/comments?post=31042"}],"wp:featuredmedia":[{"embeddable":true,"href":"https:\/\/chilimag.hu\/webshop\/wp-json\/wp\/v2\/media\/31043"}],"wp:attachment":[{"href":"https:\/\/chilimag.hu\/webshop\/wp-json\/wp\/v2\/media?parent=31042"}],"wp:term":[{"taxonomy":"product_brand","embeddable":true,"href":"https:\/\/chilimag.hu\/webshop\/wp-json\/wp\/v2\/product_brand?post=31042"},{"taxonomy":"product_cat","embeddable":true,"href":"https:\/\/chilimag.hu\/webshop\/wp-json\/wp\/v2\/product_cat?post=31042"},{"taxonomy":"product_tag","embeddable":true,"href":"https:\/\/chilimag.hu\/webshop\/wp-json\/wp\/v2\/product_tag?post=31042"}],"curies":[{"name":"wp","href":"https:\/\/api.w.org\/{rel}","templated":true}]}}