{"id":31037,"date":"2024-03-21T05:32:03","date_gmt":"2024-03-21T05:32:03","guid":{"rendered":"https:\/\/chilimag.hu\/webshop\/?post_type=product&#038;p=31037"},"modified":"2025-02-27T17:47:08","modified_gmt":"2025-02-27T17:47:08","slug":"bab-flambo-szarazbab-z-s-sl","status":"publish","type":"product","link":"https:\/\/chilimag.hu\/webshop\/termek\/bab-flambo-szarazbab-z-s-sl\/","title":{"rendered":"Bab Flambo sz\u00e1razbab Z.S SL"},"content":{"rendered":"","protected":false},"excerpt":{"rendered":"<p><img decoding=\"async\" class=\"active-logo\" src=\"https:\/\/b2b.seklos.lt\/themes\/warehouse\/img\/logo_en.png\" alt=\"Agrofirma S\u0117klos, UAB\" width=\"280\" height=\"95\" \/><\/p>\n<p>K\u00f6z\u00e9pkorai bokros h\u00e9j\u00fa babfajta. Ellen\u00e1ll a bab mozaik v\u00edrusnak. A n\u00f6v\u00e9nyek vir\u00e1gz\u00e1sa r\u00f3zsasz\u00edn. A vet\u00e9st k\u00f6vet\u0151 80 napon bel\u00fcl \u00e9rik. A h\u00fcvely s\u00e1rg\u00e1s-v\u00f6r\u00f6s sz\u00edn\u0171, 13 cm hossz\u00fa, a bab s\u00e1rg\u00e1s, piros foltokkal vagy cs\u00edkokkal. Legjobban 20-25 \u00b0C h\u0151m\u00e9rs\u00e9kleten, k\u00f6zepesen neh\u00e9z, nem savany\u00fa, humuszban gazdag talajban, sz\u00e9lt\u0151l v\u00e9dett helyen fejl\u0151dik. 4-5 \u00e9v ut\u00e1n \u00fcltethet\u0151 ugyanoda.<br \/>\nD \u00e1rcsoport<br \/>\nA fajta korai ideje M\u00e9rs\u00e9kelten korai<br \/>\nMennyis\u00e9g egy csomagban 15gr<br \/>\nMagok sz\u00e1ma grammonk\u00e9nt 1 g &#8211; 0,5-2 szem<br \/>\nVet\u00e9sid\u0151 a talajban V, 3-5 cm<br \/>\nT\u00e1vols\u00e1gok, cm 40&#215;8 cm<br \/>\n\u00dcltet\u00e9si t\u00e1vols\u00e1gok 40&#215;8 cm<br \/>\nN\u00f6v\u00e9nymagass\u00e1g t\u00f6rp\u00e9k<br \/>\nSz\u00fcret VIII<br \/>\nTerm\u0151f\u00f6ld<br \/>\nM\u00e1rka \u017dalia stotel\u0117<br \/>\nNapos hely Igen<\/p>\n","protected":false},"featured_media":31038,"comment_status":"closed","ping_status":"closed","template":"","meta":[],"product_brand":[],"product_cat":[416],"product_tag":[],"class_list":{"0":"post-31037","1":"product","2":"type-product","3":"status-publish","4":"has-post-thumbnail","6":"product_cat-huvelyesek-vetomagok-zalia-stotele","8":"first","9":"instock","10":"taxable","11":"shipping-taxable","12":"purchasable","13":"product-type-simple"},"_links":{"self":[{"href":"https:\/\/chilimag.hu\/webshop\/wp-json\/wp\/v2\/product\/31037","targetHints":{"allow":["GET"]}}],"collection":[{"href":"https:\/\/chilimag.hu\/webshop\/wp-json\/wp\/v2\/product"}],"about":[{"href":"https:\/\/chilimag.hu\/webshop\/wp-json\/wp\/v2\/types\/product"}],"replies":[{"embeddable":true,"href":"https:\/\/chilimag.hu\/webshop\/wp-json\/wp\/v2\/comments?post=31037"}],"wp:featuredmedia":[{"embeddable":true,"href":"https:\/\/chilimag.hu\/webshop\/wp-json\/wp\/v2\/media\/31038"}],"wp:attachment":[{"href":"https:\/\/chilimag.hu\/webshop\/wp-json\/wp\/v2\/media?parent=31037"}],"wp:term":[{"taxonomy":"product_brand","embeddable":true,"href":"https:\/\/chilimag.hu\/webshop\/wp-json\/wp\/v2\/product_brand?post=31037"},{"taxonomy":"product_cat","embeddable":true,"href":"https:\/\/chilimag.hu\/webshop\/wp-json\/wp\/v2\/product_cat?post=31037"},{"taxonomy":"product_tag","embeddable":true,"href":"https:\/\/chilimag.hu\/webshop\/wp-json\/wp\/v2\/product_tag?post=31037"}],"curies":[{"name":"wp","href":"https:\/\/api.w.org\/{rel}","templated":true}]}}