{"id":31021,"date":"2024-03-20T17:50:37","date_gmt":"2024-03-20T17:50:37","guid":{"rendered":"https:\/\/chilimag.hu\/webshop\/?post_type=product&#038;p=31021"},"modified":"2026-02-16T16:20:21","modified_gmt":"2026-02-16T16:20:21","slug":"sutotok-olga-z-s-sl","status":"publish","type":"product","link":"https:\/\/chilimag.hu\/webshop\/termek\/sutotok-olga-z-s-sl\/","title":{"rendered":"T\u00f6k Olga Olajt\u00f6k Z S SL"},"content":{"rendered":"","protected":false},"excerpt":{"rendered":"<p><img decoding=\"async\" class=\"active-logo\" src=\"https:\/\/b2b.seklos.lt\/themes\/warehouse\/img\/logo_en.png\" alt=\"Agrofirma S\u0117klos, UAB\" width=\"280\" height=\"95\" \/><\/p>\n<p>Term\u00e9keny olajos t\u00f6k fajta, k\u00fasz\u00f3 sz\u00e1rral. Magnak termesztik. A magvak s\u00f6t\u00e9tz\u00f6ldek, nagyok \u00e9s h\u00e9j n\u00e9lk\u00fcliek, nagyon \u00edzletesek, cinktartalmuk miatt nagyra \u00e9rt\u00e9kelik. Gy\u00fcm\u00f6lcse kerek, narancss\u00e1rga, \u00e9retten z\u00f6ld cs\u00edkokkal. Legjobban napos, sz\u00e9lt\u0151l v\u00e9dett helyen n\u0151. A korai betakar\u00edt\u00e1s \u00e9rdek\u00e9ben a s\u00fct\u0151t\u00f6k\u00f6t cser\u00e9pbe \u00fcltetett pal\u00e1nt\u00e1kb\u00f3l termesztik.<\/p>\n<p>C \u00e1rcsoport<br \/>\nA fajta korai ideje M\u00e9rs\u00e9kelten korai<br \/>\nMennyis\u00e9g egy csomagban 2 g<br \/>\nMagok sz\u00e1ma grammonk\u00e9nt 1 g &#8211; 3-8 szemenk\u00e9nt<br \/>\nVet\u00e9sid\u0151 a talajban V-VI, 3-5 cm<br \/>\nA pal\u00e1nt\u00e1k vet\u00e9sideje IV-V, 3-5 cm<br \/>\nT\u00e1vols\u00e1gok, cm V-VI,100&#215;100 cm<br \/>\n\u00dcltet\u00e9si t\u00e1vols\u00e1gok V-VI, 100&#215;100 cm<br \/>\nSz\u00fcret VIII-IX<br \/>\nTerm\u0151f\u00f6ld<br \/>\nM\u00e1rka \u017dalia stotel\u0117<\/p>\n","protected":false},"featured_media":31022,"comment_status":"closed","ping_status":"closed","template":"","meta":[],"product_brand":[],"product_cat":[420],"product_tag":[],"class_list":{"0":"post-31021","1":"product","2":"type-product","3":"status-publish","4":"has-post-thumbnail","6":"product_cat-dinnye-es-tok-vetomagok-zalia-stotele","8":"first","9":"instock","10":"taxable","11":"shipping-taxable","12":"purchasable","13":"product-type-simple"},"_links":{"self":[{"href":"https:\/\/chilimag.hu\/webshop\/wp-json\/wp\/v2\/product\/31021","targetHints":{"allow":["GET"]}}],"collection":[{"href":"https:\/\/chilimag.hu\/webshop\/wp-json\/wp\/v2\/product"}],"about":[{"href":"https:\/\/chilimag.hu\/webshop\/wp-json\/wp\/v2\/types\/product"}],"replies":[{"embeddable":true,"href":"https:\/\/chilimag.hu\/webshop\/wp-json\/wp\/v2\/comments?post=31021"}],"wp:featuredmedia":[{"embeddable":true,"href":"https:\/\/chilimag.hu\/webshop\/wp-json\/wp\/v2\/media\/31022"}],"wp:attachment":[{"href":"https:\/\/chilimag.hu\/webshop\/wp-json\/wp\/v2\/media?parent=31021"}],"wp:term":[{"taxonomy":"product_brand","embeddable":true,"href":"https:\/\/chilimag.hu\/webshop\/wp-json\/wp\/v2\/product_brand?post=31021"},{"taxonomy":"product_cat","embeddable":true,"href":"https:\/\/chilimag.hu\/webshop\/wp-json\/wp\/v2\/product_cat?post=31021"},{"taxonomy":"product_tag","embeddable":true,"href":"https:\/\/chilimag.hu\/webshop\/wp-json\/wp\/v2\/product_tag?post=31021"}],"curies":[{"name":"wp","href":"https:\/\/api.w.org\/{rel}","templated":true}]}}