{"id":30764,"date":"2024-03-05T19:22:04","date_gmt":"2024-03-05T19:22:04","guid":{"rendered":"https:\/\/chilimag.hu\/webshop\/?post_type=product&#038;p=30764"},"modified":"2026-03-07T07:07:20","modified_gmt":"2026-03-07T07:07:20","slug":"azsiai-ginzeng","status":"publish","type":"product","link":"https:\/\/chilimag.hu\/webshop\/termek\/azsiai-ginzeng\/","title":{"rendered":"\u00c1zsiai Ginzeng SCh"},"content":{"rendered":"","protected":false},"excerpt":{"rendered":"<p><img decoding=\"async\" src=\"https:\/\/chilimag.hu\/webshop\/wp-content\/uploads\/2014\/11\/chilimag-logo-2-150x150.jpg\" \/><\/p>\n<p>&nbsp;<\/p>\n<p>Le\u00edr\u00e1s<\/p>\n<p>Biologiai n\u00e9v: panax ginseng<\/p>\n<p>A borosty\u00e1nf\u00e9l\u00e9k (Araliaceae) csal\u00e1dj\u00e1ba tartoz\u00f3, 60-80 cm magas, l\u00e1gy sz\u00e1r\u00fa, \u00e9vel\u0151 n\u00f6v\u00e9ny. Gum\u00f3 form\u00e1j\u00fa gy\u00f6kere gyakran emberi alakra eml\u00e9keztet. Jelent\u00e9se k\u00ednaiul: embergy\u00f6k\u00e9r. Sima sz\u00e1ra z\u00f6ld, id\u0151nk\u00e9nt v\u00f6r\u00f6ses sz\u00edn\u0171, levelei tenyeresen \u00f6sszetettek.<\/p>\n<p>Gondoz\u00e1sa:\u00a0Ha magr\u00f3l vetj\u00fck a ginzenget, akkor mindenk\u00e9ppen meleg helyen tegy\u00fck \u00e9s \u0151sszel, nagyj\u00e1b\u00f3l 6 cm m\u00e9lyre. A gy\u00f6k\u00e9rr\u0151l val\u00f3 szapor\u00edt\u00e1s\u00e1n\u00e1l el\u00e9g a tavaszi \u00fcltet\u00e9s, akkor 8 cm m\u00e9lyre kell a gy\u00f6k\u00e9rdarabokat lefektetni. A ginzeng el\u00e9g \u00e9rz\u00e9keny n\u00f6v\u00e9ny, a sikerhez oda kell figyelni m\u00e9g p\u00e1r apr\u00f3s\u00e1gra.<\/p>\n<p>A ginzeng a talaj pH-\u00e9rt\u00e9k\u00e9re is k\u00e9nyes: lehet\u0151s\u00e9g szerint ker\u00fclj\u00fck a savany\u00fa talajokat az \u00fcltet\u00e9sn\u00e9l, mert az enyh\u00e9n l\u00fagosban (5,6-6,0 pH tartom\u00e1nyban) \u00e9rzi j\u00f3l mag\u00e1t. A semlegeshez k\u00f6zel\u00edt\u0151 talaj is j\u00f3 lehet neki.<\/p>\n<p>A ny\u00e1ri forr\u00f3s\u00e1got viszont nem kedveli, annak ellen\u00e9re, hogy a sikeres cs\u00edr\u00e1z\u00e1shoz kicsit melegebb helyre van sz\u00fcks\u00e9g. Mivel lass\u00fa n\u00f6veked\u00e9s\u0171 n\u00f6v\u00e9ny, \u00edgy a hely\u00e9t legal\u00e1bb 5-10 \u00e9vre kell kital\u00e1lni, mert ennyi id\u0151 kell ahhoz, hogy \u00e9rt\u00e9kelhet\u0151 legyen gy\u00f3gyn\u00f6v\u00e9ny szempontb\u00f3l.<\/p>\n<p>A magok cs\u00edr\u00e1z\u00e1sa meleg helyen, el\u0151\u00e1ztatva is hossz\u00fa, \u00fagy 12-15 h\u00f3nap. Ha a magok h\u0171v\u00f6sben vannak, akkor ak\u00e1r 18 h\u00f3nap is lehet a cs\u00edr\u00e1z\u00e1s. Emellett a magok rafin\u00e1ltak: el\u0151h\u0171t\u00f6tt magokat (stratifik\u00e1lt) \u00e9rdemes haszn\u00e1lni, melyet ut\u00e1na el\u0151\u00e1ztatunk k\u00e9zmeleg v\u00edzben b\u0151 egy napot, \u00e9s ut\u00e1na \u00fcltetj\u00fck csak el. A h\u0171t\u00e9si id\u0151, ha h\u00e1zilag k\u00eds\u00e9rletezn\u00e9nk vele, akkor kb. 6 h\u00f3napot vesz ig\u00e9nybe. Ehhez a sima h\u0171t\u0151szekr\u00e9ny z\u00f6lds\u00e9gt\u00e1rol\u00f3j\u00e1ban ker\u00edts\u00fcnk neki egy kis helyet, tegy\u00fck moh\u00e1s k\u00f6zegbe, hogy ne tudjon kisz\u00e1radni.<\/p>\n<div>\n<div class=\"af-article-inner-aa2ed270-31af-4310-acb5-0e6a6035779e\"><\/div>\n<p>A magvet\u00e9st is pont ez\u00e9rt szokt\u00e1k \u0151szre id\u0151z\u00edteni, mert \u00edgy ha kint vetn\u00e9nk el, akkor a hideghat\u00e1st is megkapj\u00e1k a magok, csak sokkal lassabb lesz a cs\u00edr\u00e1z\u00e1s, mintha el\u0151h\u0171tj\u00fck \u00e9s ut\u00e1na meleg helyen vetj\u00fck el.<\/p>\n<\/div>\n<p>A ginzeng els\u0151sorban az \u00e1rny\u00e9kos helyet ig\u00e9nyli, ahol a talaj j\u00f3 v\u00edzelvezet\u0151, mert a pang\u00f3 vizet egy\u00e1ltal\u00e1n nem kedveli. Mivel el\u00e9g vaskos, l\u00e9d\u00fas gy\u00f6k\u00e9rrendszere van, \u00edgy hamar t\u00f6nkremennek a gy\u00f6kerek, ha a talaj nem megfelel\u0151en tud \u00e1tszell\u0151zni. Mivel a tapos\u00e1st sem t\u0171ri, \u00edgy olyan helyre tegy\u00fck, ahol zavartalanul fejl\u0151dhet, mert az id\u0151s t\u00f6vek, pontosabban a gy\u00f6kereik lesznek majd az \u00e9rt\u00e9ket ad\u00f3 \u201cdrogok\u201d.<\/p>\n<p>(Drogoknak nevezz\u00fck a gy\u00f3gyn\u00f6v\u00e9nyek hasznos r\u00e9szeit, ami lehet pl. a gy\u00f6k\u00e9r, lev\u00e9l, vir\u00e1g, vir\u00e1gos hajt\u00e1s stb.)<\/p>\n<p>A csomag 10 szem magot tartalmaz<\/p>\n","protected":false},"featured_media":30765,"comment_status":"closed","ping_status":"closed","template":"","meta":[],"product_brand":[],"product_cat":[330],"product_tag":[],"class_list":{"0":"post-30764","1":"product","2":"type-product","3":"status-publish","4":"has-post-thumbnail","6":"product_cat-fuszer-es-gyogynoveny-vetomagok","8":"first","9":"instock","10":"taxable","11":"shipping-taxable","12":"purchasable","13":"product-type-simple"},"_links":{"self":[{"href":"https:\/\/chilimag.hu\/webshop\/wp-json\/wp\/v2\/product\/30764","targetHints":{"allow":["GET"]}}],"collection":[{"href":"https:\/\/chilimag.hu\/webshop\/wp-json\/wp\/v2\/product"}],"about":[{"href":"https:\/\/chilimag.hu\/webshop\/wp-json\/wp\/v2\/types\/product"}],"replies":[{"embeddable":true,"href":"https:\/\/chilimag.hu\/webshop\/wp-json\/wp\/v2\/comments?post=30764"}],"wp:featuredmedia":[{"embeddable":true,"href":"https:\/\/chilimag.hu\/webshop\/wp-json\/wp\/v2\/media\/30765"}],"wp:attachment":[{"href":"https:\/\/chilimag.hu\/webshop\/wp-json\/wp\/v2\/media?parent=30764"}],"wp:term":[{"taxonomy":"product_brand","embeddable":true,"href":"https:\/\/chilimag.hu\/webshop\/wp-json\/wp\/v2\/product_brand?post=30764"},{"taxonomy":"product_cat","embeddable":true,"href":"https:\/\/chilimag.hu\/webshop\/wp-json\/wp\/v2\/product_cat?post=30764"},{"taxonomy":"product_tag","embeddable":true,"href":"https:\/\/chilimag.hu\/webshop\/wp-json\/wp\/v2\/product_tag?post=30764"}],"curies":[{"name":"wp","href":"https:\/\/api.w.org\/{rel}","templated":true}]}}