{"id":30667,"date":"2024-02-29T18:13:37","date_gmt":"2024-02-29T18:13:37","guid":{"rendered":"https:\/\/chilimag.hu\/webshop\/?post_type=product&#038;p=30667"},"modified":"2026-04-15T19:27:27","modified_gmt":"2026-04-15T19:27:27","slug":"biborhere-bz-h","status":"publish","type":"product","link":"https:\/\/chilimag.hu\/webshop\/termek\/biborhere-bz-h\/","title":{"rendered":"B\u00edborhere Bz H"},"content":{"rendered":"","protected":false},"excerpt":{"rendered":"<p><img fetchpriority=\"high\" decoding=\"async\" class=\"attachment-medium size-medium\" src=\"https:\/\/purchasingpowerplus.com\/wp-content\/uploads\/2021\/05\/Buzzy-Logo-300x239.jpg\" sizes=\"(max-width: 300px) 100vw, 300px\" srcset=\"https:\/\/purchasingpowerplus.com\/wp-content\/uploads\/2021\/05\/Buzzy-Logo-300x239.jpg 300w, https:\/\/purchasingpowerplus.com\/wp-content\/uploads\/2021\/05\/Buzzy-Logo-768x612.jpg 768w, https:\/\/purchasingpowerplus.com\/wp-content\/uploads\/2021\/05\/Buzzy-Logo-1024x816.jpg 1024w, https:\/\/purchasingpowerplus.com\/wp-content\/uploads\/2021\/05\/Buzzy-Logo.jpg 1500w\" alt=\"\" width=\"300\" height=\"239\" \/><\/p>\n<p>Botanikai n\u00e9v:<span class=\"value\">Trifolium incarnatum<\/span><\/p>\n<p>A b\u00edborl\u00f3here egy sz\u0151r\u00f6s l\u00f3here, amely puha tapint\u00e1s\u00fa, \u00e9s 4 cm hossz\u00fa, s\u00f6t\u00e9tv\u00f6r\u00f6s cs\u00edkokkal rendelkezik. Z\u00f6ldtr\u00e1gyak\u00e9nt nitrog\u00e9nmegk\u00f6t\u0151k\u00e9nt \u00e9s vir\u00e1gk\u00e9nt egyar\u00e1nt haszn\u00e1lj\u00e1k. Alkalmas term\u00e9szetes kertekbe, \u00e9s nagyszer\u0171 m\u00e9h- \u00e9s poszm\u00e9h n\u00f6v\u00e9ny.<br \/>\nTartalom: 200 g 80 m\u00b2-hez elegend\u0151<\/p>\n<p>Mi\u00e9rt a karmazsin l\u00f3here?<br \/>\n\u2022 Rendk\u00edv\u00fcl j\u00f3l b\u00edrja a sz\u00e1raz talajt<br \/>\n\u2022 Csod\u00e1latos m\u00e9h- \u00e9s poszm\u00e9h n\u00f6v\u00e9ny<\/p>\n<p>&nbsp;<\/p>\n","protected":false},"featured_media":30668,"comment_status":"closed","ping_status":"closed","template":"","meta":[],"product_brand":[],"product_cat":[471],"product_tag":[],"class_list":{"0":"post-30667","1":"product","2":"type-product","3":"status-publish","4":"has-post-thumbnail","6":"product_cat-fu-es-mezogazdasagi-vetomagok","8":"first","9":"instock","10":"taxable","11":"shipping-taxable","12":"purchasable","13":"product-type-simple"},"_links":{"self":[{"href":"https:\/\/chilimag.hu\/webshop\/wp-json\/wp\/v2\/product\/30667","targetHints":{"allow":["GET"]}}],"collection":[{"href":"https:\/\/chilimag.hu\/webshop\/wp-json\/wp\/v2\/product"}],"about":[{"href":"https:\/\/chilimag.hu\/webshop\/wp-json\/wp\/v2\/types\/product"}],"replies":[{"embeddable":true,"href":"https:\/\/chilimag.hu\/webshop\/wp-json\/wp\/v2\/comments?post=30667"}],"wp:featuredmedia":[{"embeddable":true,"href":"https:\/\/chilimag.hu\/webshop\/wp-json\/wp\/v2\/media\/30668"}],"wp:attachment":[{"href":"https:\/\/chilimag.hu\/webshop\/wp-json\/wp\/v2\/media?parent=30667"}],"wp:term":[{"taxonomy":"product_brand","embeddable":true,"href":"https:\/\/chilimag.hu\/webshop\/wp-json\/wp\/v2\/product_brand?post=30667"},{"taxonomy":"product_cat","embeddable":true,"href":"https:\/\/chilimag.hu\/webshop\/wp-json\/wp\/v2\/product_cat?post=30667"},{"taxonomy":"product_tag","embeddable":true,"href":"https:\/\/chilimag.hu\/webshop\/wp-json\/wp\/v2\/product_tag?post=30667"}],"curies":[{"name":"wp","href":"https:\/\/api.w.org\/{rel}","templated":true}]}}