{"id":30664,"date":"2024-02-29T18:09:13","date_gmt":"2024-02-29T18:09:13","guid":{"rendered":"https:\/\/chilimag.hu\/webshop\/?post_type=product&#038;p=30664"},"modified":"2026-02-06T09:05:17","modified_gmt":"2026-02-06T09:05:17","slug":"takarmanylucerna-bz-h","status":"publish","type":"product","link":"https:\/\/chilimag.hu\/webshop\/termek\/takarmanylucerna-bz-h\/","title":{"rendered":"Takarm\u00e1nylucerna Bz H"},"content":{"rendered":"","protected":false},"excerpt":{"rendered":"<p><img fetchpriority=\"high\" decoding=\"async\" class=\"attachment-medium size-medium\" src=\"https:\/\/purchasingpowerplus.com\/wp-content\/uploads\/2021\/05\/Buzzy-Logo-300x239.jpg\" sizes=\"(max-width: 300px) 100vw, 300px\" srcset=\"https:\/\/purchasingpowerplus.com\/wp-content\/uploads\/2021\/05\/Buzzy-Logo-300x239.jpg 300w, https:\/\/purchasingpowerplus.com\/wp-content\/uploads\/2021\/05\/Buzzy-Logo-768x612.jpg 768w, https:\/\/purchasingpowerplus.com\/wp-content\/uploads\/2021\/05\/Buzzy-Logo-1024x816.jpg 1024w, https:\/\/purchasingpowerplus.com\/wp-content\/uploads\/2021\/05\/Buzzy-Logo.jpg 1500w\" alt=\"\" width=\"300\" height=\"239\" \/><\/p>\n<p>Botanikai n\u00e9v:<span class=\"value\">Medicago sativa<\/span><\/p>\n<p>A lucerna l\u00f3here kiv\u00e1l\u00f3 z\u00f6ldtr\u00e1gya. H\u00fcvelyes n\u00f6v\u00e9ny, k\u00e9pes felsz\u00edvni a nitrog\u00e9nt a leveg\u0151b\u0151l, \u00e9s hozz\u00e1adni a talajhoz. A n\u00f6v\u00e9nyek \u00e1t\u00e1s\u00e1sa n\u00f6veli a talaj szervesanyag-tartalm\u00e1t is. Ez a z\u00f6ldtr\u00e1gya azt is megakad\u00e1lyozza, hogy a gyomok megtelepedjenek a megtiszt\u00edtott f\u00f6ldter\u00fcleten. A lucerna l\u00f3here gy\u00f6ny\u00f6r\u0171 lila vir\u00e1gokkal vir\u00e1gzik, amelyek sok rovart vonzanak.<br \/>\nTartalom: 200 g 80 m\u00b2-hez elegend\u0151<\/p>\n<p>Mi\u00e9rt a luzerni l\u00f3here?<br \/>\n\u2022 Megakad\u00e1lyozza a gyomok kialakul\u00e1s\u00e1t<br \/>\n\u2022 Kiv\u00e1l\u00f3an alkalmas rovarok sz\u00e1m\u00e1ra<\/p>\n<p>&nbsp;<\/p>\n<p>A csomag 200 gr magot tartalmaz<\/p>\n<p>&nbsp;<\/p>\n","protected":false},"featured_media":30665,"comment_status":"closed","ping_status":"closed","template":"","meta":[],"product_brand":[],"product_cat":[471],"product_tag":[],"class_list":{"0":"post-30664","1":"product","2":"type-product","3":"status-publish","4":"has-post-thumbnail","6":"product_cat-fu-es-mezogazdasagi-vetomagok","8":"first","9":"instock","10":"taxable","11":"shipping-taxable","12":"purchasable","13":"product-type-simple"},"_links":{"self":[{"href":"https:\/\/chilimag.hu\/webshop\/wp-json\/wp\/v2\/product\/30664","targetHints":{"allow":["GET"]}}],"collection":[{"href":"https:\/\/chilimag.hu\/webshop\/wp-json\/wp\/v2\/product"}],"about":[{"href":"https:\/\/chilimag.hu\/webshop\/wp-json\/wp\/v2\/types\/product"}],"replies":[{"embeddable":true,"href":"https:\/\/chilimag.hu\/webshop\/wp-json\/wp\/v2\/comments?post=30664"}],"wp:featuredmedia":[{"embeddable":true,"href":"https:\/\/chilimag.hu\/webshop\/wp-json\/wp\/v2\/media\/30665"}],"wp:attachment":[{"href":"https:\/\/chilimag.hu\/webshop\/wp-json\/wp\/v2\/media?parent=30664"}],"wp:term":[{"taxonomy":"product_brand","embeddable":true,"href":"https:\/\/chilimag.hu\/webshop\/wp-json\/wp\/v2\/product_brand?post=30664"},{"taxonomy":"product_cat","embeddable":true,"href":"https:\/\/chilimag.hu\/webshop\/wp-json\/wp\/v2\/product_cat?post=30664"},{"taxonomy":"product_tag","embeddable":true,"href":"https:\/\/chilimag.hu\/webshop\/wp-json\/wp\/v2\/product_tag?post=30664"}],"curies":[{"name":"wp","href":"https:\/\/api.w.org\/{rel}","templated":true}]}}