{"id":30637,"date":"2024-02-29T17:32:20","date_gmt":"2024-02-29T17:32:20","guid":{"rendered":"https:\/\/chilimag.hu\/webshop\/?post_type=product&#038;p=30637"},"modified":"2026-03-08T18:50:25","modified_gmt":"2026-03-08T18:50:25","slug":"kerti-nebancsvirag-camellia-flwd-dbl-mixed-ht-h","status":"publish","type":"product","link":"https:\/\/chilimag.hu\/webshop\/termek\/kerti-nebancsvirag-camellia-flwd-dbl-mixed-ht-h\/","title":{"rendered":"Kerti neb\u00e1ncsvir\u00e1g Camellia Flwd Dbl Mixed Ht H"},"content":{"rendered":"","protected":false},"excerpt":{"rendered":"<p><img decoding=\"async\" class=\"img-responsive\" title=\"Horti Tops\" src=\"https:\/\/tuinplus.nl\/Documents\/Images\/Banners\/Horti_Tops_Roll_Over.jpg\" alt=\"Horti Tops\" \/><\/p>\n<p>Botanikai n\u00e9v:<span id=\"column_2_uc_product_details_ctl04_lbl_ff_desc2\" class=\"value\">Impatiens balsamina<\/span><\/p>\n<p><span id=\"column_2_uc_product_details_ctl04_lbl_ff_desc2\" class=\"value\">T\u00e9l v\u00e9g\u00e9n vet\u00e9s kora tavaszig a magt\u00e1lc\u00e1ban kb. 20\u00baC, vagy kora tavasz k\u00f6zep\u00e9ig keretek alatt. Ny\u00e1r elej\u00e9n \u00fcltesse ki. Nagyon alkalmas szeg\u00e9lynek \u00e9s \u00e1gynem\u0171nek is. \u00c1ll a nap \u00e9s az \u00e1rny\u00e9k. Szemet gy\u00f6ny\u00f6rk\u00f6dtet\u0151 kam\u00e9lia vir\u00e1gzik.<\/span><\/p>\n<p>A csomag 1,5 gr magot tartalmaz<\/p>\n<p>&nbsp;<\/p>\n","protected":false},"featured_media":30638,"comment_status":"closed","ping_status":"closed","template":"","meta":[],"product_brand":[],"product_cat":[438],"product_tag":[],"class_list":{"0":"post-30637","1":"product","2":"type-product","3":"status-publish","4":"has-post-thumbnail","6":"product_cat-horti-tops","8":"first","9":"instock","10":"taxable","11":"shipping-taxable","12":"purchasable","13":"product-type-simple"},"_links":{"self":[{"href":"https:\/\/chilimag.hu\/webshop\/wp-json\/wp\/v2\/product\/30637","targetHints":{"allow":["GET"]}}],"collection":[{"href":"https:\/\/chilimag.hu\/webshop\/wp-json\/wp\/v2\/product"}],"about":[{"href":"https:\/\/chilimag.hu\/webshop\/wp-json\/wp\/v2\/types\/product"}],"replies":[{"embeddable":true,"href":"https:\/\/chilimag.hu\/webshop\/wp-json\/wp\/v2\/comments?post=30637"}],"wp:featuredmedia":[{"embeddable":true,"href":"https:\/\/chilimag.hu\/webshop\/wp-json\/wp\/v2\/media\/30638"}],"wp:attachment":[{"href":"https:\/\/chilimag.hu\/webshop\/wp-json\/wp\/v2\/media?parent=30637"}],"wp:term":[{"taxonomy":"product_brand","embeddable":true,"href":"https:\/\/chilimag.hu\/webshop\/wp-json\/wp\/v2\/product_brand?post=30637"},{"taxonomy":"product_cat","embeddable":true,"href":"https:\/\/chilimag.hu\/webshop\/wp-json\/wp\/v2\/product_cat?post=30637"},{"taxonomy":"product_tag","embeddable":true,"href":"https:\/\/chilimag.hu\/webshop\/wp-json\/wp\/v2\/product_tag?post=30637"}],"curies":[{"name":"wp","href":"https:\/\/api.w.org\/{rel}","templated":true}]}}