{"id":30621,"date":"2024-02-29T16:51:33","date_gmt":"2024-02-29T16:51:33","guid":{"rendered":"https:\/\/chilimag.hu\/webshop\/?post_type=product&#038;p=30621"},"modified":"2026-03-10T21:08:15","modified_gmt":"2026-03-10T21:08:15","slug":"paprika-jalapeno-m-ht-h","status":"publish","type":"product","link":"https:\/\/chilimag.hu\/webshop\/termek\/paprika-jalapeno-m-ht-h\/","title":{"rendered":"Paprika Jalape\u00f1o M Ht H"},"content":{"rendered":"","protected":false},"excerpt":{"rendered":"<p><img decoding=\"async\" class=\"img-responsive\" title=\"Horti Tops\" src=\"https:\/\/tuinplus.nl\/Documents\/Images\/Banners\/Horti_Tops_Roll_Over.jpg\" alt=\"Horti Tops\" \/><\/p>\n<p>Botanikai n\u00e9v: Capsicum Annuum<\/p>\n<p>Mexik\u00f3i paprika &#8211; Jalape\u00f1o<br \/>\nKora tavasszal v\u00e9dett mag\u00e1gyban 20\u00b0C-on vagy k\u00e9s\u0151bb szabadban keretben; sz\u00fard ki egyszer, \u00e9s \u00fcltesd ki cserepekbe belt\u00e9ri vagy \u00fcvegh\u00e1zi termeszt\u00e9shez. Nagyon cs\u00edp\u0151s paprika frissen haszn\u00e1lhat\u00f3 mexik\u00f3i f\u0151z\u00e9shez: kiv\u00e1l\u00f3an alkalmas erk\u00e9lyen vagy teraszon t\u00f6rt\u00e9n\u0151 termeszt\u00e9sre is.<\/p>\n<p>A csomag 2 gr magot tartalmaz<\/p>\n<p>&nbsp;<\/p>\n","protected":false},"featured_media":30622,"comment_status":"closed","ping_status":"closed","template":"","meta":[],"product_brand":[],"product_cat":[438],"product_tag":[],"class_list":{"0":"post-30621","1":"product","2":"type-product","3":"status-publish","4":"has-post-thumbnail","6":"product_cat-horti-tops","8":"first","9":"instock","10":"taxable","11":"shipping-taxable","12":"purchasable","13":"product-type-simple"},"_links":{"self":[{"href":"https:\/\/chilimag.hu\/webshop\/wp-json\/wp\/v2\/product\/30621","targetHints":{"allow":["GET"]}}],"collection":[{"href":"https:\/\/chilimag.hu\/webshop\/wp-json\/wp\/v2\/product"}],"about":[{"href":"https:\/\/chilimag.hu\/webshop\/wp-json\/wp\/v2\/types\/product"}],"replies":[{"embeddable":true,"href":"https:\/\/chilimag.hu\/webshop\/wp-json\/wp\/v2\/comments?post=30621"}],"wp:featuredmedia":[{"embeddable":true,"href":"https:\/\/chilimag.hu\/webshop\/wp-json\/wp\/v2\/media\/30622"}],"wp:attachment":[{"href":"https:\/\/chilimag.hu\/webshop\/wp-json\/wp\/v2\/media?parent=30621"}],"wp:term":[{"taxonomy":"product_brand","embeddable":true,"href":"https:\/\/chilimag.hu\/webshop\/wp-json\/wp\/v2\/product_brand?post=30621"},{"taxonomy":"product_cat","embeddable":true,"href":"https:\/\/chilimag.hu\/webshop\/wp-json\/wp\/v2\/product_cat?post=30621"},{"taxonomy":"product_tag","embeddable":true,"href":"https:\/\/chilimag.hu\/webshop\/wp-json\/wp\/v2\/product_tag?post=30621"}],"curies":[{"name":"wp","href":"https:\/\/api.w.org\/{rel}","templated":true}]}}