{"id":30615,"date":"2024-02-29T16:31:40","date_gmt":"2024-02-29T16:31:40","guid":{"rendered":"https:\/\/chilimag.hu\/webshop\/?post_type=product&#038;p=30615"},"modified":"2026-01-14T18:24:32","modified_gmt":"2026-01-14T18:24:32","slug":"holgyestike-damask-violet-native-flowers-bz-h","status":"publish","type":"product","link":"https:\/\/chilimag.hu\/webshop\/termek\/holgyestike-damask-violet-native-flowers-bz-h\/","title":{"rendered":"H\u00f6lgyestike Damask-violet Native Flowers Bz H"},"content":{"rendered":"","protected":false},"excerpt":{"rendered":"<p><img fetchpriority=\"high\" decoding=\"async\" class=\"attachment-medium size-medium\" src=\"https:\/\/purchasingpowerplus.com\/wp-content\/uploads\/2021\/05\/Buzzy-Logo-300x239.jpg\" sizes=\"(max-width: 300px) 100vw, 300px\" srcset=\"https:\/\/purchasingpowerplus.com\/wp-content\/uploads\/2021\/05\/Buzzy-Logo-300x239.jpg 300w, https:\/\/purchasingpowerplus.com\/wp-content\/uploads\/2021\/05\/Buzzy-Logo-768x612.jpg 768w, https:\/\/purchasingpowerplus.com\/wp-content\/uploads\/2021\/05\/Buzzy-Logo-1024x816.jpg 1024w, https:\/\/purchasingpowerplus.com\/wp-content\/uploads\/2021\/05\/Buzzy-Logo.jpg 1500w\" alt=\"\" width=\"300\" height=\"239\" \/><\/p>\n<p>Botanikai n\u00e9v:<span id=\"column_2_uc_product_details_ctl04_lbl_ff_desc2\" class=\"value\">Hesperis matronali\u00a0<\/span><\/p>\n<p><span id=\"column_2_uc_product_details_ctl04_lbl_ff_desc2\" class=\"value\">A damasztiboly\u00e1nak gy\u00f6ny\u00f6r\u0171 lila\/ibolya sz\u00edn\u0171 vir\u00e1gai vannak, amelyek est\u00e9re k\u00fcl\u00f6n\u00f6sen illatoss\u00e1 v\u00e1lnak, ez\u00e9rt a n\u00f6v\u00e9nyt este any\u00e1nak is nevezik. A damasztibolya m\u00e1jus elej\u00e9t\u0151l vir\u00e1gzik \u00e9s<br \/>\nr\u00e9szleges \u00e1rny\u00e9kban nedves helyet kedveli. A damasztibolya gyakran megtal\u00e1lhat\u00f3 a foly\u00f3k \u00e9s patakok partjain. Ha az els\u0151 vir\u00e1gz\u00e1s ut\u00e1n elpusztul, a n\u00f6v\u00e9ny szeptemberig \u00fajra vir\u00e1gzik. t\u00f3l vet\u0151\u00e1gyba vetni<br \/>\nM\u00e1just\u00f3l j\u00faliusig \u00e9s \u00e1t\u00fcltet\u00e9s okt\u00f3bert\u0151l novemberig.<br \/>\nN\u00e9lk\u00fcl\u00f6zhetetlen vir\u00e1gok k\u00f6rnyezet\u00fcnk n\u00f6v\u00e9ny- \u00e9s \u00e1llatvil\u00e1ga sz\u00e1m\u00e1ra.<\/span><\/p>\n<p>A csomag 0,25 gr magot tartalmaz<\/p>\n<p>&nbsp;<\/p>\n","protected":false},"featured_media":30616,"comment_status":"closed","ping_status":"closed","template":"","meta":[],"product_brand":[],"product_cat":[445],"product_tag":[],"class_list":{"0":"post-30615","1":"product","2":"type-product","3":"status-publish","4":"has-post-thumbnail","6":"product_cat-native-flowers-house-plants","8":"first","9":"instock","10":"taxable","11":"shipping-taxable","12":"purchasable","13":"product-type-simple"},"_links":{"self":[{"href":"https:\/\/chilimag.hu\/webshop\/wp-json\/wp\/v2\/product\/30615","targetHints":{"allow":["GET"]}}],"collection":[{"href":"https:\/\/chilimag.hu\/webshop\/wp-json\/wp\/v2\/product"}],"about":[{"href":"https:\/\/chilimag.hu\/webshop\/wp-json\/wp\/v2\/types\/product"}],"replies":[{"embeddable":true,"href":"https:\/\/chilimag.hu\/webshop\/wp-json\/wp\/v2\/comments?post=30615"}],"wp:featuredmedia":[{"embeddable":true,"href":"https:\/\/chilimag.hu\/webshop\/wp-json\/wp\/v2\/media\/30616"}],"wp:attachment":[{"href":"https:\/\/chilimag.hu\/webshop\/wp-json\/wp\/v2\/media?parent=30615"}],"wp:term":[{"taxonomy":"product_brand","embeddable":true,"href":"https:\/\/chilimag.hu\/webshop\/wp-json\/wp\/v2\/product_brand?post=30615"},{"taxonomy":"product_cat","embeddable":true,"href":"https:\/\/chilimag.hu\/webshop\/wp-json\/wp\/v2\/product_cat?post=30615"},{"taxonomy":"product_tag","embeddable":true,"href":"https:\/\/chilimag.hu\/webshop\/wp-json\/wp\/v2\/product_tag?post=30615"}],"curies":[{"name":"wp","href":"https:\/\/api.w.org\/{rel}","templated":true}]}}