{"id":30599,"date":"2024-02-29T05:57:07","date_gmt":"2024-02-29T05:57:07","guid":{"rendered":"https:\/\/chilimag.hu\/webshop\/?post_type=product&#038;p=30599"},"modified":"2025-06-23T07:02:57","modified_gmt":"2025-06-23T07:02:57","slug":"eukaliptusz-citromillatu-lemon-bush-house-plants-bz-h","status":"publish","type":"product","link":"https:\/\/chilimag.hu\/webshop\/termek\/eukaliptusz-citromillatu-lemon-bush-house-plants-bz-h\/","title":{"rendered":"Eukaliptusz citromillat\u00fa Lemon Bush House Plants Bz H"},"content":{"rendered":"","protected":false},"excerpt":{"rendered":"<p><img decoding=\"async\" class=\"img-responsive\" title=\"Buzzy Seeds\" src=\"https:\/\/tuinplus.nl\/Documents\/Images\/Banners\/Buzzy_Roll_Over.jpg\" alt=\"Buzzy Seeds\" \/><\/p>\n<p>Botanikai n\u00e9v:<span id=\"column_2_uc_product_details_ctl04_lbl_ff_desc2\" class=\"value\">Eucalyptus citriodora<\/span><\/p>\n<p><span id=\"column_2_uc_product_details_ctl04_lbl_ff_desc2\" class=\"value\">Citrom illat\u00fa \u00a0&#8211; Lemon Bush<br \/>\nBelt\u00e9rben eg\u00e9sz \u00e9vben termeszthet\u0151 kb. 20\u00b0C-on, ed\u00e9nyekbe sz\u00farjuk ki. A levelek citronella illat\u00faak, ha meg\u00e9rintik, \u00e9s t\u00e1vol tartja a sz\u00fanyogokat.<\/span><\/p>\n<p>A csomag 10 szem magot tartalmaz<\/p>\n<p>&nbsp;<\/p>\n","protected":false},"featured_media":30600,"comment_status":"closed","ping_status":"closed","template":"","meta":[],"product_brand":[],"product_cat":[445],"product_tag":[],"class_list":{"0":"post-30599","1":"product","2":"type-product","3":"status-publish","4":"has-post-thumbnail","6":"product_cat-native-flowers-house-plants","8":"first","9":"outofstock","10":"taxable","11":"shipping-taxable","12":"purchasable","13":"product-type-simple"},"_links":{"self":[{"href":"https:\/\/chilimag.hu\/webshop\/wp-json\/wp\/v2\/product\/30599","targetHints":{"allow":["GET"]}}],"collection":[{"href":"https:\/\/chilimag.hu\/webshop\/wp-json\/wp\/v2\/product"}],"about":[{"href":"https:\/\/chilimag.hu\/webshop\/wp-json\/wp\/v2\/types\/product"}],"replies":[{"embeddable":true,"href":"https:\/\/chilimag.hu\/webshop\/wp-json\/wp\/v2\/comments?post=30599"}],"wp:featuredmedia":[{"embeddable":true,"href":"https:\/\/chilimag.hu\/webshop\/wp-json\/wp\/v2\/media\/30600"}],"wp:attachment":[{"href":"https:\/\/chilimag.hu\/webshop\/wp-json\/wp\/v2\/media?parent=30599"}],"wp:term":[{"taxonomy":"product_brand","embeddable":true,"href":"https:\/\/chilimag.hu\/webshop\/wp-json\/wp\/v2\/product_brand?post=30599"},{"taxonomy":"product_cat","embeddable":true,"href":"https:\/\/chilimag.hu\/webshop\/wp-json\/wp\/v2\/product_cat?post=30599"},{"taxonomy":"product_tag","embeddable":true,"href":"https:\/\/chilimag.hu\/webshop\/wp-json\/wp\/v2\/product_tag?post=30599"}],"curies":[{"name":"wp","href":"https:\/\/api.w.org\/{rel}","templated":true}]}}