{"id":30562,"date":"2024-02-28T19:17:22","date_gmt":"2024-02-28T19:17:22","guid":{"rendered":"https:\/\/chilimag.hu\/webshop\/?post_type=product&#038;p=30562"},"modified":"2026-02-14T05:46:29","modified_gmt":"2026-02-14T05:46:29","slug":"bazsalikom-napolitano-salatalevelu-basilico-collection-bz-h","status":"publish","type":"product","link":"https:\/\/chilimag.hu\/webshop\/termek\/bazsalikom-napolitano-salatalevelu-basilico-collection-bz-h\/","title":{"rendered":"Bazsalikom Napolitano Sal\u00e1talevel\u0171 Basilico Collection Bz H"},"content":{"rendered":"","protected":false},"excerpt":{"rendered":"<p><img fetchpriority=\"high\" decoding=\"async\" class=\"attachment-medium size-medium\" src=\"https:\/\/purchasingpowerplus.com\/wp-content\/uploads\/2021\/05\/Buzzy-Logo-300x239.jpg\" sizes=\"(max-width: 300px) 100vw, 300px\" srcset=\"https:\/\/purchasingpowerplus.com\/wp-content\/uploads\/2021\/05\/Buzzy-Logo-300x239.jpg 300w, https:\/\/purchasingpowerplus.com\/wp-content\/uploads\/2021\/05\/Buzzy-Logo-768x612.jpg 768w, https:\/\/purchasingpowerplus.com\/wp-content\/uploads\/2021\/05\/Buzzy-Logo-1024x816.jpg 1024w, https:\/\/purchasingpowerplus.com\/wp-content\/uploads\/2021\/05\/Buzzy-Logo.jpg 1500w\" alt=\"\" width=\"300\" height=\"239\" \/><\/p>\n<p>Botanikai n\u00e9v:<span id=\"column_2_uc_product_details_ctl04_lbl_ff_desc2\" class=\"value\">Ocimum basilicum\u00a0<\/span><\/p>\n<p><span id=\"column_2_uc_product_details_ctl04_lbl_ff_desc2\" class=\"value\">Bazsalikom &#8211; Napolitano, sal\u00e1talev\u00e9l<br \/>\nA bazsalikom eg\u00e9sz \u00e9vben belt\u00e9rre vethet\u0151. Szabadt\u00e9ri termeszt\u00e9shez m\u00e1rciust\u00f3l j\u00faliusig vessen belt\u00e9ren, \u00e9s k\u00f6lt\u00f6zz\u00f6n a szabadba, amint a h\u0151m\u00e9rs\u00e9klet meghaladja a 20 \u00b0C-ot. Er\u0151teljes n\u00f6v\u00e9ny nagy illatos z\u00f6ld levelekkel. Nagy level\u0171 bazsalikom a n\u00e1polyi r\u00e9gi\u00f3b\u00f3l. \u00cdz\u00e9\u00e9rt nagyra \u00e9rt\u00e9kelik, \u00e9s sz\u00e9les k\u00f6rben haszn\u00e1lj\u00e1k olaszul<br \/>\nkonyha t\u00e9szt\u00e1kkal, rizses \u00e9s paradicsomos \u00e9telekkel.<\/span><\/p>\n<p>A csomag 1,5 gr magot tartalmaz<\/p>\n<p>&nbsp;<\/p>\n","protected":false},"featured_media":30563,"comment_status":"closed","ping_status":"closed","template":"","meta":[],"product_brand":[],"product_cat":[443],"product_tag":[],"class_list":{"0":"post-30562","1":"product","2":"type-product","3":"status-publish","4":"has-post-thumbnail","6":"product_cat-pomodori-basilico-collection-patio-vegetables","8":"first","9":"instock","10":"taxable","11":"shipping-taxable","12":"purchasable","13":"product-type-simple"},"_links":{"self":[{"href":"https:\/\/chilimag.hu\/webshop\/wp-json\/wp\/v2\/product\/30562","targetHints":{"allow":["GET"]}}],"collection":[{"href":"https:\/\/chilimag.hu\/webshop\/wp-json\/wp\/v2\/product"}],"about":[{"href":"https:\/\/chilimag.hu\/webshop\/wp-json\/wp\/v2\/types\/product"}],"replies":[{"embeddable":true,"href":"https:\/\/chilimag.hu\/webshop\/wp-json\/wp\/v2\/comments?post=30562"}],"wp:featuredmedia":[{"embeddable":true,"href":"https:\/\/chilimag.hu\/webshop\/wp-json\/wp\/v2\/media\/30563"}],"wp:attachment":[{"href":"https:\/\/chilimag.hu\/webshop\/wp-json\/wp\/v2\/media?parent=30562"}],"wp:term":[{"taxonomy":"product_brand","embeddable":true,"href":"https:\/\/chilimag.hu\/webshop\/wp-json\/wp\/v2\/product_brand?post=30562"},{"taxonomy":"product_cat","embeddable":true,"href":"https:\/\/chilimag.hu\/webshop\/wp-json\/wp\/v2\/product_cat?post=30562"},{"taxonomy":"product_tag","embeddable":true,"href":"https:\/\/chilimag.hu\/webshop\/wp-json\/wp\/v2\/product_tag?post=30562"}],"curies":[{"name":"wp","href":"https:\/\/api.w.org\/{rel}","templated":true}]}}