{"id":30559,"date":"2024-02-28T19:07:25","date_gmt":"2024-02-28T19:07:25","guid":{"rendered":"https:\/\/chilimag.hu\/webshop\/?post_type=product&#038;p=30559"},"modified":"2026-02-14T05:44:25","modified_gmt":"2026-02-14T05:44:25","slug":"baby-leaf-salad-oriental-mix-xotica-bz-h","status":"publish","type":"product","link":"https:\/\/chilimag.hu\/webshop\/termek\/baby-leaf-salad-oriental-mix-xotica-bz-h\/","title":{"rendered":"Baby Leaf Salad, Oriental mix Xotica Bz H"},"content":{"rendered":"","protected":false},"excerpt":{"rendered":"<p><img decoding=\"async\" class=\"img-responsive\" title=\"Buzzy Seeds\" src=\"https:\/\/tuinplus.nl\/Documents\/Images\/Banners\/Buzzy_Roll_Over.jpg\" alt=\"Buzzy Seeds\" \/><\/p>\n<p>Sal\u00e1ta babalev\u00e9l &#8211; keleti kever\u00e9k<br \/>\nA k\u00fcl\u00f6nf\u00e9le fajt\u00e1k gondos kiv\u00e1laszt\u00e1s\u00e1b\u00f3l egy finom sal\u00e1t\u00e1t kaphat, amely a l\u00e1gy vajt\u00f3l a di\u00f3f\u00e9l\u00e9kig \u00e9s a f\u0171szerekig v\u00e1ltozatos \u00edzvil\u00e1ggal rendelkezik.<br \/>\nVesse sorokba, 25 cm-re egym\u00e1st\u00f3l m\u00e1rcius k\u00f6zep\u00e9t\u0151l augusztus v\u00e9g\u00e9ig ny\u00edlt talajon. S\u0171r\u0171n vess\u00fck \u00e9s ne ritk\u00edtsuk. A leveles sal\u00e1t\u00e1t t\u00f6bbsz\u00f6r is betakar\u00edthatjuk, mivel a levelek a v\u00e1g\u00e1s ut\u00e1n tov\u00e1bb n\u0151nek.<\/p>\n<p>A csomag 3 gr magot tartalmaz<\/p>\n","protected":false},"featured_media":30560,"comment_status":"closed","ping_status":"closed","template":"","meta":[],"product_brand":[],"product_cat":[440],"product_tag":[],"class_list":{"0":"post-30559","1":"product","2":"type-product","3":"status-publish","4":"has-post-thumbnail","6":"product_cat-xotica-collection","8":"first","9":"instock","10":"taxable","11":"shipping-taxable","12":"purchasable","13":"product-type-simple"},"_links":{"self":[{"href":"https:\/\/chilimag.hu\/webshop\/wp-json\/wp\/v2\/product\/30559","targetHints":{"allow":["GET"]}}],"collection":[{"href":"https:\/\/chilimag.hu\/webshop\/wp-json\/wp\/v2\/product"}],"about":[{"href":"https:\/\/chilimag.hu\/webshop\/wp-json\/wp\/v2\/types\/product"}],"replies":[{"embeddable":true,"href":"https:\/\/chilimag.hu\/webshop\/wp-json\/wp\/v2\/comments?post=30559"}],"wp:featuredmedia":[{"embeddable":true,"href":"https:\/\/chilimag.hu\/webshop\/wp-json\/wp\/v2\/media\/30560"}],"wp:attachment":[{"href":"https:\/\/chilimag.hu\/webshop\/wp-json\/wp\/v2\/media?parent=30559"}],"wp:term":[{"taxonomy":"product_brand","embeddable":true,"href":"https:\/\/chilimag.hu\/webshop\/wp-json\/wp\/v2\/product_brand?post=30559"},{"taxonomy":"product_cat","embeddable":true,"href":"https:\/\/chilimag.hu\/webshop\/wp-json\/wp\/v2\/product_cat?post=30559"},{"taxonomy":"product_tag","embeddable":true,"href":"https:\/\/chilimag.hu\/webshop\/wp-json\/wp\/v2\/product_tag?post=30559"}],"curies":[{"name":"wp","href":"https:\/\/api.w.org\/{rel}","templated":true}]}}