{"id":30544,"date":"2024-02-28T18:42:59","date_gmt":"2024-02-28T18:42:59","guid":{"rendered":"https:\/\/chilimag.hu\/webshop\/?post_type=product&#038;p=30544"},"modified":"2025-06-29T15:12:28","modified_gmt":"2025-06-29T15:12:28","slug":"mizuna-mustarspenot-xotica-bz-h","status":"publish","type":"product","link":"https:\/\/chilimag.hu\/webshop\/termek\/mizuna-mustarspenot-xotica-bz-h\/","title":{"rendered":"Mizuna Must\u00e1rspen\u00f3t Xotica Bz H"},"content":{"rendered":"","protected":false},"excerpt":{"rendered":"<p><img decoding=\"async\" class=\"img-responsive\" title=\"Buzzy Seeds\" src=\"https:\/\/tuinplus.nl\/Documents\/Images\/Banners\/Buzzy_Roll_Over.jpg\" alt=\"Buzzy Seeds\" \/><\/p>\n<p>Botanikai n\u00e9v:<span id=\"column_2_uc_product_details_ctl04_lbl_ff_desc2\" class=\"value\">Brassica rapa subsp. nipposinica\u00a0<\/span><\/p>\n<p><span id=\"column_2_uc_product_details_ctl04_lbl_ff_desc2\" class=\"value\">Mizuna &#8211; z\u00f6ld<br \/>\nA Mizuna k\u00ednai eredet\u0171, \u00e9s Xiu cai-nak h\u00edvj\u00e1k. A n\u00f6v\u00e9ny vonz\u00f3 hossz\u00fa alak\u00fa, fogazott levelekkel rendelkezik. Haszn\u00e1lhat\u00f3 frissen sal\u00e1t\u00e1kba vagy keverve s\u00fct\u00e9shez.<br \/>\n\u00c1prilis k\u00f6zep\u00e9t\u0151l augusztus v\u00e9g\u00e9ig szabad a szabadba vetni. \u00dcltess\u00fck ki egym\u00e1st\u00f3l 25 cm-re, a sorok k\u00f6z\u00f6tt 40 cm-re. A mizun\u00e1t 6-8 h\u00e9t ut\u00e1n lehet betakar\u00edtani, a leveleket k\u00f6zvetlen\u00fcl a talaj felett v\u00e1gva le.<\/span><\/p>\n<p>A csomag 10 gr magot tartalmaz<\/p>\n<p>&nbsp;<\/p>\n<p>&nbsp;<\/p>\n","protected":false},"featured_media":30545,"comment_status":"closed","ping_status":"closed","template":"","meta":[],"product_brand":[],"product_cat":[440],"product_tag":[],"class_list":{"0":"post-30544","1":"product","2":"type-product","3":"status-publish","4":"has-post-thumbnail","6":"product_cat-xotica-collection","8":"first","9":"instock","10":"taxable","11":"shipping-taxable","12":"purchasable","13":"product-type-simple"},"_links":{"self":[{"href":"https:\/\/chilimag.hu\/webshop\/wp-json\/wp\/v2\/product\/30544","targetHints":{"allow":["GET"]}}],"collection":[{"href":"https:\/\/chilimag.hu\/webshop\/wp-json\/wp\/v2\/product"}],"about":[{"href":"https:\/\/chilimag.hu\/webshop\/wp-json\/wp\/v2\/types\/product"}],"replies":[{"embeddable":true,"href":"https:\/\/chilimag.hu\/webshop\/wp-json\/wp\/v2\/comments?post=30544"}],"wp:featuredmedia":[{"embeddable":true,"href":"https:\/\/chilimag.hu\/webshop\/wp-json\/wp\/v2\/media\/30545"}],"wp:attachment":[{"href":"https:\/\/chilimag.hu\/webshop\/wp-json\/wp\/v2\/media?parent=30544"}],"wp:term":[{"taxonomy":"product_brand","embeddable":true,"href":"https:\/\/chilimag.hu\/webshop\/wp-json\/wp\/v2\/product_brand?post=30544"},{"taxonomy":"product_cat","embeddable":true,"href":"https:\/\/chilimag.hu\/webshop\/wp-json\/wp\/v2\/product_cat?post=30544"},{"taxonomy":"product_tag","embeddable":true,"href":"https:\/\/chilimag.hu\/webshop\/wp-json\/wp\/v2\/product_tag?post=30544"}],"curies":[{"name":"wp","href":"https:\/\/api.w.org\/{rel}","templated":true}]}}