{"id":30541,"date":"2024-02-28T13:26:39","date_gmt":"2024-02-28T13:26:39","guid":{"rendered":"https:\/\/chilimag.hu\/webshop\/?post_type=product&#038;p=30541"},"modified":"2026-01-28T20:56:22","modified_gmt":"2026-01-28T20:56:22","slug":"koriander-cilantro-xotica-bz-h","status":"publish","type":"product","link":"https:\/\/chilimag.hu\/webshop\/termek\/koriander-cilantro-xotica-bz-h\/","title":{"rendered":"Koriander  Xotica Bz H"},"content":{"rendered":"","protected":false},"excerpt":{"rendered":"<p><img decoding=\"async\" class=\"img-responsive\" title=\"Buzzy Seeds\" src=\"https:\/\/tuinplus.nl\/Documents\/Images\/Banners\/Buzzy_Roll_Over.jpg\" alt=\"Buzzy Seeds\" \/><\/p>\n<p>Botanikai n\u00e9v:<span id=\"column_2_uc_product_details_ctl04_lbl_ff_desc2\" class=\"value\">Coriandrum sativum<\/span><\/p>\n<p><span id=\"column_2_uc_product_details_ctl04_lbl_ff_desc2\" class=\"value\">Koriander &#8211; koriander<br \/>\nVesse sorokba \u00fcveg al\u00e1 m\u00e1rcius k\u00f6zep\u00e9t\u0151l okt\u00f3berig, vagy a szabadba \u00e1prilis k\u00f6zep\u00e9t\u0151l augusztusig. V\u00e9konyodj ki. A cs\u00edr\u00e1z\u00e1s k\u00f6r\u00fclbel\u00fcl 14 napig tart.<br \/>\nA gy\u00f3gyn\u00f6v\u00e9ny kiv\u00e1l\u00f3an alkalmas kelet- vagy d\u00e9l-amerikai \u00e9telekben, p\u00e9ld\u00e1ul sal\u00e1t\u00e1kban, csirkeh\u00fasokban, sz\u00f3szokban \u00e9s p\u00f6rk\u00f6ltekben.<\/span><\/p>\n<p>&nbsp;<\/p>\n<p>A csomag 10 gr magot tartalmaz<\/p>\n<p>&nbsp;<\/p>\n","protected":false},"featured_media":30542,"comment_status":"closed","ping_status":"closed","template":"","meta":[],"product_brand":[],"product_cat":[440],"product_tag":[],"class_list":{"0":"post-30541","1":"product","2":"type-product","3":"status-publish","4":"has-post-thumbnail","6":"product_cat-xotica-collection","8":"first","9":"instock","10":"taxable","11":"shipping-taxable","12":"purchasable","13":"product-type-simple"},"_links":{"self":[{"href":"https:\/\/chilimag.hu\/webshop\/wp-json\/wp\/v2\/product\/30541","targetHints":{"allow":["GET"]}}],"collection":[{"href":"https:\/\/chilimag.hu\/webshop\/wp-json\/wp\/v2\/product"}],"about":[{"href":"https:\/\/chilimag.hu\/webshop\/wp-json\/wp\/v2\/types\/product"}],"replies":[{"embeddable":true,"href":"https:\/\/chilimag.hu\/webshop\/wp-json\/wp\/v2\/comments?post=30541"}],"wp:featuredmedia":[{"embeddable":true,"href":"https:\/\/chilimag.hu\/webshop\/wp-json\/wp\/v2\/media\/30542"}],"wp:attachment":[{"href":"https:\/\/chilimag.hu\/webshop\/wp-json\/wp\/v2\/media?parent=30541"}],"wp:term":[{"taxonomy":"product_brand","embeddable":true,"href":"https:\/\/chilimag.hu\/webshop\/wp-json\/wp\/v2\/product_brand?post=30541"},{"taxonomy":"product_cat","embeddable":true,"href":"https:\/\/chilimag.hu\/webshop\/wp-json\/wp\/v2\/product_cat?post=30541"},{"taxonomy":"product_tag","embeddable":true,"href":"https:\/\/chilimag.hu\/webshop\/wp-json\/wp\/v2\/product_tag?post=30541"}],"curies":[{"name":"wp","href":"https:\/\/api.w.org\/{rel}","templated":true}]}}