{"id":30538,"date":"2024-02-28T13:10:40","date_gmt":"2024-02-28T13:10:40","guid":{"rendered":"https:\/\/chilimag.hu\/webshop\/?post_type=product&#038;p=30538"},"modified":"2026-03-11T19:45:29","modified_gmt":"2026-03-11T19:45:29","slug":"kinai-retek-red-impression-f1","status":"publish","type":"product","link":"https:\/\/chilimag.hu\/webshop\/termek\/kinai-retek-red-impression-f1\/","title":{"rendered":"K\u00ednai retek Red Impression F1 Xotica Bz H"},"content":{"rendered":"","protected":false},"excerpt":{"rendered":"<p><img decoding=\"async\" class=\"img-responsive\" title=\"Buzzy Seeds\" src=\"https:\/\/tuinplus.nl\/Documents\/Images\/Banners\/Buzzy_Roll_Over.jpg\" alt=\"Buzzy Seeds\" \/><\/p>\n<p>Botanikai n\u00e9v:<span id=\"column_2_uc_product_details_ctl04_lbl_ff_desc2\" class=\"value\">Raphanus sativus<\/span><\/p>\n<p><span id=\"column_2_uc_product_details_ctl04_lbl_ff_desc2\" class=\"value\">K\u00ednai retek &#8211; Red Impression F1<br \/>\nEzek a k\u00ednai retek k\u00edv\u00fcl feh\u00e9r\/vil\u00e1gosz\u00f6ldek, de bel\u00fcl l\u00e9d\u00fas r\u00f3zsasz\u00edn\u0171ek, enyhe borsos \u00edzzel \u00e9s ropog\u00f3s \u00e1llaggal. Ezek a nagy retek ak\u00e1r 7-9 cm-re is megn\u0151hetnek, \u00e9s t\u00f6k\u00e9letesek a sz\u00ednes sal\u00e1t\u00e1khoz.<br \/>\nVets\u00fck \u00fcveg al\u00e1 febru\u00e1r k\u00f6zep\u00e9t\u0151l m\u00e1rcius k\u00f6zep\u00e9ig vagy a szabadba m\u00e1rcius k\u00f6zep\u00e9t\u0151l augusztus k\u00f6zep\u00e9ig. Ne vess\u00fck t\u00fal s\u0171r\u0171re, mert a reteknek hely kell a megfelel\u0151 fejl\u0151d\u00e9shez.<\/span><\/p>\n<p>A csomag kb: 50 szem magot tartalmaz<\/p>\n<p>&nbsp;<\/p>\n","protected":false},"featured_media":30539,"comment_status":"closed","ping_status":"closed","template":"","meta":[],"product_brand":[],"product_cat":[440],"product_tag":[],"class_list":{"0":"post-30538","1":"product","2":"type-product","3":"status-publish","4":"has-post-thumbnail","6":"product_cat-xotica-collection","8":"first","9":"instock","10":"taxable","11":"shipping-taxable","12":"purchasable","13":"product-type-simple"},"_links":{"self":[{"href":"https:\/\/chilimag.hu\/webshop\/wp-json\/wp\/v2\/product\/30538","targetHints":{"allow":["GET"]}}],"collection":[{"href":"https:\/\/chilimag.hu\/webshop\/wp-json\/wp\/v2\/product"}],"about":[{"href":"https:\/\/chilimag.hu\/webshop\/wp-json\/wp\/v2\/types\/product"}],"replies":[{"embeddable":true,"href":"https:\/\/chilimag.hu\/webshop\/wp-json\/wp\/v2\/comments?post=30538"}],"wp:featuredmedia":[{"embeddable":true,"href":"https:\/\/chilimag.hu\/webshop\/wp-json\/wp\/v2\/media\/30539"}],"wp:attachment":[{"href":"https:\/\/chilimag.hu\/webshop\/wp-json\/wp\/v2\/media?parent=30538"}],"wp:term":[{"taxonomy":"product_brand","embeddable":true,"href":"https:\/\/chilimag.hu\/webshop\/wp-json\/wp\/v2\/product_brand?post=30538"},{"taxonomy":"product_cat","embeddable":true,"href":"https:\/\/chilimag.hu\/webshop\/wp-json\/wp\/v2\/product_cat?post=30538"},{"taxonomy":"product_tag","embeddable":true,"href":"https:\/\/chilimag.hu\/webshop\/wp-json\/wp\/v2\/product_tag?post=30538"}],"curies":[{"name":"wp","href":"https:\/\/api.w.org\/{rel}","templated":true}]}}