{"id":30511,"date":"2024-02-28T06:01:58","date_gmt":"2024-02-28T06:01:58","guid":{"rendered":"https:\/\/chilimag.hu\/webshop\/?post_type=product&#038;p=30511"},"modified":"2026-04-05T06:29:42","modified_gmt":"2026-04-05T06:29:42","slug":"vizi-spenot-xotica-bz-h","status":"publish","type":"product","link":"https:\/\/chilimag.hu\/webshop\/termek\/vizi-spenot-xotica-bz-h\/","title":{"rendered":"Vizi spen\u00f3t Xotica Bz H"},"content":{"rendered":"","protected":false},"excerpt":{"rendered":"<p><img fetchpriority=\"high\" decoding=\"async\" class=\"attachment-medium size-medium\" src=\"https:\/\/purchasingpowerplus.com\/wp-content\/uploads\/2021\/05\/Buzzy-Logo-300x239.jpg\" sizes=\"(max-width: 300px) 100vw, 300px\" srcset=\"https:\/\/purchasingpowerplus.com\/wp-content\/uploads\/2021\/05\/Buzzy-Logo-300x239.jpg 300w, https:\/\/purchasingpowerplus.com\/wp-content\/uploads\/2021\/05\/Buzzy-Logo-768x612.jpg 768w, https:\/\/purchasingpowerplus.com\/wp-content\/uploads\/2021\/05\/Buzzy-Logo-1024x816.jpg 1024w, https:\/\/purchasingpowerplus.com\/wp-content\/uploads\/2021\/05\/Buzzy-Logo.jpg 1500w\" alt=\"\" width=\"300\" height=\"239\" \/><\/p>\n<p>Botanikai n\u00e9v:<span id=\"column_2_uc_product_details_ctl04_lbl_ff_desc2\" class=\"value\">Ipomoea aquatica<\/span><\/p>\n<p>&nbsp;<\/p>\n<p>V\u00edzi spen\u00f3t<br \/>\nM\u00e1rciust\u00f3l j\u00falius v\u00e9g\u00e9ig vess\u00fck ny\u00edlt terepen. \u00dcltess\u00fck ki egym\u00e1st\u00f3l 25 cm-re, a sorok k\u00f6z\u00f6tt 20 cm-re. Betakar\u00edtsuk, amikor a n\u00f6v\u00e9ny 30 cm magas, k\u00f6zvetlen\u00fcl a talaj felett v\u00e1gva. Hagyja \u00fajra n\u0151ni a n\u00f6v\u00e9nyt, mert t\u00f6bbsz\u00f6r is betakar\u00edthat\u00f3. Tartsa j\u00f3l nedvesen.<br \/>\nA vizes spen\u00f3tot megf\u0151zheti vagy megpir\u00edthatja. \u00cdze a spen\u00f3tra eml\u00e9keztet, de intenz\u00edvebb \u00edz\u0171. A fiatal sz\u00e1rak is ehet\u0151k.<\/p>\n<p>&nbsp;<\/p>\n<p>A csomag 3 gr magot tartalmaz<\/p>\n<p>&nbsp;<\/p>\n","protected":false},"featured_media":30512,"comment_status":"closed","ping_status":"closed","template":"","meta":[],"product_brand":[],"product_cat":[440],"product_tag":[],"class_list":{"0":"post-30511","1":"product","2":"type-product","3":"status-publish","4":"has-post-thumbnail","6":"product_cat-xotica-collection","8":"first","9":"outofstock","10":"taxable","11":"shipping-taxable","12":"purchasable","13":"product-type-simple"},"_links":{"self":[{"href":"https:\/\/chilimag.hu\/webshop\/wp-json\/wp\/v2\/product\/30511","targetHints":{"allow":["GET"]}}],"collection":[{"href":"https:\/\/chilimag.hu\/webshop\/wp-json\/wp\/v2\/product"}],"about":[{"href":"https:\/\/chilimag.hu\/webshop\/wp-json\/wp\/v2\/types\/product"}],"replies":[{"embeddable":true,"href":"https:\/\/chilimag.hu\/webshop\/wp-json\/wp\/v2\/comments?post=30511"}],"wp:featuredmedia":[{"embeddable":true,"href":"https:\/\/chilimag.hu\/webshop\/wp-json\/wp\/v2\/media\/30512"}],"wp:attachment":[{"href":"https:\/\/chilimag.hu\/webshop\/wp-json\/wp\/v2\/media?parent=30511"}],"wp:term":[{"taxonomy":"product_brand","embeddable":true,"href":"https:\/\/chilimag.hu\/webshop\/wp-json\/wp\/v2\/product_brand?post=30511"},{"taxonomy":"product_cat","embeddable":true,"href":"https:\/\/chilimag.hu\/webshop\/wp-json\/wp\/v2\/product_cat?post=30511"},{"taxonomy":"product_tag","embeddable":true,"href":"https:\/\/chilimag.hu\/webshop\/wp-json\/wp\/v2\/product_tag?post=30511"}],"curies":[{"name":"wp","href":"https:\/\/api.w.org\/{rel}","templated":true}]}}