{"id":30508,"date":"2024-02-28T05:56:34","date_gmt":"2024-02-28T05:56:34","guid":{"rendered":"https:\/\/chilimag.hu\/webshop\/?post_type=product&#038;p=30508"},"modified":"2025-10-02T15:17:47","modified_gmt":"2025-10-02T15:17:47","slug":"kinai-spenot-xotica-bz-h","status":"publish","type":"product","link":"https:\/\/chilimag.hu\/webshop\/termek\/kinai-spenot-xotica-bz-h\/","title":{"rendered":"K\u00ednai spen\u00f3t Xotica Bz H"},"content":{"rendered":"","protected":false},"excerpt":{"rendered":"<p><img fetchpriority=\"high\" decoding=\"async\" class=\"attachment-medium size-medium\" src=\"https:\/\/purchasingpowerplus.com\/wp-content\/uploads\/2021\/05\/Buzzy-Logo-300x239.jpg\" sizes=\"(max-width: 300px) 100vw, 300px\" srcset=\"https:\/\/purchasingpowerplus.com\/wp-content\/uploads\/2021\/05\/Buzzy-Logo-300x239.jpg 300w, https:\/\/purchasingpowerplus.com\/wp-content\/uploads\/2021\/05\/Buzzy-Logo-768x612.jpg 768w, https:\/\/purchasingpowerplus.com\/wp-content\/uploads\/2021\/05\/Buzzy-Logo-1024x816.jpg 1024w, https:\/\/purchasingpowerplus.com\/wp-content\/uploads\/2021\/05\/Buzzy-Logo.jpg 1500w\" alt=\"\" width=\"300\" height=\"239\" \/><\/p>\n<p>Botanikai n\u00e9v:<span id=\"column_2_uc_product_details_ctl04_lbl_ff_desc2\" class=\"value\">Amaranthus dubius<\/span><\/p>\n<p>K\u00ednai spen\u00f3t<br \/>\nM\u00e1rciust\u00f3l j\u00falius v\u00e9g\u00e9ig vess\u00fck ny\u00edlt terepen. \u00dcltess\u00fck ki egym\u00e1st\u00f3l 25 cm-re, a sorok k\u00f6z\u00f6tt 5 cm-re. Betakar\u00edtsuk, amikor az amar\u00e1nt 25 cm magas, csak v\u00e1g\u00e1ssal<br \/>\na f\u00f6ld felett. Hagyja \u00fajra n\u0151ni a n\u00f6v\u00e9nyt, mert t\u00f6bbsz\u00f6r is betakar\u00edthat\u00f3. Az amar\u00e1nt megf\u0151zheti vagy megpir\u00edthatja. \u00cdze hasonl\u00edt a spen\u00f3tra, de egy kicsit<br \/>\nk\u00e9nyesebb. A fiatal sz\u00e1rak is ehet\u0151k.<\/p>\n<p>A csomag: 1,5 gr magot tartalmaz<\/p>\n<p>&nbsp;<\/p>\n<p>&nbsp;<\/p>\n","protected":false},"featured_media":30509,"comment_status":"closed","ping_status":"closed","template":"","meta":[],"product_brand":[],"product_cat":[440],"product_tag":[],"class_list":{"0":"post-30508","1":"product","2":"type-product","3":"status-publish","4":"has-post-thumbnail","6":"product_cat-xotica-collection","8":"first","9":"instock","10":"taxable","11":"shipping-taxable","12":"purchasable","13":"product-type-simple"},"_links":{"self":[{"href":"https:\/\/chilimag.hu\/webshop\/wp-json\/wp\/v2\/product\/30508","targetHints":{"allow":["GET"]}}],"collection":[{"href":"https:\/\/chilimag.hu\/webshop\/wp-json\/wp\/v2\/product"}],"about":[{"href":"https:\/\/chilimag.hu\/webshop\/wp-json\/wp\/v2\/types\/product"}],"replies":[{"embeddable":true,"href":"https:\/\/chilimag.hu\/webshop\/wp-json\/wp\/v2\/comments?post=30508"}],"wp:featuredmedia":[{"embeddable":true,"href":"https:\/\/chilimag.hu\/webshop\/wp-json\/wp\/v2\/media\/30509"}],"wp:attachment":[{"href":"https:\/\/chilimag.hu\/webshop\/wp-json\/wp\/v2\/media?parent=30508"}],"wp:term":[{"taxonomy":"product_brand","embeddable":true,"href":"https:\/\/chilimag.hu\/webshop\/wp-json\/wp\/v2\/product_brand?post=30508"},{"taxonomy":"product_cat","embeddable":true,"href":"https:\/\/chilimag.hu\/webshop\/wp-json\/wp\/v2\/product_cat?post=30508"},{"taxonomy":"product_tag","embeddable":true,"href":"https:\/\/chilimag.hu\/webshop\/wp-json\/wp\/v2\/product_tag?post=30508"}],"curies":[{"name":"wp","href":"https:\/\/api.w.org\/{rel}","templated":true}]}}