{"id":30486,"date":"2024-02-27T19:30:01","date_gmt":"2024-02-27T19:30:01","guid":{"rendered":"https:\/\/chilimag.hu\/webshop\/?post_type=product&#038;p=30486"},"modified":"2025-02-17T08:33:36","modified_gmt":"2025-02-17T08:33:36","slug":"medvekorom-bz-h","status":"publish","type":"product","link":"https:\/\/chilimag.hu\/webshop\/termek\/medvekorom-bz-h\/","title":{"rendered":"Medvek\u00f6r\u00f6m Bz H"},"content":{"rendered":"","protected":false},"excerpt":{"rendered":"<p><img fetchpriority=\"high\" decoding=\"async\" class=\"attachment-medium size-medium\" src=\"https:\/\/purchasingpowerplus.com\/wp-content\/uploads\/2021\/05\/Buzzy-Logo-300x239.jpg\" sizes=\"(max-width: 300px) 100vw, 300px\" srcset=\"https:\/\/purchasingpowerplus.com\/wp-content\/uploads\/2021\/05\/Buzzy-Logo-300x239.jpg 300w, https:\/\/purchasingpowerplus.com\/wp-content\/uploads\/2021\/05\/Buzzy-Logo-768x612.jpg 768w, https:\/\/purchasingpowerplus.com\/wp-content\/uploads\/2021\/05\/Buzzy-Logo-1024x816.jpg 1024w, https:\/\/purchasingpowerplus.com\/wp-content\/uploads\/2021\/05\/Buzzy-Logo.jpg 1500w\" alt=\"\" width=\"300\" height=\"239\" \/><\/p>\n<p>Botanikai n\u00e9v:<span id=\"column_2_uc_product_details_ctl04_lbl_ff_desc2\" class=\"value\">Acanthus molli<\/span><\/p>\n<p><span id=\"column_2_uc_product_details_ctl04_lbl_ff_desc2\" class=\"value\">Janu\u00e1rban belt\u00e9ri el\u0151vet\u00e9ssel, m\u00e1rciust\u00f3l sz\u00farjuk ki, kezdj\u00fck szobah\u0151m\u00e9rs\u00e9kleten. M\u00e1jus k\u00f6zep\u00e9t\u0151l j\u00fanius v\u00e9g\u00e9ig vess\u00fck el a szabadban mag\u00e1gyba, \u00e9s szeptembert\u0151l okt\u00f3berig \u00fcltess\u00fck \u00e1t. Nagy leveleinek \u00e9s t\u00fcsk\u00e9s vir\u00e1gainak k\u00f6sz\u00f6nhet\u0151en d\u00edszes, impoz\u00e1ns \u00e9vel\u0151, mely ny\u00e1ron r\u00f3zsasz\u00edn\/feh\u00e9r vir\u00e1gokkal \u00e9s lila fellevelekkel vir\u00e1gzik. A vir\u00e1gok \u0151sszel sok\u00e1ig dekorat\u00edvak maradnak. A t\u00fcsk\u00e9k v\u00e1gott vir\u00e1gk\u00e9nt vagy sz\u00e1r\u00edtott vir\u00e1gk\u00e9nt is nagyon sz\u00e9pek.<\/span><\/p>\n<p>A csomag 2 gr magot tartalmaz<\/p>\n<p>&nbsp;<\/p>\n","protected":false},"featured_media":30487,"comment_status":"closed","ping_status":"closed","template":"","meta":[],"product_brand":[],"product_cat":[439],"product_tag":[],"class_list":{"0":"post-30486","1":"product","2":"type-product","3":"status-publish","4":"has-post-thumbnail","6":"product_cat-buzzy","8":"first","9":"instock","10":"taxable","11":"shipping-taxable","12":"purchasable","13":"product-type-simple"},"_links":{"self":[{"href":"https:\/\/chilimag.hu\/webshop\/wp-json\/wp\/v2\/product\/30486","targetHints":{"allow":["GET"]}}],"collection":[{"href":"https:\/\/chilimag.hu\/webshop\/wp-json\/wp\/v2\/product"}],"about":[{"href":"https:\/\/chilimag.hu\/webshop\/wp-json\/wp\/v2\/types\/product"}],"replies":[{"embeddable":true,"href":"https:\/\/chilimag.hu\/webshop\/wp-json\/wp\/v2\/comments?post=30486"}],"wp:featuredmedia":[{"embeddable":true,"href":"https:\/\/chilimag.hu\/webshop\/wp-json\/wp\/v2\/media\/30487"}],"wp:attachment":[{"href":"https:\/\/chilimag.hu\/webshop\/wp-json\/wp\/v2\/media?parent=30486"}],"wp:term":[{"taxonomy":"product_brand","embeddable":true,"href":"https:\/\/chilimag.hu\/webshop\/wp-json\/wp\/v2\/product_brand?post=30486"},{"taxonomy":"product_cat","embeddable":true,"href":"https:\/\/chilimag.hu\/webshop\/wp-json\/wp\/v2\/product_cat?post=30486"},{"taxonomy":"product_tag","embeddable":true,"href":"https:\/\/chilimag.hu\/webshop\/wp-json\/wp\/v2\/product_tag?post=30486"}],"curies":[{"name":"wp","href":"https:\/\/api.w.org\/{rel}","templated":true}]}}