{"id":30474,"date":"2024-02-27T19:10:14","date_gmt":"2024-02-27T19:10:14","guid":{"rendered":"https:\/\/chilimag.hu\/webshop\/?post_type=product&#038;p=30474"},"modified":"2026-03-31T22:31:41","modified_gmt":"2026-03-31T22:31:41","slug":"paradicsom-gourmandise-cherry-bz-h","status":"publish","type":"product","link":"https:\/\/chilimag.hu\/webshop\/termek\/paradicsom-gourmandise-cherry-bz-h\/","title":{"rendered":"Paradicsom Gourmandise cherry Bz H"},"content":{"rendered":"","protected":false},"excerpt":{"rendered":"<p><img fetchpriority=\"high\" decoding=\"async\" class=\"attachment-medium size-medium\" src=\"https:\/\/purchasingpowerplus.com\/wp-content\/uploads\/2021\/05\/Buzzy-Logo-300x239.jpg\" sizes=\"(max-width: 300px) 100vw, 300px\" srcset=\"https:\/\/purchasingpowerplus.com\/wp-content\/uploads\/2021\/05\/Buzzy-Logo-300x239.jpg 300w, https:\/\/purchasingpowerplus.com\/wp-content\/uploads\/2021\/05\/Buzzy-Logo-768x612.jpg 768w, https:\/\/purchasingpowerplus.com\/wp-content\/uploads\/2021\/05\/Buzzy-Logo-1024x816.jpg 1024w, https:\/\/purchasingpowerplus.com\/wp-content\/uploads\/2021\/05\/Buzzy-Logo.jpg 1500w\" alt=\"\" width=\"300\" height=\"239\" \/><\/p>\n<p>Botanikai n\u00e9v: Solanum Lycopersicum<\/p>\n<p>T\u00f6rpe kokt\u00e9lparadicsom &#8211; Gourmandise Yellow<br \/>\nKora tavasszal v\u00e9dett mag\u00e1gyban 20\u00b0C-on vagy k\u00e9s\u0151bb szabadban, keretben; sz\u00farja ki<br \/>\negyszer \u00e9s \u00fcltesse ki cser\u00e9pbe \u00fcveg al\u00e1. Mind\u00f6ssze 30 cm magasra n\u0151, \u00e9s egy<br \/>\nrengeteg apr\u00f3 \u00e9s \u00e9des l\u00e9d\u00fas paradicsom.<\/p>\n<p>A csomag 10 szem magot tartalmaz<\/p>\n<p>&nbsp;<\/p>\n","protected":false},"featured_media":30475,"comment_status":"closed","ping_status":"closed","template":"","meta":[],"product_brand":[],"product_cat":[439],"product_tag":[],"class_list":{"0":"post-30474","1":"product","2":"type-product","3":"status-publish","4":"has-post-thumbnail","6":"product_cat-buzzy","8":"first","9":"instock","10":"taxable","11":"shipping-taxable","12":"purchasable","13":"product-type-simple"},"_links":{"self":[{"href":"https:\/\/chilimag.hu\/webshop\/wp-json\/wp\/v2\/product\/30474","targetHints":{"allow":["GET"]}}],"collection":[{"href":"https:\/\/chilimag.hu\/webshop\/wp-json\/wp\/v2\/product"}],"about":[{"href":"https:\/\/chilimag.hu\/webshop\/wp-json\/wp\/v2\/types\/product"}],"replies":[{"embeddable":true,"href":"https:\/\/chilimag.hu\/webshop\/wp-json\/wp\/v2\/comments?post=30474"}],"wp:featuredmedia":[{"embeddable":true,"href":"https:\/\/chilimag.hu\/webshop\/wp-json\/wp\/v2\/media\/30475"}],"wp:attachment":[{"href":"https:\/\/chilimag.hu\/webshop\/wp-json\/wp\/v2\/media?parent=30474"}],"wp:term":[{"taxonomy":"product_brand","embeddable":true,"href":"https:\/\/chilimag.hu\/webshop\/wp-json\/wp\/v2\/product_brand?post=30474"},{"taxonomy":"product_cat","embeddable":true,"href":"https:\/\/chilimag.hu\/webshop\/wp-json\/wp\/v2\/product_cat?post=30474"},{"taxonomy":"product_tag","embeddable":true,"href":"https:\/\/chilimag.hu\/webshop\/wp-json\/wp\/v2\/product_tag?post=30474"}],"curies":[{"name":"wp","href":"https:\/\/api.w.org\/{rel}","templated":true}]}}