{"id":30382,"date":"2024-02-23T19:07:18","date_gmt":"2024-02-23T19:07:18","guid":{"rendered":"https:\/\/chilimag.hu\/webshop\/?post_type=product&#038;p=30382"},"modified":"2024-02-23T19:07:19","modified_gmt":"2024-02-23T19:07:19","slug":"tojastarto-allvany-ch011","status":"publish","type":"product","link":"https:\/\/chilimag.hu\/webshop\/termek\/tojastarto-allvany-ch011\/","title":{"rendered":"Toj\u00e1start\u00f3 \u00e1llv\u00e1ny (CH011)"},"content":{"rendered":"","protected":false},"excerpt":{"rendered":"<p>\u00d6nt\u00f6ttvas, k\u00e9tszintes toj\u00e1start\u00f3 \u00e1llv\u00e1ny. 10 db toj\u00e1s t\u00e1rol\u00e1s\u00e1ra alkalmas.<\/p>\n<p>M\u00e9rete: magass\u00e1g: 26,5 cm, \u00e1tm\u00e9r\u0151 : 25 cm<\/p>\n","protected":false},"featured_media":30383,"comment_status":"closed","ping_status":"closed","template":"","meta":[],"product_brand":[],"product_cat":[342],"product_tag":[],"class_list":{"0":"post-30382","1":"product","2":"type-product","3":"status-publish","4":"has-post-thumbnail","6":"product_cat-egyeb-kerti-termekek","8":"first","9":"instock","10":"taxable","11":"shipping-taxable","12":"purchasable","13":"product-type-simple"},"_links":{"self":[{"href":"https:\/\/chilimag.hu\/webshop\/wp-json\/wp\/v2\/product\/30382","targetHints":{"allow":["GET"]}}],"collection":[{"href":"https:\/\/chilimag.hu\/webshop\/wp-json\/wp\/v2\/product"}],"about":[{"href":"https:\/\/chilimag.hu\/webshop\/wp-json\/wp\/v2\/types\/product"}],"replies":[{"embeddable":true,"href":"https:\/\/chilimag.hu\/webshop\/wp-json\/wp\/v2\/comments?post=30382"}],"wp:featuredmedia":[{"embeddable":true,"href":"https:\/\/chilimag.hu\/webshop\/wp-json\/wp\/v2\/media\/30383"}],"wp:attachment":[{"href":"https:\/\/chilimag.hu\/webshop\/wp-json\/wp\/v2\/media?parent=30382"}],"wp:term":[{"taxonomy":"product_brand","embeddable":true,"href":"https:\/\/chilimag.hu\/webshop\/wp-json\/wp\/v2\/product_brand?post=30382"},{"taxonomy":"product_cat","embeddable":true,"href":"https:\/\/chilimag.hu\/webshop\/wp-json\/wp\/v2\/product_cat?post=30382"},{"taxonomy":"product_tag","embeddable":true,"href":"https:\/\/chilimag.hu\/webshop\/wp-json\/wp\/v2\/product_tag?post=30382"}],"curies":[{"name":"wp","href":"https:\/\/api.w.org\/{rel}","templated":true}]}}