{"id":30380,"date":"2024-02-23T19:04:59","date_gmt":"2024-02-23T19:04:59","guid":{"rendered":"https:\/\/chilimag.hu\/webshop\/?post_type=product&#038;p=30380"},"modified":"2024-02-23T19:04:59","modified_gmt":"2024-02-23T19:04:59","slug":"tojastarto-allvany-ch010","status":"publish","type":"product","link":"https:\/\/chilimag.hu\/webshop\/termek\/tojastarto-allvany-ch010\/","title":{"rendered":"Toj\u00e1start\u00f3 \u00e1llv\u00e1ny (CH010)"},"content":{"rendered":"","protected":false},"excerpt":{"rendered":"<p>Spir\u00e1lszerkezet\u0171, f\u00e9m toj\u00e1start\u00f3 \u00e1llv\u00e1ny.<\/p>\n<p>M\u00e9rete: magass\u00e1g: 23 cm, \u00e1tm\u00e9r\u0151: 18 cm<\/p>\n","protected":false},"featured_media":30381,"comment_status":"closed","ping_status":"closed","template":"","meta":[],"product_brand":[],"product_cat":[342],"product_tag":[],"class_list":{"0":"post-30380","1":"product","2":"type-product","3":"status-publish","4":"has-post-thumbnail","6":"product_cat-egyeb-kerti-termekek","8":"first","9":"instock","10":"taxable","11":"shipping-taxable","12":"purchasable","13":"product-type-simple"},"_links":{"self":[{"href":"https:\/\/chilimag.hu\/webshop\/wp-json\/wp\/v2\/product\/30380","targetHints":{"allow":["GET"]}}],"collection":[{"href":"https:\/\/chilimag.hu\/webshop\/wp-json\/wp\/v2\/product"}],"about":[{"href":"https:\/\/chilimag.hu\/webshop\/wp-json\/wp\/v2\/types\/product"}],"replies":[{"embeddable":true,"href":"https:\/\/chilimag.hu\/webshop\/wp-json\/wp\/v2\/comments?post=30380"}],"wp:featuredmedia":[{"embeddable":true,"href":"https:\/\/chilimag.hu\/webshop\/wp-json\/wp\/v2\/media\/30381"}],"wp:attachment":[{"href":"https:\/\/chilimag.hu\/webshop\/wp-json\/wp\/v2\/media?parent=30380"}],"wp:term":[{"taxonomy":"product_brand","embeddable":true,"href":"https:\/\/chilimag.hu\/webshop\/wp-json\/wp\/v2\/product_brand?post=30380"},{"taxonomy":"product_cat","embeddable":true,"href":"https:\/\/chilimag.hu\/webshop\/wp-json\/wp\/v2\/product_cat?post=30380"},{"taxonomy":"product_tag","embeddable":true,"href":"https:\/\/chilimag.hu\/webshop\/wp-json\/wp\/v2\/product_tag?post=30380"}],"curies":[{"name":"wp","href":"https:\/\/api.w.org\/{rel}","templated":true}]}}